{"id":3319,"date":"2015-10-27T09:49:58","date_gmt":"2015-10-27T09:49:58","guid":{"rendered":"http:\/\/fabula.conform.it\/es\/la-asociacion\/istituto-suor-orsola-benincasa\/"},"modified":"2016-01-15T12:23:26","modified_gmt":"2016-01-15T12:23:26","slug":"istituto-suor-orsola-benincasa","status":"publish","type":"page","link":"https:\/\/fabula.conform.it\/es\/la-asociacion\/istituto-suor-orsola-benincasa\/","title":{"rendered":"Istituto Suor Orsola Benincasa"},"content":{"rendered":"<section class=\"wpb-content-wrapper\"> [vc_row][vc_column]<div class=\"columnsWrap sc_columns sc_columns_count_2\"><div class=\"columns1_2 sc_column_item sc_column_item_1 odd first\" style=\"text-align:center;;\">[vc_empty_space height=\u00bb40px\u00bb]<figure class=\"sc_image  sc_image_shape_square\" style=\"width:90%;\"><img src=\"https:\/\/fabula.conform.it\/wp-content\/uploads\/2015\/10\/sob-logo.jpg\" alt=\"\" \/><\/figure><\/div><div class=\"columns1_2 sc_column_item sc_column_item_2 even\"><h1 class=\"sc_title sc_title_regular\" style=\"text-align:left;\">Istituto Suor Orsola Benincasa<\/h1>[vc_column_text] <p class=\"p1\" style=\"text-align: justify;\">El Instituto Suor Orsola Benincasa es el heredero de una tradici\u00f3n educativa centenaria.<br \/>\nLas Escuelas del Instituto proporcionan un programa formativo que abarca el ciclo completo de estudios. Su plan de trabajo se basa no s\u00f3lo en un desarrollo transversal del estudiante, sino tambi\u00e9n vertical, y esto permite, a trav\u00e9s de la investigaci\u00f3n y el intercambio de experiencias y conocimiento, planificar e implantar m\u00e9todos de aprendizaje e instrucci\u00f3n actualizados que atienden a los cambios continuos de los procesos cognitivos y de aprendizaje. [\/vc_column_text]<\/div><\/div>[vc_empty_space height=\u00bb80px\u00bb][\/vc_column][\/vc_row][vc_row full_width=\u00bbstretch_row_content\u00bb css=\u00bb.vc_custom_1445941729233{background-image: url(http:\/\/fabula.conform.it\/wp-content\/uploads\/2015\/10\/pattern_7.png?id=2663) !important;background-position: 0 0 !important;background-repeat: repeat !important;}\u00bb][vc_column][vc_empty_space height=\u00bb80px\u00bb][vc_column_text] <pre><div class=\"sc_title_icon sc_title_top sc_size_medium icon-desktop\"><\/div><h4 class=\"sc_title sc_title_iconed\" style=\"text-align:center;\"><a href=\"http:\/\/www.scuolesob.it\/\" target=\"_blank\">Pagina Web<\/a><\/h4><\/pre> [\/vc_column_text][vc_empty_space height=\u00bb80px\u00bb][\/vc_column][\/vc_row] <\/section>","protected":false},"excerpt":{"rendered":" [vc_row][vc_column][vc_empty_space height=\u00bb80px\u00bb][\/vc_column][\/vc_row][vc_row full_width=\u00bbstretch_row_content\u00bb css=\u00bb.vc_custom_1445941729233{background-image: url(http:\/\/fabula.conform.it\/wp-content\/uploads\/2015\/10\/pattern_7.png?id=2663) !important;background-position: 0 0 !important;background-repeat: repeat !important;}\u00bb][vc_column][vc_empty_space height=\u00bb80px\u00bb][vc_column_text] [\/vc_column_text][vc_empty_space height=\u00bb80px\u00bb][\/vc_column][\/vc_row] ","protected":false},"author":24,"featured_media":0,"parent":3311,"menu_order":0,"comment_status":"open","ping_status":"closed","template":"","meta":[],"_links":{"self":[{"href":"https:\/\/fabula.conform.it\/es\/wp-json\/wp\/v2\/pages\/3319"}],"collection":[{"href":"https:\/\/fabula.conform.it\/es\/wp-json\/wp\/v2\/pages"}],"about":[{"href":"https:\/\/fabula.conform.it\/es\/wp-json\/wp\/v2\/types\/page"}],"author":[{"embeddable":true,"href":"https:\/\/fabula.conform.it\/es\/wp-json\/wp\/v2\/users\/24"}],"replies":[{"embeddable":true,"href":"https:\/\/fabula.conform.it\/es\/wp-json\/wp\/v2\/comments?post=3319"}],"version-history":[{"count":2,"href":"https:\/\/fabula.conform.it\/es\/wp-json\/wp\/v2\/pages\/3319\/revisions"}],"predecessor-version":[{"id":3321,"href":"https:\/\/fabula.conform.it\/es\/wp-json\/wp\/v2\/pages\/3319\/revisions\/3321"}],"up":[{"embeddable":true,"href":"https:\/\/fabula.conform.it\/es\/wp-json\/wp\/v2\/pages\/3311"}],"wp:attachment":[{"href":"https:\/\/fabula.conform.it\/es\/wp-json\/wp\/v2\/media?parent=3319"}],"curies":[{"name":"wp","href":"https:\/\/api.w.org\/{rel}","templated":true}]}}