{"id":3333,"date":"2015-10-27T12:32:36","date_gmt":"2015-10-27T12:32:36","guid":{"rendered":"http:\/\/fabula.conform.it\/es\/la-asociacion\/yeni\/"},"modified":"2016-01-15T13:00:30","modified_gmt":"2016-01-15T13:00:30","slug":"yeni","status":"publish","type":"page","link":"https:\/\/fabula.conform.it\/es\/la-asociacion\/yeni\/","title":{"rendered":"Young Enterprise Northern Ireland Ltd"},"content":{"rendered":"<section class=\"wpb-content-wrapper\"> [vc_row][vc_column]<div class=\"columnsWrap sc_columns sc_columns_count_2\"><div class=\"columns1_2 sc_column_item sc_column_item_1 odd first\" style=\"text-align:center;;\">[vc_empty_space height=\u00bb40px\u00bb]<figure class=\"sc_image  sc_image_shape_square logo-partner\" style=\"width:70%;\"><img src=\"https:\/\/fabula.conform.it\/wp-content\/uploads\/2015\/10\/YE-NIlogo.jpg\" alt=\"\" \/><\/figure><\/div><div class=\"columns1_2 sc_column_item sc_column_item_2 even\"><h1 class=\"sc_title sc_title_regular\" style=\"text-align:left;\">Young Enterprise Northern Ireland Ltd<\/h1>[vc_column_text] <p style=\"text-align: justify;\">Young Entreprise es una asociaci\u00f3n sin \u00e1nimo de lucro que desarrolla habilidades y aspiraciones de ni\u00f1os y j\u00f3venes de 4 a 25 a\u00f1os de cara a preparlos para la nueva econom\u00eda. Young Entreprise desarrolla las habilidades de los j\u00f3venes para prepararlos para su vida personal y profesional cuando abandonen su periodo educativo. A trav\u00e9s de sus programas, los estudiantes de m\u00e1s de 10 a\u00f1os de edad establecen sus propios negocios, incluyendo la venta de productos en Ferias locales. La metodolog\u00eda aplicada ha sido reconocida por EU research como el mejor pr\u00e1ctica orientada al desarrollo de habilidades emprendedoras en j\u00f3venes. [\/vc_column_text][vc_video link=\u00bbhttps:\/\/www.youtube.com\/watch?v=-ugyKhOcFpQ\u00bb]<\/div><\/div>[vc_empty_space height=\u00bb80px\u00bb][vc_row_inner][vc_column_inner width=\u00bb1\/4&#8243;][\/vc_column_inner][vc_column_inner width=\u00bb1\/2&#8243;][\/vc_column_inner][vc_column_inner width=\u00bb1\/4&#8243;][\/vc_column_inner][\/vc_row_inner][\/vc_column][\/vc_row][vc_row full_width=\u00bbstretch_row_content\u00bb css=\u00bb.vc_custom_1445941729233{background-image: url(http:\/\/fabula.conform.it\/wp-content\/uploads\/2015\/10\/pattern_7.png?id=2663) !important;background-position: 0 0 !important;background-repeat: repeat !important;}\u00bb][vc_column][vc_empty_space height=\u00bb80px\u00bb][vc_column_text] <pre><div class=\"sc_title_icon sc_title_top sc_size_medium icon-desktop\"><\/div><h4 class=\"sc_title sc_title_iconed\" style=\"text-align:center;\"><a href=\"http:\/\/www.yeni.co.uk\/\" target=\"_blank\">Pagina Web<\/a><\/h4><\/pre> [\/vc_column_text][vc_empty_space height=\u00bb80px\u00bb][\/vc_column][\/vc_row] <\/section>","protected":false},"excerpt":{"rendered":" [vc_row][vc_column][vc_empty_space height=\u00bb80px\u00bb][vc_row_inner][vc_column_inner width=\u00bb1\/4&#8243;][\/vc_column_inner][vc_column_inner width=\u00bb1\/2&#8243;][\/vc_column_inner][vc_column_inner width=\u00bb1\/4&#8243;][\/vc_column_inner][\/vc_row_inner][\/vc_column][\/vc_row][vc_row full_width=\u00bbstretch_row_content\u00bb css=\u00bb.vc_custom_1445941729233{background-image: url(http:\/\/fabula.conform.it\/wp-content\/uploads\/2015\/10\/pattern_7.png?id=2663) !important;background-position: 0 0 !important;background-repeat: repeat !important;}\u00bb][vc_column][vc_empty_space height=\u00bb80px\u00bb][vc_column_text] [\/vc_column_text][vc_empty_space height=\u00bb80px\u00bb][\/vc_column][\/vc_row] ","protected":false},"author":24,"featured_media":0,"parent":3311,"menu_order":0,"comment_status":"open","ping_status":"closed","template":"","meta":[],"_links":{"self":[{"href":"https:\/\/fabula.conform.it\/es\/wp-json\/wp\/v2\/pages\/3333"}],"collection":[{"href":"https:\/\/fabula.conform.it\/es\/wp-json\/wp\/v2\/pages"}],"about":[{"href":"https:\/\/fabula.conform.it\/es\/wp-json\/wp\/v2\/types\/page"}],"author":[{"embeddable":true,"href":"https:\/\/fabula.conform.it\/es\/wp-json\/wp\/v2\/users\/24"}],"replies":[{"embeddable":true,"href":"https:\/\/fabula.conform.it\/es\/wp-json\/wp\/v2\/comments?post=3333"}],"version-history":[{"count":2,"href":"https:\/\/fabula.conform.it\/es\/wp-json\/wp\/v2\/pages\/3333\/revisions"}],"predecessor-version":[{"id":3335,"href":"https:\/\/fabula.conform.it\/es\/wp-json\/wp\/v2\/pages\/3333\/revisions\/3335"}],"up":[{"embeddable":true,"href":"https:\/\/fabula.conform.it\/es\/wp-json\/wp\/v2\/pages\/3311"}],"wp:attachment":[{"href":"https:\/\/fabula.conform.it\/es\/wp-json\/wp\/v2\/media?parent=3333"}],"curies":[{"name":"wp","href":"https:\/\/api.w.org\/{rel}","templated":true}]}}