{"id":3345,"date":"2015-10-27T12:55:06","date_gmt":"2015-10-27T12:55:06","guid":{"rendered":"http:\/\/fabula.conform.it\/es\/la-asociacion\/ccea\/"},"modified":"2016-01-15T14:46:04","modified_gmt":"2016-01-15T14:46:04","slug":"ccea","status":"publish","type":"page","link":"https:\/\/fabula.conform.it\/es\/la-asociacion\/ccea\/","title":{"rendered":"CCEA"},"content":{"rendered":"<section class=\"wpb-content-wrapper\"> [vc_row][vc_column]<div class=\"columnsWrap sc_columns sc_columns_count_2\"><div class=\"columns1_2 sc_column_item sc_column_item_1 odd first\" style=\"text-align:center;;\">[vc_empty_space height=\u00bb40px\u00bb][vc_empty_space height=\u00bb40px\u00bb]<figure class=\"sc_image  sc_image_shape_square logo-partner\" style=\"width:100%;\"><img src=\"https:\/\/fabula.conform.it\/wp-content\/uploads\/2015\/10\/ccealogocolour.jpg\" alt=\"\" \/><\/figure><\/div><div class=\"columns1_2 sc_column_item sc_column_item_2 even\">[vc_empty_space height=\u00bb40px\u00bb]<h1 class=\"sc_title sc_title_regular\" style=\"text-align:left;\">CCEA<br \/>\n<span style=\"font-size: 20px; line-height: 14px; padding: 0;\">Northern Ireland council for the Curriculum Examinations and Assessment<\/span><\/h1>[vc_column_text] <p style=\"text-align: justify;\">CCEA es el Consejo para Curr\u00edculo, Ex\u00e1menes y Evaluaci\u00f3n de Irlanda del Norte. CCEA sit\u00faa a los estudiantes y a aquellas personas que tienen inter\u00e9s es su desarrollo personal y educativo en el punto central de su estrategia. La misi\u00f3n de CCEA es \u201chacer posible que todo el potencial de los estudiantes sea conseguido y reconocido\u201d.<br \/>\nCCEA es una instituci\u00f3n \u00fanica en el Reino Unido, que agrupa tres \u00e1reas de curr\u00edculo, ex\u00e1menes y evaluaci\u00f3n:<br \/>\na) Asesor\u00eda al Gobierno \u2013 sobre qu\u00e9 debe ser ense\u00f1ado en las escuelas e institutos de Irlanda del Norte<br \/>\nb) Est\u00e1ndares de Control \u2013 asegurando que las cualificaciones y ex\u00e1menes ofrecidos por los centros en Irlanda del Norte tienen una calidad adecuada<br \/>\nc) Reconocimiento de Cualificaciones \u2013 como centro l\u00edder de certificaci\u00f3n en Irlanda del Norte, ofrecemos un amplio rango de cualificaciones [\/vc_column_text]<\/div><\/div>[vc_empty_space height=\u00bb80px\u00bb][\/vc_column][\/vc_row][vc_row full_width=\u00bbstretch_row_content\u00bb css=\u00bb.vc_custom_1445941729233{background-image: url(http:\/\/fabula.conform.it\/wp-content\/uploads\/2015\/10\/pattern_7.png?id=2663) !important;background-position: 0 0 !important;background-repeat: repeat !important;}\u00bb][vc_column][vc_empty_space height=\u00bb80px\u00bb][vc_column_text] <pre><div class=\"sc_title_icon sc_title_top sc_size_medium icon-desktop\"><\/div><h4 class=\"sc_title sc_title_iconed\" style=\"text-align:center;\"><a href=\"http:\/\/ccea.org.uk\/\" target=\"_blank\">Pagina Web<\/a><\/h4><\/pre> [\/vc_column_text][vc_empty_space height=\u00bb80px\u00bb][\/vc_column][\/vc_row] <\/section>","protected":false},"excerpt":{"rendered":" [vc_row][vc_column][vc_empty_space height=\u00bb80px\u00bb][\/vc_column][\/vc_row][vc_row full_width=\u00bbstretch_row_content\u00bb css=\u00bb.vc_custom_1445941729233{background-image: url(http:\/\/fabula.conform.it\/wp-content\/uploads\/2015\/10\/pattern_7.png?id=2663) !important;background-position: 0 0 !important;background-repeat: repeat !important;}\u00bb][vc_column][vc_empty_space height=\u00bb80px\u00bb][vc_column_text] [\/vc_column_text][vc_empty_space height=\u00bb80px\u00bb][\/vc_column][\/vc_row] ","protected":false},"author":24,"featured_media":0,"parent":3311,"menu_order":0,"comment_status":"open","ping_status":"closed","template":"","meta":[],"_links":{"self":[{"href":"https:\/\/fabula.conform.it\/es\/wp-json\/wp\/v2\/pages\/3345"}],"collection":[{"href":"https:\/\/fabula.conform.it\/es\/wp-json\/wp\/v2\/pages"}],"about":[{"href":"https:\/\/fabula.conform.it\/es\/wp-json\/wp\/v2\/types\/page"}],"author":[{"embeddable":true,"href":"https:\/\/fabula.conform.it\/es\/wp-json\/wp\/v2\/users\/24"}],"replies":[{"embeddable":true,"href":"https:\/\/fabula.conform.it\/es\/wp-json\/wp\/v2\/comments?post=3345"}],"version-history":[{"count":2,"href":"https:\/\/fabula.conform.it\/es\/wp-json\/wp\/v2\/pages\/3345\/revisions"}],"predecessor-version":[{"id":3347,"href":"https:\/\/fabula.conform.it\/es\/wp-json\/wp\/v2\/pages\/3345\/revisions\/3347"}],"up":[{"embeddable":true,"href":"https:\/\/fabula.conform.it\/es\/wp-json\/wp\/v2\/pages\/3311"}],"wp:attachment":[{"href":"https:\/\/fabula.conform.it\/es\/wp-json\/wp\/v2\/media?parent=3345"}],"curies":[{"name":"wp","href":"https:\/\/api.w.org\/{rel}","templated":true}]}}