{"id":3360,"date":"2015-10-27T16:32:41","date_gmt":"2015-10-27T16:32:41","guid":{"rendered":"http:\/\/fabula.conform.it\/es\/la-asociacion\/drfevzi\/"},"modified":"2016-01-21T12:47:56","modified_gmt":"2016-01-21T12:47:56","slug":"drfevzi","status":"publish","type":"page","link":"https:\/\/fabula.conform.it\/es\/la-asociacion\/drfevzi\/","title":{"rendered":"DR. Fevzi M\u00fcr\u00fcvet U\u011furo\u011flu Secondary  school"},"content":{"rendered":"<section class=\"wpb-content-wrapper\"> [vc_row][vc_column]<div class=\"columnsWrap sc_columns sc_columns_count_2\"><div class=\"columns1_2 sc_column_item sc_column_item_1 odd first\" style=\"text-align:center;;\">[vc_empty_space height=\u00bb40px\u00bb]<figure class=\"sc_image  sc_image_shape_square logo-partner\" style=\"width:100%;\"><img src=\"https:\/\/fabula.conform.it\/wp-content\/uploads\/2015\/10\/logo-dr-turkey-big.jpg\" alt=\"\" \/><\/figure><\/div><div class=\"columns1_2 sc_column_item sc_column_item_2 even\">[vc_empty_space height=\u00bb40px\u00bb]<h1 class=\"sc_title sc_title_regular\" style=\"text-align:left;\">DR. Fevzi M\u00fcr\u00fcvet U\u011furo\u011flu Secondary \u00a0school<\/h1>[vc_column_text] <p style=\"text-align: justify;\">La escuela DR. Fevzi M\u00fcr\u00fcvet U\u011furo\u011flu inici\u00f3 sus actividades educativas en 1997. Es una escuela p\u00fablica de ense\u00f1anza secundaria, situada en el area urbana del distrito de Mimar Sinan. En 2008 se fusion\u00f3 con la escuela primaria DR. Fevzi M\u00fcr\u00fcvet U\u011furo\u011flu que hab\u00eda iniciado su actividad en 1992. [\/vc_column_text]<\/div><\/div>[vc_empty_space height=\u00bb80px\u00bb][\/vc_column][\/vc_row][vc_row full_width=\u00bbstretch_row_content\u00bb css=\u00bb.vc_custom_1445941729233{background-image: url(http:\/\/fabula.conform.it\/wp-content\/uploads\/2015\/10\/pattern_7.png?id=2663) !important;background-position: 0 0 !important;background-repeat: repeat !important;}\u00bb][vc_column][vc_empty_space height=\u00bb80px\u00bb][vc_column_text] <pre><div class=\"sc_title_icon sc_title_top sc_size_medium icon-desktop\"><\/div><h4 class=\"sc_title sc_title_iconed\" style=\"text-align:center;\"><a href=\"http:\/\/drfevzi.meb.k12.tr\/tema\/\" target=\"_blank\">Pagina Web<\/a><\/h4><\/pre> [\/vc_column_text][vc_empty_space height=\u00bb80px\u00bb][\/vc_column][\/vc_row] <\/section>","protected":false},"excerpt":{"rendered":" [vc_row][vc_column][vc_empty_space height=\u00bb80px\u00bb][\/vc_column][\/vc_row][vc_row full_width=\u00bbstretch_row_content\u00bb css=\u00bb.vc_custom_1445941729233{background-image: url(http:\/\/fabula.conform.it\/wp-content\/uploads\/2015\/10\/pattern_7.png?id=2663) !important;background-position: 0 0 !important;background-repeat: repeat !important;}\u00bb][vc_column][vc_empty_space height=\u00bb80px\u00bb][vc_column_text] [\/vc_column_text][vc_empty_space height=\u00bb80px\u00bb][\/vc_column][\/vc_row] ","protected":false},"author":24,"featured_media":0,"parent":3311,"menu_order":0,"comment_status":"open","ping_status":"closed","template":"","meta":[],"_links":{"self":[{"href":"https:\/\/fabula.conform.it\/es\/wp-json\/wp\/v2\/pages\/3360"}],"collection":[{"href":"https:\/\/fabula.conform.it\/es\/wp-json\/wp\/v2\/pages"}],"about":[{"href":"https:\/\/fabula.conform.it\/es\/wp-json\/wp\/v2\/types\/page"}],"author":[{"embeddable":true,"href":"https:\/\/fabula.conform.it\/es\/wp-json\/wp\/v2\/users\/24"}],"replies":[{"embeddable":true,"href":"https:\/\/fabula.conform.it\/es\/wp-json\/wp\/v2\/comments?post=3360"}],"version-history":[{"count":2,"href":"https:\/\/fabula.conform.it\/es\/wp-json\/wp\/v2\/pages\/3360\/revisions"}],"predecessor-version":[{"id":3422,"href":"https:\/\/fabula.conform.it\/es\/wp-json\/wp\/v2\/pages\/3360\/revisions\/3422"}],"up":[{"embeddable":true,"href":"https:\/\/fabula.conform.it\/es\/wp-json\/wp\/v2\/pages\/3311"}],"wp:attachment":[{"href":"https:\/\/fabula.conform.it\/es\/wp-json\/wp\/v2\/media?parent=3360"}],"curies":[{"name":"wp","href":"https:\/\/api.w.org\/{rel}","templated":true}]}}