{"id":3363,"date":"2015-10-27T17:53:04","date_gmt":"2015-10-27T17:53:04","guid":{"rendered":"http:\/\/fabula.conform.it\/es\/la-asociacion\/fei\/"},"modified":"2017-03-02T10:19:14","modified_gmt":"2017-03-02T10:19:14","slug":"fei","status":"publish","type":"page","link":"https:\/\/fabula.conform.it\/es\/la-asociacion\/fei\/","title":{"rendered":"Formaci\u00f3n y Educaci\u00f3n Integral"},"content":{"rendered":"<section class=\"wpb-content-wrapper\"> [vc_row][vc_column]<div class=\"columnsWrap sc_columns sc_columns_count_2\"><div class=\"columns1_2 sc_column_item sc_column_item_1 odd first\" style=\"text-align:center;;\">[vc_empty_space height=\u00bb40px\u00bb]<figure class=\"sc_image  sc_image_shape_square logo-partner\" style=\"width:100%;\"><img src=\"https:\/\/fabula.conform.it\/wp-content\/uploads\/2015\/10\/logo-fei.jpg\" alt=\"\" \/><\/figure><\/div><div class=\"columns1_2 sc_column_item sc_column_item_2 even\">[vc_empty_space height=\u00bb40px\u00bb]<h1 class=\"sc_title sc_title_regular\" style=\"text-align:left;\">Formaci\u00f3n y Education Integral (FEI)<\/h1>[vc_column_text] <p style=\"text-align: justify;\">La empresa Formaci\u00f3n y Educaci\u00f3n Integral (FEI), se estableci\u00f3 el 10 de octubre de 1997, agrupando a un equipo de expertos en administraci\u00f3n y formaci\u00f3n provenientes de otros centros educativos. La misi\u00f3n fundacional de FEI es el dise\u00f1o, la planificaci\u00f3n y la implantaci\u00f3n de iniciativas en los campos de la formaci\u00f3n, las actividades de difusi\u00f3n tecnol\u00f3gica y la participaci\u00f3n en proyectos orientados a la educaci\u00f3n personal, profesional y corporativa. [\/vc_column_text]<\/div><\/div>[vc_empty_space height=\u00bb80px\u00bb][\/vc_column][\/vc_row][vc_row full_width=\u00bbstretch_row_content\u00bb css=\u00bb.vc_custom_1445941729233{background-image: url(http:\/\/fabula.conform.it\/wp-content\/uploads\/2015\/10\/pattern_7.png?id=2663) !important;background-position: 0 0 !important;background-repeat: repeat !important;}\u00bb][vc_column][vc_empty_space height=\u00bb80px\u00bb][vc_column_text] <pre><div class=\"sc_title_icon sc_title_top sc_size_medium icon-desktop\"><\/div><h4 class=\"sc_title sc_title_iconed\" style=\"text-align:center;\"><a href=\"http:\/\/www.feiformacion.com\/\" target=\"_blank\">Website<\/a><\/h4><\/pre> [\/vc_column_text][vc_empty_space height=\u00bb80px\u00bb][\/vc_column][\/vc_row] <\/section>","protected":false},"excerpt":{"rendered":" [vc_row][vc_column][vc_empty_space height=\u00bb80px\u00bb][\/vc_column][\/vc_row][vc_row full_width=\u00bbstretch_row_content\u00bb css=\u00bb.vc_custom_1445941729233{background-image: url(http:\/\/fabula.conform.it\/wp-content\/uploads\/2015\/10\/pattern_7.png?id=2663) !important;background-position: 0 0 !important;background-repeat: repeat !important;}\u00bb][vc_column][vc_empty_space height=\u00bb80px\u00bb][vc_column_text] [\/vc_column_text][vc_empty_space height=\u00bb80px\u00bb][\/vc_column][\/vc_row] ","protected":false},"author":24,"featured_media":0,"parent":3311,"menu_order":0,"comment_status":"open","ping_status":"closed","template":"","meta":[],"_links":{"self":[{"href":"https:\/\/fabula.conform.it\/es\/wp-json\/wp\/v2\/pages\/3363"}],"collection":[{"href":"https:\/\/fabula.conform.it\/es\/wp-json\/wp\/v2\/pages"}],"about":[{"href":"https:\/\/fabula.conform.it\/es\/wp-json\/wp\/v2\/types\/page"}],"author":[{"embeddable":true,"href":"https:\/\/fabula.conform.it\/es\/wp-json\/wp\/v2\/users\/24"}],"replies":[{"embeddable":true,"href":"https:\/\/fabula.conform.it\/es\/wp-json\/wp\/v2\/comments?post=3363"}],"version-history":[{"count":7,"href":"https:\/\/fabula.conform.it\/es\/wp-json\/wp\/v2\/pages\/3363\/revisions"}],"predecessor-version":[{"id":4256,"href":"https:\/\/fabula.conform.it\/es\/wp-json\/wp\/v2\/pages\/3363\/revisions\/4256"}],"up":[{"embeddable":true,"href":"https:\/\/fabula.conform.it\/es\/wp-json\/wp\/v2\/pages\/3311"}],"wp:attachment":[{"href":"https:\/\/fabula.conform.it\/es\/wp-json\/wp\/v2\/media?parent=3363"}],"curies":[{"name":"wp","href":"https:\/\/api.w.org\/{rel}","templated":true}]}}