{"id":3367,"date":"2015-10-27T21:10:47","date_gmt":"2015-10-27T21:10:47","guid":{"rendered":"http:\/\/fabula.conform.it\/es\/the-project\/"},"modified":"2017-03-17T11:19:59","modified_gmt":"2017-03-17T11:19:59","slug":"el-proyecto","status":"publish","type":"page","link":"https:\/\/fabula.conform.it\/es\/el-proyecto\/","title":{"rendered":"El Proyecto"},"content":{"rendered":"<section class=\"wpb-content-wrapper\"> [vc_row][vc_column][vc_row_inner][vc_column_inner width=\u00bb1\/3&#8243;][vc_empty_space height=\u00bb50px\u00bb]<figure class=\"sc_image  sc_image_shape_square img-class\" style=\"width:80%;\"><img src=\"https:\/\/fabula.conform.it\/wp-content\/uploads\/2015\/10\/logo-fabula-img.jpg\" alt=\"\" \/><\/figure>[vc_empty_space height=\u00bb50px\u00bb][vc_column_text] <p style=\"text-align: center;\"><div class=\"sc_title_icon sc_title_top sc_size_medium icon-file-pdf\"><\/div><h4 class=\"sc_title sc_title_iconed\" style=\"text-align:center;\"><a href=\"http:\/\/fabula.conform.it\/wp-content\/uploads\/2017\/03\/Brochure_Fabula_ES.pdf\" target=\"_blank\">Descargue el folleto<\/a><\/h4> [\/vc_column_text][\/vc_column_inner][vc_column_inner width=\u00bb2\/3&#8243;][vc_column_text] <p style=\"text-align: justify;\">El Proyectos <span class=\"sc_highlight sc_highlight_style_1\">\u201cF.A.BU.L.A \u2013 Actividades de Aprendizaje Financiero y Comercial\u201d<\/span> pretende implicar, motivar y estimular a los j\u00f3venes de Escuelas de Primaria en <span class=\"sc_highlight sc_highlight_style_2\">emprendimiento<\/span> y <span class=\"sc_highlight sc_highlight_style_2\">alfabetizaci\u00f3n financiera<\/span>, remplazando la idea cerrada, compleja, elitista y descontextualizada de las finanzas, a partir de actividades cotidianas y a trav\u00e9s de la adopci\u00f3n de un modelo de ense\u00f1anza integrado orientado a habilidades emprendedoras y conocimiento econ\u00f3mico\/ financiero capaz de:<\/p>\n<ul style=\"text-align: justify;\">\n<li><span class=\"sc_highlight sc_highlight_style_2\">desarrollar de manera profunda m\u00e9todos de aprendizaje <\/span>herramientasy situaciones y favorecer una ense\u00f1anza interdisciplinaria, interactiva e integrada<\/li>\n<li>favorecer el <span class=\"sc_highlight sc_highlight_style_2\"> desarrollo de la Capacidad Financiera de los j\u00f3venes en clases de 4\u00ba y 5\u00ba de primaria, creando objetivos de aprendizaje que desarrollen:<\/li>\n<\/ul>\n<p>a) alfabetizaci\u00f3n sobre el dinero y los precios<br \/>\nb) destrezas para planificar el futuro<br \/>\nc) destrezas para gestionar un peque\u00f1o presupuesto<br \/>\nd) destrezas para evitar deudas<br \/>\ne) destrezas para gestionar el gasto presente y futuro.[\/vc_column_text][vc_column_text] <p style=\"text-align: justify;\">El proyecto <span class=\"sc_highlight sc_highlight_style_1\"><\/span>\u201cF.A.BU.L.A \u2013 Actividades de Aprendizaje Financiero y Comercial\u201d<\/span> pretende por tanto ayudar a las pr\u00f3ximas generaciones a comprender de la mejor manera posible c\u00f3mo realizar elecciones financieras que resultan cada vez m\u00e1s complejas, favoreciendo as\u00ed un proceso de conocimiento y un enfoque hacia los asuntos financieros que les gu\u00eden hacia:<\/p>\n<ul style=\"text-align: justify;\">\n<li>el mejor uso de los<span class=\"sc_highlight sc_highlight_style_2\"> diferentes productos<\/span> y\u00a0<span class=\"sc_highlight sc_highlight_style_2\">servicios financieros<\/span><\/li>\n<li>la adquisici\u00f3n de una conciencia mayor de los\u00a0<span class=\"sc_highlight sc_highlight_style_2\">riesgos<\/span> y\u00a0<span class=\"sc_highlight sc_highlight_style_2\">oportunidades del mercado<\/span><\/li>\n<\/ul>\n<p style=\"text-align: justify;\">por medio de un <span class=\"sc_highlight sc_highlight_style_2\">aprendizaje innovador<\/span>, de un modelo basado en <span class=\"sc_highlight sc_highlight_style_2\">la educaci\u00f3n l\u00fadica<\/span>, la l\u00f3gica, el entretenimiento, la alfabetizaci\u00f3n financiera integrada dentro de una <span class=\"sc_highlight sc_highlight_style_2\">educaci\u00f3n en emprendimiento<\/span> m\u00e1s amplia y un<span class=\"sc_highlight sc_highlight_style_2\"> proceso formativo de ciudadan\u00eda activa<\/span>. [\/vc_column_text][\/vc_column_inner][\/vc_row_inner][vc_row_inner][vc_column_inner][\/vc_column_inner][\/vc_row_inner][\/vc_column][\/vc_row][vc_row el_class=\u00bbclass-display\u00bb][vc_column]<div class=\"columnsWrap sc_columns sc_columns_count_3\"><div class=\"columns2_3 sc_column_item sc_column_item_1 odd first span_2\"><div id=\"sc_skills_diagram_2037432035\" class=\"sc_skills sc_skills_arc\" data-type=\"arc\" data-subtitle=\"Skills\"><div class=\"sc_skills_legend\"><h2>Web skills<\/h2><ul><li style=\"background-color:rgba(0,0,14,1)\">JavaScript<\/li><li style=\"background-color:rgba(0,0,14,0.9)\">CSS3<\/li><li style=\"background-color:rgba(0,0,14,0.8)\">HTML5<\/li><li style=\"background-color:rgba(0,0,14,0.7)\">PHP<\/li><li style=\"background-color:rgba(0,0,14,0.6)\">MySQL<\/li><\/ul><\/div><div id=\"sc_skills_diagram_2037432035_diagram\" class=\"sc_skills_arc_canvas\"><\/div><div class=\"sc_skills_data\" style=\"display:none;\"><div class=\"arc\"><input type=\"hidden\" class=\"text\" value=\"JavaScript\" \/><input type=\"hidden\" class=\"percent\" value=\"95\" \/><input type=\"hidden\" class=\"color\" value=\"rgba(0,0,14,1)\" \/><\/div><div class=\"arc\"><input type=\"hidden\" class=\"text\" value=\"CSS3\" \/><input type=\"hidden\" class=\"percent\" value=\"90\" \/><input type=\"hidden\" class=\"color\" value=\"rgba(0,0,14,0.9)\" \/><\/div><div class=\"arc\"><input type=\"hidden\" class=\"text\" value=\"HTML5\" \/><input type=\"hidden\" class=\"percent\" value=\"80\" \/><input type=\"hidden\" class=\"color\" value=\"rgba(0,0,14,0.8)\" \/><\/div><div class=\"arc\"><input type=\"hidden\" class=\"text\" value=\"PHP\" \/><input type=\"hidden\" class=\"percent\" value=\"53\" \/><input type=\"hidden\" class=\"color\" value=\"rgba(0,0,14,0.7)\" \/><\/div><div class=\"arc\"><input type=\"hidden\" class=\"text\" value=\"MySQL\" \/><input type=\"hidden\" class=\"percent\" value=\"45\" \/><input type=\"hidden\" class=\"color\" value=\"rgba(0,0,14,0.6)\" \/><\/div><\/div><\/div><\/div><div class=\"columns1_3 sc_column_item sc_column_item_3 odd after_span_2\"><h2 class=\"sc_title sc_title_regular\" style=\"text-align:left;\">Our language skills<\/h2><div class=\"sc_skills sc_skills_bar sc_skills_horizontal\" data-type=\"bar\" data-subtitle=\"Skills\" data-dir=\"horizontal\"><div class=\"sc_skills_info\">English<\/div><div class=\"sc_skills_item sc_skills_style_1 odd first\"><div class=\"sc_skills_count\"><div class=\"sc_skills_total\" data-start=\"0\" data-stop=\"98\" data-step=\"1\" data-max=\"100\" data-speed=\"26\" data-duration=\"2548\" data-ed=\"%\">0%<\/div><\/div><\/div><div class=\"sc_skills_info\">Spanish<\/div><div class=\"sc_skills_item sc_skills_style_1 even\"><div class=\"sc_skills_count\"><div class=\"sc_skills_total\" data-start=\"0\" data-stop=\"66\" data-step=\"1\" data-max=\"100\" data-speed=\"21\" data-duration=\"1386\" data-ed=\"%\">0%<\/div><\/div><\/div><div class=\"sc_skills_info\">French<\/div><div class=\"sc_skills_item sc_skills_style_1 odd\"><div class=\"sc_skills_count\"><div class=\"sc_skills_total\" data-start=\"0\" data-stop=\"87\" data-step=\"1\" data-max=\"100\" data-speed=\"37\" data-duration=\"3219\" data-ed=\"%\">0%<\/div><\/div><\/div><div class=\"sc_skills_info\">Latin<\/div><div class=\"sc_skills_item sc_skills_style_1 even\"><div class=\"sc_skills_count\"><div class=\"sc_skills_total\" data-start=\"0\" data-stop=\"82\" data-step=\"1\" data-max=\"100\" data-speed=\"36\" data-duration=\"2952\" data-ed=\"%\">0%<\/div><\/div><\/div><div class=\"sc_skills_info\">Others<\/div><div class=\"sc_skills_item sc_skills_style_1 odd\"><div class=\"sc_skills_count\"><div class=\"sc_skills_total\" data-start=\"0\" data-stop=\"76\" data-step=\"1\" data-max=\"100\" data-speed=\"14\" data-duration=\"1064\" data-ed=\"%\">0%<\/div><\/div><\/div><\/div><\/div><\/div><div class=\"sc_line sc_line_style_solid\" style=\"margin-top:0px;margin-bottom:2em;border-top-style:solid;\"><\/div>[\/vc_column][\/vc_row][vc_row el_class=\u00bbclass-display\u00bb][vc_column]<h2 class=\"sc_title sc_title_regular\" style=\"text-align:center;\">Services<\/h2><div class=\"sc_skills sc_skills_counter\" data-type=\"counter\" data-subtitle=\"Skills\"><div class=\"columnsWrap sc_skills_columns\"><div class=\"sc_skills_column columns1_5\"><div class=\"sc_skills_item sc_skills_style_2 odd first\"><div class=\"sc_skills_count\"><div class=\"sc_skills_total\" data-start=\"0\" data-stop=\"68\" data-step=\"1\" data-max=\"100\" data-speed=\"19\" data-duration=\"1292\" data-ed=\"%\">0%<\/div><\/div><div class=\"sc_skills_info\">Clean Design<\/div><\/div><\/div><div class=\"sc_skills_column columns1_5\"><div class=\"sc_skills_item sc_skills_style_2 even\"><div class=\"sc_skills_count\"><div class=\"sc_skills_total\" data-start=\"0\" data-stop=\"72\" data-step=\"1\" data-max=\"100\" data-speed=\"40\" data-duration=\"2880\" data-ed=\"%\">0%<\/div><\/div><div class=\"sc_skills_info\">Incredible Flexible<\/div><\/div><\/div><div class=\"sc_skills_column columns1_5\"><div class=\"sc_skills_item sc_skills_style_2 odd\"><div class=\"sc_skills_count\"><div class=\"sc_skills_total\" data-start=\"0\" data-stop=\"98\" data-step=\"1\" data-max=\"100\" data-speed=\"32\" data-duration=\"3136\" data-ed=\"%\">0%<\/div><\/div><div class=\"sc_skills_info\">Responsive<\/div><\/div><\/div><div class=\"sc_skills_column columns1_5\"><div class=\"sc_skills_item sc_skills_style_2 even\"><div class=\"sc_skills_count\"><div class=\"sc_skills_total\" data-start=\"0\" data-stop=\"45\" data-step=\"1\" data-max=\"100\" data-speed=\"15\" data-duration=\"675\" data-ed=\"%\">0%<\/div><\/div><div class=\"sc_skills_info\">SEO Ready<\/div><\/div><\/div><div class=\"sc_skills_column columns1_5\"><div class=\"sc_skills_item sc_skills_style_2 odd\"><div class=\"sc_skills_count\"><div class=\"sc_skills_total\" data-start=\"0\" data-stop=\"78\" data-step=\"1\" data-max=\"100\" data-speed=\"39\" data-duration=\"3042\" data-ed=\"%\">0%<\/div><\/div><div class=\"sc_skills_info\">Free support<\/div><\/div><\/div><\/div><\/div>[\/vc_column][\/vc_row] <\/section>","protected":false},"excerpt":{"rendered":" [vc_row][vc_column][vc_row_inner][vc_column_inner width=\u00bb1\/3&#8243;][vc_empty_space height=\u00bb50px\u00bb][vc_empty_space height=\u00bb50px\u00bb][vc_column_text] [\/vc_column_text][\/vc_column_inner][vc_column_inner width=\u00bb2\/3&#8243;][vc_column_text] El Proyectos pretende implicar, motivar y estimular a los j\u00f3venes de Escuelas de Primaria en y , remplazando la idea cerrada, compleja, elitista y descontextualizada de las finanzas, a partir de actividades cotidianas y a trav\u00e9s de la adopci\u00f3n de un modelo de ense\u00f1anza integrado orientado a habilidades emprendedoras [&hellip;] ","protected":false},"author":24,"featured_media":0,"parent":0,"menu_order":0,"comment_status":"open","ping_status":"closed","template":"","meta":[],"_links":{"self":[{"href":"https:\/\/fabula.conform.it\/es\/wp-json\/wp\/v2\/pages\/3367"}],"collection":[{"href":"https:\/\/fabula.conform.it\/es\/wp-json\/wp\/v2\/pages"}],"about":[{"href":"https:\/\/fabula.conform.it\/es\/wp-json\/wp\/v2\/types\/page"}],"author":[{"embeddable":true,"href":"https:\/\/fabula.conform.it\/es\/wp-json\/wp\/v2\/users\/24"}],"replies":[{"embeddable":true,"href":"https:\/\/fabula.conform.it\/es\/wp-json\/wp\/v2\/comments?post=3367"}],"version-history":[{"count":17,"href":"https:\/\/fabula.conform.it\/es\/wp-json\/wp\/v2\/pages\/3367\/revisions"}],"predecessor-version":[{"id":4271,"href":"https:\/\/fabula.conform.it\/es\/wp-json\/wp\/v2\/pages\/3367\/revisions\/4271"}],"wp:attachment":[{"href":"https:\/\/fabula.conform.it\/es\/wp-json\/wp\/v2\/media?parent=3367"}],"curies":[{"name":"wp","href":"https:\/\/api.w.org\/{rel}","templated":true}]}}