{"id":4584,"date":"2022-05-12T16:25:48","date_gmt":"2022-05-12T16:25:48","guid":{"rendered":"https:\/\/fabula.conform.it\/?page_id=4584"},"modified":"2022-05-28T09:38:28","modified_gmt":"2022-05-28T09:38:28","slug":"conform","status":"publish","type":"page","link":"https:\/\/fabula.conform.it\/es\/fabula-cplus\/the-partnership-cplus\/conform\/","title":{"rendered":"Conform"},"content":{"rendered":"<section class=\"wpb-content-wrapper\"> [vc_row][vc_column][vc_empty_space height=\u00bb80px\u00bb]<div class=\"columnsWrap sc_columns sc_columns_count_2\"><div class=\"columns1_2 sc_column_item sc_column_item_1 odd first\" style=\"text-align:center;;\">[vc_empty_space height=\u00bb40px\u00bb]<figure class=\"sc_image  sc_image_shape_square logo-partner\" style=\"width:100%;\"><img src=\"https:\/\/fabula.conform.it\/wp-content\/uploads\/2015\/10\/logo-conform.png\" alt=\"\" \/><\/figure><\/div><div class=\"columns1_2 sc_column_item sc_column_item_2 even\"><h1 class=\"sc_title sc_title_regular\" style=\"text-align:left;\">CONFORM<br \/>\n<span style=\"font-size: 20px;\">Consulenza, Formazione e Management S.c.a.r.l.<\/span><\/h1>[vc_column_text] <p style=\"text-align: justify;\">CONFORM \u2013 Consulenza, Formazione e Management S.c.a.r.l. lleva m\u00e1s de 20 a\u00f1os trabajando a nivel nacional e internacional. Impulsa y desarrolla importantes proyectos de investigaci\u00f3n y planes de formaci\u00f3n con formatos y soluciones innovadoras en el aula, en aprendizaje experiencial y en e-learning. Brinda consultor\u00eda y asistencia t\u00e9cnica a empresas y al Sector P\u00fablico, con el apoyo de personal experimentado y un equipo consolidado de capacitadores, consultores, profesionales, gerentes y emprendedores, todos ellos con experiencias exitosas. [\/vc_column_text]<\/div><\/div>[vc_empty_space height=\u00bb80px\u00bb][\/vc_column][\/vc_row][vc_row full_width=\u00bbstretch_row_content\u00bb css=\u00bb.vc_custom_1445941729233{background-image: url(http:\/\/fabula.conform.it\/wp-content\/uploads\/2015\/10\/pattern_7.png?id=2663) !important;background-position: 0 0 !important;background-repeat: repeat !important;}\u00bb][vc_column][vc_empty_space height=\u00bb80px\u00bb][vc_column_text] <pre><div class=\"sc_title_icon sc_title_top sc_size_medium icon-desktop\"><\/div><h4 class=\"sc_title sc_title_iconed\" style=\"text-align:center;\"><a href=\"http:\/\/conform.it\/\" target=\"_blank\" rel=\"noopener\">Pagina Web<\/a><\/h4><\/pre> [\/vc_column_text][vc_empty_space height=\u00bb80px\u00bb][\/vc_column][\/vc_row] <\/section>","protected":false},"excerpt":{"rendered":" [vc_row][vc_column][vc_empty_space height=\u00bb80px\u00bb][vc_empty_space height=\u00bb80px\u00bb][\/vc_column][\/vc_row][vc_row full_width=\u00bbstretch_row_content\u00bb css=\u00bb.vc_custom_1445941729233{background-image: url(http:\/\/fabula.conform.it\/wp-content\/uploads\/2015\/10\/pattern_7.png?id=2663) !important;background-position: 0 0 !important;background-repeat: repeat !important;}\u00bb][vc_column][vc_empty_space height=\u00bb80px\u00bb][vc_column_text] [\/vc_column_text][vc_empty_space height=\u00bb80px\u00bb][\/vc_column][\/vc_row] ","protected":false},"author":24,"featured_media":0,"parent":4560,"menu_order":0,"comment_status":"open","ping_status":"closed","template":"","meta":[],"_links":{"self":[{"href":"https:\/\/fabula.conform.it\/es\/wp-json\/wp\/v2\/pages\/4584"}],"collection":[{"href":"https:\/\/fabula.conform.it\/es\/wp-json\/wp\/v2\/pages"}],"about":[{"href":"https:\/\/fabula.conform.it\/es\/wp-json\/wp\/v2\/types\/page"}],"author":[{"embeddable":true,"href":"https:\/\/fabula.conform.it\/es\/wp-json\/wp\/v2\/users\/24"}],"replies":[{"embeddable":true,"href":"https:\/\/fabula.conform.it\/es\/wp-json\/wp\/v2\/comments?post=4584"}],"version-history":[{"count":4,"href":"https:\/\/fabula.conform.it\/es\/wp-json\/wp\/v2\/pages\/4584\/revisions"}],"predecessor-version":[{"id":6788,"href":"https:\/\/fabula.conform.it\/es\/wp-json\/wp\/v2\/pages\/4584\/revisions\/6788"}],"up":[{"embeddable":true,"href":"https:\/\/fabula.conform.it\/es\/wp-json\/wp\/v2\/pages\/4560"}],"wp:attachment":[{"href":"https:\/\/fabula.conform.it\/es\/wp-json\/wp\/v2\/media?parent=4584"}],"curies":[{"name":"wp","href":"https:\/\/api.w.org\/{rel}","templated":true}]}}