{"id":4594,"date":"2022-05-12T16:05:05","date_gmt":"2022-05-12T16:05:05","guid":{"rendered":"https:\/\/fabula.conform.it\/?page_id=4594"},"modified":"2022-05-28T09:42:01","modified_gmt":"2022-05-28T09:42:01","slug":"regione-campania","status":"publish","type":"page","link":"https:\/\/fabula.conform.it\/es\/fabula-cplus\/the-partnership-cplus\/regione-campania\/","title":{"rendered":"Regione Campania"},"content":{"rendered":"<section class=\"wpb-content-wrapper\"> [vc_row][vc_column][vc_empty_space height=\u00bb80px\u00bb]<div class=\"columnsWrap sc_columns sc_columns_count_2\"><div class=\"columns1_2 sc_column_item sc_column_item_1 odd first\" style=\"text-align:center;;\">[vc_empty_space height=\u00bb40px\u00bb]<figure class=\"sc_image  sc_image_shape_square logo-partner\" style=\"width:100%;\"><img src=\"https:\/\/fabula.conform.it\/wp-content\/uploads\/2021\/08\/logo_regione_rev.png\" alt=\"\" \/><\/figure><\/div><div class=\"columns1_2 sc_column_item sc_column_item_2 even\"><h1 class=\"sc_title sc_title_regular\" style=\"text-align:left;\">REGI\u00d3N CAMPANIA<\/h1>[vc_column_text] <p style=\"text-align: justify;\">La Regi\u00f3n de Campania \u2013 Departamento de Pol\u00edticas Educativas, Sociales y Juveniles es institucionalmente responsable de la programaci\u00f3n, gesti\u00f3n y control de los planes educativos y de formaci\u00f3n correspondientes al sistema local, con responsabilidades consultivas e impulsoras, en las que:<\/p>\n<ul>\n<li style=\"text-align: justify;\">integra su acci\u00f3n en el marco de las pol\u00edticas educativas a nivel nacional e internacional,<br \/>\ncoordina las pol\u00edticas educativas y promueve las relaciones escuela-trabajo;<\/li>\n<li style=\"text-align: justify;\">planifica, dirige y controla la implementaci\u00f3n de una estrategia a nivel del sistema educativo territorial, definiendo objetivos a largo plazo para mejorar el nivel de oferta;<\/li>\n<li style=\"text-align: justify;\">verifica y controla para detectar la eficiencia de las instituciones educativas y evaluar el grado de implementaci\u00f3n del plan de oferta educativa.<\/li>\n<\/ul> [\/vc_column_text]<\/div><\/div>[vc_empty_space height=\u00bb80px\u00bb][\/vc_column][\/vc_row][vc_row full_width=\u00bbstretch_row_content\u00bb css=\u00bb.vc_custom_1445941729233{background-image: url(http:\/\/fabula.conform.it\/wp-content\/uploads\/2015\/10\/pattern_7.png?id=2663) !important;background-position: 0 0 !important;background-repeat: repeat !important;}\u00bb][vc_column][vc_empty_space height=\u00bb80px\u00bb][vc_column_text] <pre><div class=\"sc_title_icon sc_title_top sc_size_medium icon-desktop\"><\/div><h4 class=\"sc_title sc_title_iconed\" style=\"text-align:center;\"><a href=\"https:\/\/www.regione.campania.it\/\" target=\"_blank\" rel=\"noopener\">Pagina Web<\/a><\/h4><\/pre> [\/vc_column_text][vc_empty_space height=\u00bb80px\u00bb][\/vc_column][\/vc_row] <\/section>","protected":false},"excerpt":{"rendered":" [vc_row][vc_column][vc_empty_space height=\u00bb80px\u00bb][vc_empty_space height=\u00bb80px\u00bb][\/vc_column][\/vc_row][vc_row full_width=\u00bbstretch_row_content\u00bb css=\u00bb.vc_custom_1445941729233{background-image: url(http:\/\/fabula.conform.it\/wp-content\/uploads\/2015\/10\/pattern_7.png?id=2663) !important;background-position: 0 0 !important;background-repeat: repeat !important;}\u00bb][vc_column][vc_empty_space height=\u00bb80px\u00bb][vc_column_text] [\/vc_column_text][vc_empty_space height=\u00bb80px\u00bb][\/vc_column][\/vc_row] ","protected":false},"author":24,"featured_media":0,"parent":4560,"menu_order":0,"comment_status":"open","ping_status":"closed","template":"","meta":[],"_links":{"self":[{"href":"https:\/\/fabula.conform.it\/es\/wp-json\/wp\/v2\/pages\/4594"}],"collection":[{"href":"https:\/\/fabula.conform.it\/es\/wp-json\/wp\/v2\/pages"}],"about":[{"href":"https:\/\/fabula.conform.it\/es\/wp-json\/wp\/v2\/types\/page"}],"author":[{"embeddable":true,"href":"https:\/\/fabula.conform.it\/es\/wp-json\/wp\/v2\/users\/24"}],"replies":[{"embeddable":true,"href":"https:\/\/fabula.conform.it\/es\/wp-json\/wp\/v2\/comments?post=4594"}],"version-history":[{"count":3,"href":"https:\/\/fabula.conform.it\/es\/wp-json\/wp\/v2\/pages\/4594\/revisions"}],"predecessor-version":[{"id":6790,"href":"https:\/\/fabula.conform.it\/es\/wp-json\/wp\/v2\/pages\/4594\/revisions\/6790"}],"up":[{"embeddable":true,"href":"https:\/\/fabula.conform.it\/es\/wp-json\/wp\/v2\/pages\/4560"}],"wp:attachment":[{"href":"https:\/\/fabula.conform.it\/es\/wp-json\/wp\/v2\/media?parent=4594"}],"curies":[{"name":"wp","href":"https:\/\/api.w.org\/{rel}","templated":true}]}}