{"id":4606,"date":"2022-05-12T15:49:19","date_gmt":"2022-05-12T15:49:19","guid":{"rendered":"https:\/\/fabula.conform.it\/?page_id=4606"},"modified":"2022-05-28T09:45:22","modified_gmt":"2022-05-28T09:45:22","slug":"istituto-suor-orsola-benincasa","status":"publish","type":"page","link":"https:\/\/fabula.conform.it\/es\/fabula-cplus\/the-partnership-cplus\/istituto-suor-orsola-benincasa\/","title":{"rendered":"Istituto Suor Orsola Benincasa"},"content":{"rendered":"<section class=\"wpb-content-wrapper\"> [vc_row][vc_column]<div class=\"columnsWrap sc_columns sc_columns_count_2\"><div class=\"columns1_2 sc_column_item sc_column_item_1 odd first\" style=\"text-align:center;;\">[vc_empty_space height=\u00bb40px\u00bb]<figure class=\"sc_image  sc_image_shape_square\" style=\"width:90%;\"><img src=\"https:\/\/fabula.conform.it\/wp-content\/uploads\/2021\/08\/suor-orsola-benincasa-big.jpg\" alt=\"\" \/><\/figure><\/div><div class=\"columns1_2 sc_column_item sc_column_item_2 even\"><h1 class=\"sc_title sc_title_regular\" style=\"text-align:left;\">Istituto Suor Orsola Benincasa<\/h1>[vc_column_text] <p class=\"p1\" style=\"text-align: justify;\">El Istituto Suor Orsola Benincasa es heredero de una tradici\u00f3n educativa centenaria.<br \/>\nLas Escuelas del Instituto brindan un programa completo de formaci\u00f3n, que cubre todo el ciclo de estudios. Su plan de trabajo se basa no solo en el desarrollo horizontal de los estudiantes, sino tambi\u00e9n en el vertical y le permite, a trav\u00e9s de la investigaci\u00f3n y el intercambio de experiencias y conocimientos, planificar e implementar el pilotaje de m\u00e9todos de ense\u00f1anza y aprendizaje actualizados y atentos a los cambios continuos de los procesos cognitivos y de los procesos de aprendizaje [\/vc_column_text]<\/div><\/div>[vc_empty_space height=\u00bb80px\u00bb][\/vc_column][\/vc_row][vc_row full_width=\u00bbstretch_row_content\u00bb css=\u00bb.vc_custom_1445941729233{background-image: url(http:\/\/fabula.conform.it\/wp-content\/uploads\/2015\/10\/pattern_7.png?id=2663) !important;background-position: 0 0 !important;background-repeat: repeat !important;}\u00bb][vc_column][vc_empty_space height=\u00bb80px\u00bb][vc_column_text] <pre><div class=\"sc_title_icon sc_title_top sc_size_medium icon-desktop\"><\/div><h4 class=\"sc_title sc_title_iconed\" style=\"text-align:center;\"><a href=\"http:\/\/www.scuolesob.it\/\" target=\"_blank\" rel=\"noopener\">Pagina Web<\/a><\/h4><\/pre> [\/vc_column_text][vc_empty_space height=\u00bb80px\u00bb][\/vc_column][\/vc_row] <\/section>","protected":false},"excerpt":{"rendered":" [vc_row][vc_column][vc_empty_space height=\u00bb80px\u00bb][\/vc_column][\/vc_row][vc_row full_width=\u00bbstretch_row_content\u00bb css=\u00bb.vc_custom_1445941729233{background-image: url(http:\/\/fabula.conform.it\/wp-content\/uploads\/2015\/10\/pattern_7.png?id=2663) !important;background-position: 0 0 !important;background-repeat: repeat !important;}\u00bb][vc_column][vc_empty_space height=\u00bb80px\u00bb][vc_column_text] [\/vc_column_text][vc_empty_space height=\u00bb80px\u00bb][\/vc_column][\/vc_row] ","protected":false},"author":24,"featured_media":0,"parent":4560,"menu_order":0,"comment_status":"open","ping_status":"closed","template":"","meta":[],"_links":{"self":[{"href":"https:\/\/fabula.conform.it\/es\/wp-json\/wp\/v2\/pages\/4606"}],"collection":[{"href":"https:\/\/fabula.conform.it\/es\/wp-json\/wp\/v2\/pages"}],"about":[{"href":"https:\/\/fabula.conform.it\/es\/wp-json\/wp\/v2\/types\/page"}],"author":[{"embeddable":true,"href":"https:\/\/fabula.conform.it\/es\/wp-json\/wp\/v2\/users\/24"}],"replies":[{"embeddable":true,"href":"https:\/\/fabula.conform.it\/es\/wp-json\/wp\/v2\/comments?post=4606"}],"version-history":[{"count":4,"href":"https:\/\/fabula.conform.it\/es\/wp-json\/wp\/v2\/pages\/4606\/revisions"}],"predecessor-version":[{"id":6791,"href":"https:\/\/fabula.conform.it\/es\/wp-json\/wp\/v2\/pages\/4606\/revisions\/6791"}],"up":[{"embeddable":true,"href":"https:\/\/fabula.conform.it\/es\/wp-json\/wp\/v2\/pages\/4560"}],"wp:attachment":[{"href":"https:\/\/fabula.conform.it\/es\/wp-json\/wp\/v2\/media?parent=4606"}],"curies":[{"name":"wp","href":"https:\/\/api.w.org\/{rel}","templated":true}]}}