{"id":4618,"date":"2022-05-12T15:43:06","date_gmt":"2022-05-12T15:43:06","guid":{"rendered":"https:\/\/fabula.conform.it\/?page_id=4618"},"modified":"2022-05-28T09:49:51","modified_gmt":"2022-05-28T09:49:51","slug":"102-dimotiko-scholeio-athinon","status":"publish","type":"page","link":"https:\/\/fabula.conform.it\/es\/fabula-cplus\/the-partnership-cplus\/102-dimotiko-scholeio-athinon\/","title":{"rendered":"102 Dimotiko Scholeio Athinon"},"content":{"rendered":"<section class=\"wpb-content-wrapper\"> [vc_row][vc_column][vc_empty_space height=\u00bb80px\u00bb]<div class=\"columnsWrap sc_columns sc_columns_count_2\"><div class=\"columns1_2 sc_column_item sc_column_item_1 odd first\" style=\"text-align:center;;\">[vc_empty_space height=\u00bb40px\u00bb]<figure class=\"sc_image  sc_image_shape_square logo-partner\" style=\"width:100%;\"><img src=\"https:\/\/fabula.conform.it\/wp-content\/uploads\/2021\/08\/Logo102dimSchAthinon-NUOVO-LOGO-SCUOLA-GRECA.png\" alt=\"\" \/><\/figure><\/div><div class=\"columns1_2 sc_column_item sc_column_item_2 even\"><h1 class=\"sc_title sc_title_regular\" style=\"text-align:left;\">102 DIMOTIKO SCHOLEIO ATHINON<\/h1>[vc_column_text] <p style=\"text-align: justify;\">102 Dimotiko Scholeio Athinon se estableci\u00f3 en 1955. Es una escuela primaria p\u00fablica de jornada completa ubicada cerca del centro de Atenas a la que asisten unos 250 alumnos de entre 6 y 12 a\u00f1os. Nuestro objetivo es crear conciencia sobre diversos temas relacionados con el cambio clim\u00e1tico, el ahorro de energ\u00eda y la sostenibilidad, y permitir que nuestros estudiantes comprendan y aborden mejor los problemas ambientales que afectan a la comunidad local, nacional o incluso internacional. [\/vc_column_text]<\/div><\/div>[vc_empty_space height=\u00bb80px\u00bb][\/vc_column][\/vc_row][vc_row full_width=\u00bbstretch_row_content\u00bb css=\u00bb.vc_custom_1445941729233{background-image: url(http:\/\/fabula.conform.it\/wp-content\/uploads\/2015\/10\/pattern_7.png?id=2663) !important;background-position: 0 0 !important;background-repeat: repeat !important;}\u00bb][vc_column][vc_empty_space height=\u00bb80px\u00bb][vc_column_text] <pre><div class=\"sc_title_icon sc_title_top sc_size_medium icon-desktop\"><\/div><h4 class=\"sc_title sc_title_iconed\" style=\"text-align:center;\"><a href=\"https:\/\/blogs.sch.gr\/102dimat\/author\/102dimat\/\" target=\"_blank\" rel=\"noopener\">Pagina Web<\/a><\/h4><\/pre> [\/vc_column_text][vc_empty_space height=\u00bb80px\u00bb][\/vc_column][\/vc_row] <\/section>","protected":false},"excerpt":{"rendered":" [vc_row][vc_column][vc_empty_space height=\u00bb80px\u00bb][vc_empty_space height=\u00bb80px\u00bb][\/vc_column][\/vc_row][vc_row full_width=\u00bbstretch_row_content\u00bb css=\u00bb.vc_custom_1445941729233{background-image: url(http:\/\/fabula.conform.it\/wp-content\/uploads\/2015\/10\/pattern_7.png?id=2663) !important;background-position: 0 0 !important;background-repeat: repeat !important;}\u00bb][vc_column][vc_empty_space height=\u00bb80px\u00bb][vc_column_text] [\/vc_column_text][vc_empty_space height=\u00bb80px\u00bb][\/vc_column][\/vc_row] ","protected":false},"author":24,"featured_media":0,"parent":4560,"menu_order":0,"comment_status":"open","ping_status":"closed","template":"","meta":[],"_links":{"self":[{"href":"https:\/\/fabula.conform.it\/es\/wp-json\/wp\/v2\/pages\/4618"}],"collection":[{"href":"https:\/\/fabula.conform.it\/es\/wp-json\/wp\/v2\/pages"}],"about":[{"href":"https:\/\/fabula.conform.it\/es\/wp-json\/wp\/v2\/types\/page"}],"author":[{"embeddable":true,"href":"https:\/\/fabula.conform.it\/es\/wp-json\/wp\/v2\/users\/24"}],"replies":[{"embeddable":true,"href":"https:\/\/fabula.conform.it\/es\/wp-json\/wp\/v2\/comments?post=4618"}],"version-history":[{"count":3,"href":"https:\/\/fabula.conform.it\/es\/wp-json\/wp\/v2\/pages\/4618\/revisions"}],"predecessor-version":[{"id":6793,"href":"https:\/\/fabula.conform.it\/es\/wp-json\/wp\/v2\/pages\/4618\/revisions\/6793"}],"up":[{"embeddable":true,"href":"https:\/\/fabula.conform.it\/es\/wp-json\/wp\/v2\/pages\/4560"}],"wp:attachment":[{"href":"https:\/\/fabula.conform.it\/es\/wp-json\/wp\/v2\/media?parent=4618"}],"curies":[{"name":"wp","href":"https:\/\/api.w.org\/{rel}","templated":true}]}}