{"id":4665,"date":"2022-05-12T10:49:05","date_gmt":"2022-05-12T10:49:05","guid":{"rendered":"https:\/\/fabula.conform.it\/?page_id=4665"},"modified":"2022-05-28T09:59:50","modified_gmt":"2022-05-28T09:59:50","slug":"fei","status":"publish","type":"page","link":"https:\/\/fabula.conform.it\/es\/fabula-cplus\/the-partnership-cplus\/fei\/","title":{"rendered":"FEI"},"content":{"rendered":"<section class=\"wpb-content-wrapper\"> [vc_row][vc_column]<div class=\"columnsWrap sc_columns sc_columns_count_2\"><div class=\"columns1_2 sc_column_item sc_column_item_1 odd first\" style=\"text-align:center;;\">[vc_empty_space height=\u00bb40px\u00bb]<figure class=\"sc_image  sc_image_shape_square logo-partner\" style=\"width:100%;\"><img src=\"https:\/\/fabula.conform.it\/wp-content\/uploads\/2021\/08\/logo-FEI.jpg\" alt=\"\" \/><\/figure><\/div><div class=\"columns1_2 sc_column_item sc_column_item_2 even\">[vc_empty_space height=\u00bb40px\u00bb]<h1 class=\"sc_title sc_title_regular\" style=\"text-align:left;\">Formaci\u00f3n y Education Integral (FEI)<\/h1>[vc_column_text] <p style=\"text-align: justify;\">El Centro Formaci\u00f3n y Educaci\u00f3n Integral (FEI) se constituye el 10 de octubre de 1997, reuniendo un equipo de expertos en gesti\u00f3n y formaci\u00f3n procedente de otros Centros de Formaci\u00f3n. La misi\u00f3n fundacional es el dise\u00f1o, la planificaci\u00f3n y la ejecuci\u00f3n de iniciativas en los campos de la formaci\u00f3n, actividades de divulgaci\u00f3n tecnol\u00f3gica y participaci\u00f3n en proyectos orientados a la formaci\u00f3n en el \u00e1mbito personal, profesional y empresarial. [\/vc_column_text]<\/div><\/div>[vc_empty_space height=\u00bb80px\u00bb][\/vc_column][\/vc_row][vc_row full_width=\u00bbstretch_row_content\u00bb css=\u00bb.vc_custom_1445941729233{background-image: url(http:\/\/fabula.conform.it\/wp-content\/uploads\/2015\/10\/pattern_7.png?id=2663) !important;background-position: 0 0 !important;background-repeat: repeat !important;}\u00bb][vc_column][vc_empty_space height=\u00bb80px\u00bb][vc_column_text] <pre><div class=\"sc_title_icon sc_title_top sc_size_medium icon-desktop\"><\/div><h4 class=\"sc_title sc_title_iconed\" style=\"text-align:center;\"><a href=\"http:\/\/www.feiformacion.com\/\" target=\"_blank\" rel=\"noopener\">Pagina Web<\/a><\/h4><\/pre> [\/vc_column_text][vc_empty_space height=\u00bb80px\u00bb][\/vc_column][\/vc_row] <\/section>","protected":false},"excerpt":{"rendered":" [vc_row][vc_column][vc_empty_space height=\u00bb80px\u00bb][\/vc_column][\/vc_row][vc_row full_width=\u00bbstretch_row_content\u00bb css=\u00bb.vc_custom_1445941729233{background-image: url(http:\/\/fabula.conform.it\/wp-content\/uploads\/2015\/10\/pattern_7.png?id=2663) !important;background-position: 0 0 !important;background-repeat: repeat !important;}\u00bb][vc_column][vc_empty_space height=\u00bb80px\u00bb][vc_column_text] [\/vc_column_text][vc_empty_space height=\u00bb80px\u00bb][\/vc_column][\/vc_row] ","protected":false},"author":24,"featured_media":0,"parent":4560,"menu_order":0,"comment_status":"open","ping_status":"closed","template":"","meta":[],"_links":{"self":[{"href":"https:\/\/fabula.conform.it\/es\/wp-json\/wp\/v2\/pages\/4665"}],"collection":[{"href":"https:\/\/fabula.conform.it\/es\/wp-json\/wp\/v2\/pages"}],"about":[{"href":"https:\/\/fabula.conform.it\/es\/wp-json\/wp\/v2\/types\/page"}],"author":[{"embeddable":true,"href":"https:\/\/fabula.conform.it\/es\/wp-json\/wp\/v2\/users\/24"}],"replies":[{"embeddable":true,"href":"https:\/\/fabula.conform.it\/es\/wp-json\/wp\/v2\/comments?post=4665"}],"version-history":[{"count":4,"href":"https:\/\/fabula.conform.it\/es\/wp-json\/wp\/v2\/pages\/4665\/revisions"}],"predecessor-version":[{"id":6798,"href":"https:\/\/fabula.conform.it\/es\/wp-json\/wp\/v2\/pages\/4665\/revisions\/6798"}],"up":[{"embeddable":true,"href":"https:\/\/fabula.conform.it\/es\/wp-json\/wp\/v2\/pages\/4560"}],"wp:attachment":[{"href":"https:\/\/fabula.conform.it\/es\/wp-json\/wp\/v2\/media?parent=4665"}],"curies":[{"name":"wp","href":"https:\/\/api.w.org\/{rel}","templated":true}]}}