{"id":4698,"date":"2021-09-01T09:19:08","date_gmt":"2021-09-01T09:19:08","guid":{"rendered":"https:\/\/fabula.conform.it\/?page_id=4698"},"modified":"2022-06-04T14:14:21","modified_gmt":"2022-06-04T14:14:21","slug":"fedro-cplus","status":"publish","type":"page","link":"https:\/\/fabula.conform.it\/es\/fabula-cplus\/fedro-cplus\/","title":{"rendered":"FEDRO CPLUS"},"content":{"rendered":"<section class=\"wpb-content-wrapper\"> [vc_row][vc_column][vc_empty_space][vc_row_inner][vc_column_inner width=\u00bb1\/4&#8243;][\/vc_column_inner][vc_column_inner width=\u00bb1\/2&#8243;][vc_column_text] <h3 style=\"text-align: center;\"><strong><span style=\"color: #1bb4b9;\">Bienvenidos al ambiente de aprendizaje FEDRO!<\/span><\/strong><\/h3>\n<p style=\"text-align: justify;\"><span style=\"color: #333333;\">Este ambiente de aprendizaje, creado en las buenas pr\u00e1cticas del proyecto FABULA, ha sido ampliado con el proyecto <strong>FABULA C- PLUS. <\/strong>En \u00e9l, de hecho, puedes encontrar las herramientas did\u00e1cticas creadas en los dos proyectos, divididas en dos grandes \u00e1reas:<\/span><br \/>\n<span style=\"color: #515151;\">\u2022 Econom\u00eda Circular<\/span><br \/>\n<span style=\"color: #515151;\">\u2022 Emprendimiento y Finanzas<\/span><\/p>\n<p style=\"text-align: center;\"><span style=\"color: #515151;\"><strong>Haz click en los diferentes campos para acceder a los materiales educativos y a los juegos de evaluaci\u00f3n!<\/strong><\/span> [\/vc_column_text][\/vc_column_inner][vc_column_inner width=\u00bb1\/4&#8243;][\/vc_column_inner][\/vc_row_inner][\/vc_column][\/vc_row][vc_row el_class=\u00bbclass-btn-fedro\u00bb css=\u00bb.vc_custom_1446074207583{margin-bottom: 0px !important;}\u00bb][vc_column][vc_row_inner][vc_column_inner][vc_column_text] <h2 style=\"text-align: center;\"><span style=\"color: #76d2d5;\">ECONOM\u00cdA<\/span>\u00a0\u00a0<span style=\"color: #1bb4b9;\">CIRCULAR<\/span><\/h2> [\/vc_column_text][\/vc_column_inner][\/vc_row_inner][vc_row_inner css=\u00bb.vc_custom_1446073301883{margin-bottom: 40px !important;}\u00bb][vc_column_inner width=\u00bb1\/12&#8243;][\/vc_column_inner][vc_column_inner width=\u00bb2\/12&#8243;][\/vc_column_inner][vc_column_inner width=\u00bb2\/12&#8243;][vc_column_text]<a href=\"https:\/\/fabula.conform.it\/fabula-cplus\/the-virtual-tour-fabuland\/\"><img class=\"size-full wp-image-2640 aligncenter\" src=\"https:\/\/fabula.conform.it\/wp-content\/uploads\/2022\/03\/Fabuland-virtual-tour.png\" alt=\"Fabuland\" \/><\/a>[\/vc_column_text][vc_btn title=\u00bbDescarga el documento\u00bb color=\u00bbpeacoc\u00bb align=\u00bbcenter\u00bb link=\u00bburl:https%3A%2F%2Ffabula.conform.it%2Fwp-content%2Fuploads%2F2022%2F06%2FFabulaCplus_Brochure_TOUR_VIRTUALI_ES.pdf|target:_blank\u00bb][\/vc_column_inner][vc_column_inner width=\u00bb2\/12&#8243;][vc_column_text]<a href=\"https:\/\/fabula.conform.it\/es\/?page_id=4866\"><img class=\"size-full wp-image-2640 aligncenter\" src=\"https:\/\/fabula.conform.it\/wp-content\/uploads\/2022\/03\/Twin-game-300x300.png\" alt=\"Twingame\" \/><\/a>[\/vc_column_text][vc_btn title=\u00bbDescarga el documento\u00bb style=\u00bbcustom\u00bb custom_background=\u00bb#afcc3f\u00bb custom_text=\u00bb#ffffff\u00bb align=\u00bbcenter\u00bb link=\u00bburl:https%3A%2F%2Ffabula.conform.it%2Fwp-content%2Fuploads%2F2022%2F06%2FFabulaCplus_Brochure_TWINTHEBIN_ES.pdf|target:_blank\u00bb][\/vc_column_inner][vc_column_inner width=\u00bb2\/12&#8243;][vc_column_text]<a href=\"https:\/\/fabula.conform.it\/es\/fabula-cplus\/the-circle-game\/\"><img class=\"size-full wp-image-2640 aligncenter\" src=\"https:\/\/fabula.conform.it\/wp-content\/uploads\/2021\/09\/circle-game.png\" alt=\"Circlegame\" \/><\/a>[\/vc_column_text][vc_btn title=\u00bbDescarga el documento\u00bb color=\u00bbpink\u00bb align=\u00bbcenter\u00bb link=\u00bburl:https%3A%2F%2Ffabula.conform.it%2Fwp-content%2Fuploads%2F2022%2F06%2FFabulaCplus_Brochure_CIRCLE_GAME_ES.pdf|target:_blank\u00bb][\/vc_column_inner][vc_column_inner width=\u00bb2\/12&#8243;][\/vc_column_inner][vc_column_inner width=\u00bb1\/12&#8243;][\/vc_column_inner][\/vc_row_inner][\/vc_column][\/vc_row][vc_row el_class=\u00bbclass-btn-fedro\u00bb css=\u00bb.vc_custom_1446074207583{margin-bottom: 0px !important;}\u00bb][vc_column][vc_row_inner][vc_column_inner][vc_empty_space height=\u00bb40px\u00bb][vc_column_text] <h2 style=\"text-align: center;\"><span style=\"color: #76d2d5;\">EMPRENDIMIENTO<\/span>\u00a0\u00a0<span style=\"color: #1bb4b9;\">&amp; FINANZAS<\/span><\/h2> [\/vc_column_text][\/vc_column_inner][\/vc_row_inner][vc_row_inner css=\u00bb.vc_custom_1446073301883{margin-bottom: 40px !important;}\u00bb][vc_column_inner width=\u00bb1\/12&#8243;][\/vc_column_inner][vc_column_inner width=\u00bb2\/12&#8243;][\/vc_column_inner][vc_column_inner width=\u00bb2\/12&#8243;][vc_column_text el_class=\u00bbclass-btn-fedro\u00bb]<a href=\"http:\/\/fabula.conform.it\/fedro\/entrepreneurial-education\/\" target=\"_blank\" rel=\"noopener\"><img class=\"aligncenter\" src=\"http:\/\/fabula.conform.it\/wp-content\/uploads\/2015\/12\/entrepreneurial-img.png\" alt=\"field-btn2\" \/><\/a>[\/vc_column_text][vc_btn title=\u00bbDescarga el documento\u00bb color=\u00bbviolet\u00bb align=\u00bbcenter\u00bb link=\u00bburl:https%3A%2F%2Ffabula.conform.it%2Fwp-content%2Fuploads%2F2017%2F03%2FBrochure_Educazione_Imprenditorialita_ES.pdf|target:_blank\u00bb][\/vc_column_inner][vc_column_inner width=\u00bb2\/12&#8243;][vc_column_text]<a href=\"http:\/\/fabula.conform.it\/fedro\/financial-education\/\" target=\"_blank\" rel=\"noopener\"><img class=\"size-full wp-image-2640 aligncenter\" src=\"http:\/\/fabula.conform.it\/wp-content\/uploads\/2015\/12\/financial-img.png\" alt=\"field-btn2\" \/><\/a> [\/vc_column_text][vc_btn title=\u00bbDescarga el documento\u00bb color=\u00bbblue\u00bb align=\u00bbcenter\u00bb link=\u00bburl:https%3A%2F%2Ffabula.conform.it%2Fwp-content%2Fuploads%2F2017%2F03%2FBrochure_Educazione_Finanziaria_ES.pdf|target:_blank\u00bb][\/vc_column_inner][vc_column_inner width=\u00bb2\/12&#8243;][vc_column_text]<a href=\"http:\/\/fabula.conform.it\/fedro\/fabula-game\/\" target=\"_blank\" rel=\"noopener\"><img class=\"size-full wp-image-2640 aligncenter\" src=\"https:\/\/fabula.conform.it\/wp-content\/uploads\/2021\/09\/fabula-game.png\" alt=\"field-btn2\" \/><\/a>[\/vc_column_text][vc_btn title=\u00bbDescarga el documento\u00bb color=\u00bbgreen\u00bb align=\u00bbcenter\u00bb link=\u00bburl:http%3A%2F%2Ffabula.conform.it%2Fwp-content%2Fuploads%2F2017%2F03%2FBrochure_Game_ES.pdf|target:_blank\u00bb][\/vc_column_inner][vc_column_inner width=\u00bb2\/12&#8243;][\/vc_column_inner][vc_column_inner width=\u00bb1\/12&#8243;][\/vc_column_inner][\/vc_row_inner][\/vc_column][\/vc_row][vc_row][vc_column][vc_empty_space height=\u00bb50px\u00bb][\/vc_column][\/vc_row][vc_row disable_element=\u00bbyes\u00bb][vc_column][vc_column_text] <h2 style=\"font-size: 36px; text-align: center;\"><span style=\"color: #76d2d5; line-height: 22px;\">MORE<\/span> <span style=\"color: #1bb4b9; font-size: 36px; padding: 2px; line-height: 22px;\">DETAILS<\/span><\/h2> [\/vc_column_text][vc_row_inner][vc_column_inner width=\u00bb1\/6&#8243; css=\u00bb.vc_custom_1452596778645{border-right-width: 1px !important;border-right-color: #eaeaea !important;border-right-style: solid !important;}\u00bb][vc_column_text]<a href=\"http:\/\/fabula.conform.it\/cheques\/\"><img loading=\"lazy\" class=\"size-full wp-image-3207 aligncenter\" src=\"http:\/\/fabula.conform.it\/wp-content\/uploads\/2016\/01\/ASSEGNO.png\" alt=\"cheques\" width=\"130\" height=\"130\" \/><\/a><\/p>\n<h4 style=\"text-align: center;\"><a href=\"http:\/\/fabula.conform.it\/cheques\/\"><span style=\"color: #76d2d5;\">Cheques<\/span><\/a><\/h4> [\/vc_column_text][\/vc_column_inner][vc_column_inner width=\u00bb1\/6&#8243; css=\u00bb.vc_custom_1452596799749{border-right-width: 1px !important;border-right-color: #eaeaea !important;border-right-style: solid !important;}\u00bb][vc_column_text]<a href=\"http:\/\/fabula.conform.it\/current-account\/\"><img loading=\"lazy\" class=\"size-full wp-image-3207 aligncenter\" src=\"http:\/\/fabula.conform.it\/wp-content\/uploads\/2015\/10\/current-account-img.png\" alt=\"current-account-img\" width=\"130\" height=\"130\" srcset=\"https:\/\/fabula.conform.it\/wp-content\/uploads\/2015\/10\/current-account-img.png 130w, https:\/\/fabula.conform.it\/wp-content\/uploads\/2015\/10\/current-account-img-75x75.png 75w\" sizes=\"(max-width: 130px) 100vw, 130px\" \/><\/a><\/p>\n<h4 style=\"text-align: center;\"><a href=\"http:\/\/fabula.conform.it\/current-account\/\"><span style=\"color: #76d2d5;\">Current account<\/span><\/a><\/h4> [\/vc_column_text][\/vc_column_inner][vc_column_inner width=\u00bb1\/6&#8243; css=\u00bb.vc_custom_1452596819561{border-right-width: 1px !important;border-right-color: #eaeaea !important;border-right-style: solid !important;}\u00bb][vc_column_text]<a href=\"http:\/\/fabula.conform.it\/bank-transfers\/\"><img loading=\"lazy\" class=\"size-full wp-image-3207 aligncenter\" src=\"http:\/\/fabula.conform.it\/wp-content\/uploads\/2016\/01\/BANK-TRANSFERS-img.png\" alt=\"bank-transfers\" width=\"130\" height=\"130\" \/><\/a><\/p>\n<h4 style=\"text-align: center;\"><a href=\"http:\/\/fabula.conform.it\/bank-transfers\/\"><span style=\"color: #76d2d5;\">Bank transfers<\/span><\/a><\/h4> [\/vc_column_text][\/vc_column_inner][vc_column_inner width=\u00bb1\/6&#8243; css=\u00bb.vc_custom_1452596949454{border-right-width: 1px !important;border-right-color: #eaeaea !important;border-right-style: solid !important;}\u00bb][vc_column_text]<a href=\"http:\/\/fabula.conform.it\/credit-cards\/\"><img loading=\"lazy\" class=\"size-full wp-image-3207 aligncenter\" src=\"http:\/\/fabula.conform.it\/wp-content\/uploads\/2016\/01\/credit-cards-img.png\" alt=\"credit-cards\" width=\"130\" height=\"130\" \/><\/a><\/p>\n<h4 style=\"text-align: center;\"><a href=\"http:\/\/fabula.conform.it\/credit-cards\/\"><span style=\"color: #76d2d5;\">Credit cards<\/span><\/a><\/h4> [\/vc_column_text][\/vc_column_inner][vc_column_inner width=\u00bb1\/6&#8243; css=\u00bb.vc_custom_1452596930306{border-right-width: 1px !important;border-right-color: #eaeaea !important;border-right-style: solid !important;}\u00bb][vc_column_text]<a href=\"http:\/\/fabula.conform.it\/prepaid-cards\/\"><img loading=\"lazy\" class=\"size-full wp-image-3207 aligncenter\" src=\"http:\/\/fabula.conform.it\/wp-content\/uploads\/2016\/01\/prepaid-img.png\" alt=\"prepaid-cards\" width=\"130\" height=\"130\" \/><\/a><\/p>\n<h4 style=\"text-align: center; color: #76d2d5;\"><a href=\"http:\/\/fabula.conform.it\/prepaid-cards\/\"><span style=\"color: #76d2d5;\">Prepaid cards<\/span><\/a><\/h4> [\/vc_column_text][\/vc_column_inner][vc_column_inner width=\u00bb1\/6&#8243;][vc_empty_space height=\u00bb30px\u00bb][vc_column_text]<a href=\"http:\/\/fabula.conform.it\/cashpoint-cards\/\"><img loading=\"lazy\" class=\"size-full wp-image-3207 aligncenter\" src=\"http:\/\/fabula.conform.it\/wp-content\/uploads\/2016\/01\/bancomat-img.png\" alt=\"cashpoint-cards\" width=\"130\" height=\"130\" \/><\/a><\/p>\n<h4 style=\"text-align: center; color: #76d2d5;\"><a href=\"http:\/\/fabula.conform.it\/cashpoint-cards\/\"><span style=\"color: #76d2d5;\">Cashpoint cards<\/span><\/a><\/h4> [\/vc_column_text][\/vc_column_inner][\/vc_row_inner][vc_empty_space height=\u00bb20px\u00bb][vc_row_inner][vc_column_inner width=\u00bb1\/6&#8243; css=\u00bb.vc_custom_1452596837302{border-right-width: 1px !important;border-right-color: #eaeaea !important;border-right-style: solid !important;}\u00bb][vc_column_text]<a href=\"http:\/\/fabula.conform.it\/contactless-cards\/\"><img loading=\"lazy\" class=\"size-full wp-image-3207 aligncenter\" src=\"http:\/\/fabula.conform.it\/wp-content\/uploads\/2016\/01\/contactless-imh.png\" alt=\"contactless\" width=\"130\" height=\"130\" \/><\/a><\/p>\n<h4 style=\"text-align: center;\"><span style=\"color: #76d2d5;\"><a style=\"color: #76d2d5;\" href=\"http:\/\/fabula.conform.it\/contactless-cards\/\">Contactless cards<\/a><\/span><\/h4> [\/vc_column_text][\/vc_column_inner][vc_column_inner width=\u00bb1\/6&#8243; css=\u00bb.vc_custom_1452596870894{border-right-width: 1px !important;border-right-color: #eaeaea !important;border-right-style: solid !important;}\u00bb][vc_column_text]<a href=\"http:\/\/fabula.conform.it\/online-banking\/\"><img loading=\"lazy\" class=\"size-full wp-image-3207 aligncenter\" src=\"http:\/\/fabula.conform.it\/wp-content\/uploads\/2016\/01\/home-banking-img.png\" alt=\"online-banking\" width=\"130\" height=\"130\" \/><\/a><\/p>\n<h4 style=\"text-align: center;\"><span style=\"color: #76d2d5;\"><a style=\"color: #76d2d5;\" href=\"http:\/\/fabula.conform.it\/online-banking\/\">Online banking<\/a><\/span><\/h4> [\/vc_column_text][\/vc_column_inner][vc_column_inner width=\u00bb1\/6&#8243; css=\u00bb.vc_custom_1452596881762{border-right-width: 1px !important;border-right-color: #eaeaea !important;border-right-style: solid !important;}\u00bb][vc_column_text]<a href=\"http:\/\/fabula.conform.it\/phone-banking\/\"><img loading=\"lazy\" class=\"size-full wp-image-3207 aligncenter\" src=\"http:\/\/fabula.conform.it\/wp-content\/uploads\/2016\/01\/phone-banking-img.png\" alt=\"phone-banking\" width=\"130\" height=\"130\" \/><\/a><\/p>\n<h4 style=\"text-align: center;\"><span style=\"color: #76d2d5;\"><a style=\"color: #76d2d5;\" href=\"http:\/\/fabula.conform.it\/phone-banking\/\">Phone banking<\/a><\/span><\/h4> [\/vc_column_text][\/vc_column_inner][vc_column_inner width=\u00bb1\/6&#8243; css=\u00bb.vc_custom_1452596894024{border-right-width: 1px !important;border-right-color: #eaeaea !important;border-right-style: solid !important;}\u00bb][vc_column_text]<a href=\"http:\/\/fabula.conform.it\/currency\/\"><img loading=\"lazy\" class=\"size-full wp-image-3207 aligncenter\" src=\"http:\/\/fabula.conform.it\/wp-content\/uploads\/2016\/01\/CURRENCIES.png\" alt=\"currency\" width=\"130\" height=\"130\" \/><\/a><\/p>\n<h4 style=\"text-align: center;\"><span style=\"color: #76d2d5;\"><a style=\"color: #76d2d5;\" href=\"http:\/\/fabula.conform.it\/currency\/\">Currency<\/a><\/span><\/h4> [\/vc_column_text][\/vc_column_inner][vc_column_inner width=\u00bb1\/6&#8243; css=\u00bb.vc_custom_1452596915715{border-right-width: 1px !important;border-right-color: #eaeaea !important;border-right-style: solid !important;}\u00bb][vc_column_text]<a href=\"http:\/\/fabula.conform.it\/savings\/\"><img loading=\"lazy\" class=\"size-full wp-image-3207 aligncenter\" src=\"http:\/\/fabula.conform.it\/wp-content\/uploads\/2016\/01\/savings-img.png\" alt=\"savings\" width=\"130\" height=\"130\" \/><\/a><\/p>\n<h4 style=\"text-align: center;\"><span style=\"color: #76d2d5;\"><a style=\"color: #76d2d5;\" href=\"http:\/\/fabula.conform.it\/savings\/\">Savings<\/a><\/span><\/h4> [\/vc_column_text][\/vc_column_inner][vc_column_inner width=\u00bb1\/6&#8243;][vc_empty_space height=\u00bb30px\u00bb][vc_column_text]<a href=\"https:\/\/fabula.conform.it\/investments\/\"><img loading=\"lazy\" class=\"size-full wp-image-3207 aligncenter\" src=\"http:\/\/fabula.conform.it\/wp-content\/uploads\/2016\/01\/investments-img.png\" alt=\"investments\" width=\"130\" height=\"130\" \/><\/a><\/p>\n<h4 style=\"text-align: center;\"><span style=\"color: #76d2d5;\"><a style=\"color: #76d2d5;\" href=\"https:\/\/fabula.conform.it\/investments\/\">Investments<\/a><\/span><\/h4> [\/vc_column_text][\/vc_column_inner][\/vc_row_inner][vc_empty_space height=\u00bb20px\u00bb][\/vc_column][\/vc_row][vc_row full_width=\u00bbstretch_row\u00bb disable_element=\u00bbyes\u00bb css=\u00bb.vc_custom_1630488145135{margin-top: 0px !important;background: #3bb6bf url(http:\/\/fabula.conform.it\/wp-content\/uploads\/2015\/10\/texture_13.png?id=2835) !important;background-position: 0 0 !important;background-repeat: repeat !important;}\u00bb][vc_column][vc_empty_space]<h1 class=\"sc_title sc_title_regular\" style=\"text-align:left;\"> <p style=\"text-align: center;\"><span style=\"color: #ffffff;\">Social<\/span> <\/h1>[vc_row_inner][vc_column_inner width=\u00bb1\/3&#8243;][vc_column_text]<div class=\"sc_title_icon sc_title_top sc_size_medium icon-user\"><\/div><h3 class=\"sc_title sc_title_iconed\" style=\"text-align:center;\"> <p style=\"text-align: center; color: #fff;\"><span style=\"color: #fff;\">[buddylink bmlink=\u00bbactivity\u00bb bltext=\u00bbAccount\u00bb]<\/span> <\/h3>[\/vc_column_text][\/vc_column_inner][vc_column_inner width=\u00bb1\/3&#8243;][vc_column_text]<a href=\"http:\/\/fabula.conform.it\/activity\/\"><div class=\"sc_title_icon sc_title_top sc_size_medium icon-megaphone\"><\/div><h3 class=\"sc_title sc_title_iconed\" style=\"text-align:center;\">Activity<\/h3><\/a>[\/vc_column_text][\/vc_column_inner][vc_column_inner width=\u00bb1\/3&#8243;][vc_column_text]<div class=\"sc_title_icon sc_title_top sc_size_medium icon-users\"><\/div><h3 class=\"sc_title sc_title_iconed\" style=\"text-align:center;\"><a href=\"http:\/\/fabula.conform.it\/members\/\">Users<\/a><\/h3>[\/vc_column_text][\/vc_column_inner][\/vc_row_inner][vc_empty_space][\/vc_column][\/vc_row] <\/section>","protected":false},"excerpt":{"rendered":" [vc_row][vc_column][vc_empty_space][vc_row_inner][vc_column_inner width=\u00bb1\/4&#8243;][\/vc_column_inner][vc_column_inner width=\u00bb1\/2&#8243;][vc_column_text] Bienvenidos al ambiente de aprendizaje FEDRO! Este ambiente de aprendizaje, creado en las buenas pr\u00e1cticas del proyecto FABULA, ha sido ampliado con el proyecto FABULA C- PLUS. En \u00e9l, de hecho, puedes encontrar las herramientas did\u00e1cticas creadas en los dos proyectos, divididas en dos grandes \u00e1reas: \u2022 Econom\u00eda Circular \u2022 Emprendimiento y [&hellip;] ","protected":false},"author":24,"featured_media":0,"parent":4466,"menu_order":0,"comment_status":"open","ping_status":"closed","template":"","meta":[],"_links":{"self":[{"href":"https:\/\/fabula.conform.it\/es\/wp-json\/wp\/v2\/pages\/4698"}],"collection":[{"href":"https:\/\/fabula.conform.it\/es\/wp-json\/wp\/v2\/pages"}],"about":[{"href":"https:\/\/fabula.conform.it\/es\/wp-json\/wp\/v2\/types\/page"}],"author":[{"embeddable":true,"href":"https:\/\/fabula.conform.it\/es\/wp-json\/wp\/v2\/users\/24"}],"replies":[{"embeddable":true,"href":"https:\/\/fabula.conform.it\/es\/wp-json\/wp\/v2\/comments?post=4698"}],"version-history":[{"count":7,"href":"https:\/\/fabula.conform.it\/es\/wp-json\/wp\/v2\/pages\/4698\/revisions"}],"predecessor-version":[{"id":6880,"href":"https:\/\/fabula.conform.it\/es\/wp-json\/wp\/v2\/pages\/4698\/revisions\/6880"}],"up":[{"embeddable":true,"href":"https:\/\/fabula.conform.it\/es\/wp-json\/wp\/v2\/pages\/4466"}],"wp:attachment":[{"href":"https:\/\/fabula.conform.it\/es\/wp-json\/wp\/v2\/media?parent=4698"}],"curies":[{"name":"wp","href":"https:\/\/api.w.org\/{rel}","templated":true}]}}