{"id":2768,"date":"2015-10-27T16:32:41","date_gmt":"2015-10-27T16:32:41","guid":{"rendered":"http:\/\/fabula.conform.it\/?page_id=2768"},"modified":"2015-10-27T16:45:12","modified_gmt":"2015-10-27T16:45:12","slug":"drfevzi","status":"publish","type":"page","link":"https:\/\/fabula.conform.it\/it\/i-partner\/drfevzi\/","title":{"rendered":"DR. Fevzi M\u00fcr\u00fcvet U\u011furo\u011flu Secondary  school"},"content":{"rendered":"<section class=\"wpb-content-wrapper\"> [vc_row][vc_column]<div class=\"columnsWrap sc_columns sc_columns_count_2\"><div class=\"columns1_2 sc_column_item sc_column_item_1 odd first\" style=\"text-align:center;;\">[vc_empty_space height=&#8221;40px&#8221;]<figure class=\"sc_image  sc_image_shape_square logo-partner\" style=\"width:100%;\"><img src=\"https:\/\/fabula.conform.it\/wp-content\/uploads\/2015\/10\/logo-dr-turkey-big.jpg\" alt=\"\" \/><\/figure><\/div><div class=\"columns1_2 sc_column_item sc_column_item_2 even\">[vc_empty_space height=&#8221;40px&#8221;]<h1 class=\"sc_title sc_title_regular\" style=\"text-align:left;\">DR. Fevzi M\u00fcr\u00fcvet U\u011furo\u011flu Secondary \u00a0school<\/h1>[vc_column_text] <p style=\"text-align: justify;\">La Scuola Secondaria Superiore \u201cDR. Fevzi M\u00fcr\u00fcvet U\u011furo\u011flu\u201d ha iniziato la\u00a0propria attivit\u00e0 nel 1997 ed \u00e8 situate nel quartiere di Mimar Sinan. Nel 2008 si \u00e8 unit\u00e0 alla Scuola Primaria \u201cVali \u00d6zg\u00f6dek\u201d, fondata nel 1992. [\/vc_column_text]<\/div><\/div>[vc_empty_space height=&#8221;80px&#8221;][\/vc_column][\/vc_row][vc_row full_width=&#8221;stretch_row_content&#8221; css=&#8221;.vc_custom_1445941729233{background-image: url(http:\/\/fabula.conform.it\/wp-content\/uploads\/2015\/10\/pattern_7.png?id=2663) !important;background-position: 0 0 !important;background-repeat: repeat !important;}&#8221;][vc_column][vc_empty_space height=&#8221;80px&#8221;][vc_column_text] <pre><div class=\"sc_title_icon sc_title_top sc_size_medium icon-desktop\"><\/div><h4 class=\"sc_title sc_title_iconed\" style=\"text-align:center;\"><a href=\"http:\/\/drfevzi.meb.k12.tr\/tema\/\" target=\"_blank\">Vai al sito<\/a><\/h4><\/pre> [\/vc_column_text][vc_empty_space height=&#8221;80px&#8221;][\/vc_column][\/vc_row] <\/section>","protected":false},"excerpt":{"rendered":" [vc_row][vc_column][vc_empty_space height=&#8221;80px&#8221;][\/vc_column][\/vc_row][vc_row full_width=&#8221;stretch_row_content&#8221; css=&#8221;.vc_custom_1445941729233{background-image: url(http:\/\/fabula.conform.it\/wp-content\/uploads\/2015\/10\/pattern_7.png?id=2663) !important;background-position: 0 0 !important;background-repeat: repeat !important;}&#8221;][vc_column][vc_empty_space height=&#8221;80px&#8221;][vc_column_text] [\/vc_column_text][vc_empty_space height=&#8221;80px&#8221;][\/vc_column][\/vc_row] ","protected":false},"author":24,"featured_media":0,"parent":2616,"menu_order":0,"comment_status":"open","ping_status":"closed","template":"","meta":[],"_links":{"self":[{"href":"https:\/\/fabula.conform.it\/it\/wp-json\/wp\/v2\/pages\/2768"}],"collection":[{"href":"https:\/\/fabula.conform.it\/it\/wp-json\/wp\/v2\/pages"}],"about":[{"href":"https:\/\/fabula.conform.it\/it\/wp-json\/wp\/v2\/types\/page"}],"author":[{"embeddable":true,"href":"https:\/\/fabula.conform.it\/it\/wp-json\/wp\/v2\/users\/24"}],"replies":[{"embeddable":true,"href":"https:\/\/fabula.conform.it\/it\/wp-json\/wp\/v2\/comments?post=2768"}],"version-history":[{"count":4,"href":"https:\/\/fabula.conform.it\/it\/wp-json\/wp\/v2\/pages\/2768\/revisions"}],"predecessor-version":[{"id":2773,"href":"https:\/\/fabula.conform.it\/it\/wp-json\/wp\/v2\/pages\/2768\/revisions\/2773"}],"up":[{"embeddable":true,"href":"https:\/\/fabula.conform.it\/it\/wp-json\/wp\/v2\/pages\/2616"}],"wp:attachment":[{"href":"https:\/\/fabula.conform.it\/it\/wp-json\/wp\/v2\/media?parent=2768"}],"curies":[{"name":"wp","href":"https:\/\/api.w.org\/{rel}","templated":true}]}}