{"id":3877,"date":"2016-07-26T11:27:04","date_gmt":"2016-07-26T11:27:04","guid":{"rendered":"http:\/\/fabula.conform.it\/it\/?page_id=3877"},"modified":"2016-09-20T13:49:58","modified_gmt":"2016-09-20T13:49:58","slug":"conto-corrente","status":"publish","type":"page","link":"https:\/\/fabula.conform.it\/it\/conto-corrente\/","title":{"rendered":"Conto corrente"},"content":{"rendered":"<section class=\"wpb-content-wrapper\"> [vc_row][vc_column][vc_empty_space][vc_column_text]Il conto corrente \u00e8 un insieme di servizi, una piattaforma ideata per rendere pi\u00f9 veloci e sicure molte attivit\u00e0 quotidiane&#8230;[\/vc_column_text][vc_empty_space height=&#8221;40px&#8221;][\/vc_column][\/vc_row][vc_row][vc_column][vc_column_text css=&#8221;.vc_custom_1469534621421{border-bottom-width: 1px !important;padding-top: 30px !important;border-bottom-color: #cccccc !important;border-bottom-style: solid !important;}&#8221;]<span style=\"color: #cccccc; font-size: 22px;\"><a style=\"color: #cccccc;\" href=\"https:\/\/ulsterbankni.mymoneysense.com\/students\/kids-8-12\/types-of-account\/\" target=\"_blank\">Il conto corrente<\/a><\/span>[\/vc_column_text][vc_column_text css=&#8221;.vc_custom_1469534667197{border-bottom-width: 1px !important;padding-top: 30px !important;border-bottom-color: #cccccc !important;border-bottom-style: solid !important;}&#8221;]<span style=\"color: #999999; font-size: 22px;\"><a style=\"color: #999999;\" href=\"https:\/\/www.youtube.com\/watch?v=veJiuo0evKg\" target=\"_blank\">Che cos&#8217;\u00e8 il conto corrente?<\/a><\/span><span style=\"color: #cccccc;\">\u00a0<\/span>[\/vc_column_text][\/vc_column][\/vc_row][vc_row][vc_column][vc_empty_space height=&#8221;70px&#8221;][\/vc_column][\/vc_row][vc_row][vc_column][vc_column_text] <h2 style=\"font-size: 36px; text-align: center;\"><span style=\"color: #76d2d5; line-height: 22px;\">ULTERIORI<\/span> <span style=\"color: #1bb4b9; font-size: 36px; padding: 2px; line-height: 22px;\">APPROFONDIMENTI<\/span><\/h2> [\/vc_column_text][vc_row_inner][vc_column_inner width=&#8221;1\/6&#8243; css=&#8221;.vc_custom_1452596778645{border-right-width: 1px !important;border-right-color: #eaeaea !important;border-right-style: solid !important;}&#8221;][vc_column_text]<a href=\"http:\/\/fabula.conform.it\/it\/assegno\/\"><img loading=\"lazy\" class=\"size-full wp-image-3207 aligncenter\" src=\"http:\/\/fabula.conform.it\/wp-content\/uploads\/2016\/01\/ASSEGNO.png\" alt=\"cheques\" width=\"130\" height=\"130\" \/><\/a><\/p>\n<h4 style=\"text-align: center;\"><a href=\"http:\/\/fabula.conform.it\/it\/assegno\/\"><span style=\"color: #76d2d5;\">Assegno<\/span><\/a><\/h4> [\/vc_column_text][\/vc_column_inner][vc_column_inner width=&#8221;1\/6&#8243; css=&#8221;.vc_custom_1452596799749{border-right-width: 1px !important;border-right-color: #eaeaea !important;border-right-style: solid !important;}&#8221;][vc_column_text]<a href=\"http:\/\/fabula.conform.it\/it\/conto-corrente\/\"><img loading=\"lazy\" class=\"size-full wp-image-3207 aligncenter\" src=\"http:\/\/fabula.conform.it\/wp-content\/uploads\/2015\/10\/current-account-img.png\" alt=\"current-account-img\" width=\"130\" height=\"130\" srcset=\"https:\/\/fabula.conform.it\/wp-content\/uploads\/2015\/10\/current-account-img.png 130w, https:\/\/fabula.conform.it\/wp-content\/uploads\/2015\/10\/current-account-img-75x75.png 75w\" sizes=\"(max-width: 130px) 100vw, 130px\" \/><\/a><\/p>\n<h4 style=\"text-align: center;\"><a href=\"http:\/\/fabula.conform.it\/it\/conto-corrente\/\"><span style=\"color: #76d2d5;\">Conto corrente<\/span><\/a><\/h4> [\/vc_column_text][\/vc_column_inner][vc_column_inner width=&#8221;1\/6&#8243; css=&#8221;.vc_custom_1452596819561{border-right-width: 1px !important;border-right-color: #eaeaea !important;border-right-style: solid !important;}&#8221;][vc_column_text]<a href=\"http:\/\/fabula.conform.it\/it\/bonifico\/\"><img loading=\"lazy\" class=\"size-full wp-image-3207 aligncenter\" src=\"http:\/\/fabula.conform.it\/wp-content\/uploads\/2016\/01\/BANK-TRANSFERS-img.png\" alt=\"bank-transfers\" width=\"130\" height=\"130\" \/><\/a><\/p>\n<h4 style=\"text-align: center;\"><a href=\"http:\/\/fabula.conform.it\/it\/bonifico\/\"><span style=\"color: #76d2d5;\">Bonifico<\/span><\/a><\/h4> [\/vc_column_text][\/vc_column_inner][vc_column_inner width=&#8221;1\/6&#8243; css=&#8221;.vc_custom_1452596949454{border-right-width: 1px !important;border-right-color: #eaeaea !important;border-right-style: solid !important;}&#8221;][vc_column_text]<a href=\"http:\/\/fabula.conform.it\/it\/carte-di-credito\/\"><img loading=\"lazy\" class=\"size-full wp-image-3207 aligncenter\" src=\"http:\/\/fabula.conform.it\/wp-content\/uploads\/2016\/01\/credit-cards-img.png\" alt=\"credit-cards\" width=\"130\" height=\"130\" \/><\/a><\/p>\n<h4 style=\"text-align: center;\"><a href=\"http:\/\/fabula.conform.it\/it\/carte-di-credito\/\"><span style=\"color: #76d2d5;\">Carte di credito<\/span><\/a><\/h4> [\/vc_column_text][\/vc_column_inner][vc_column_inner width=&#8221;1\/6&#8243; css=&#8221;.vc_custom_1452596930306{border-right-width: 1px !important;border-right-color: #eaeaea !important;border-right-style: solid !important;}&#8221;][vc_column_text]<a href=\"http:\/\/fabula.conform.it\/it\/carte-prepagate\/\"><img loading=\"lazy\" class=\"size-full wp-image-3207 aligncenter\" src=\"http:\/\/fabula.conform.it\/wp-content\/uploads\/2016\/01\/prepaid-img.png\" alt=\"prepaid-cards\" width=\"130\" height=\"130\" \/><\/a><\/p>\n<h4 style=\"text-align: center; color: #76d2d5;\"><a href=\"http:\/\/fabula.conform.it\/it\/carte-prepagate\/\"><span style=\"color: #76d2d5;\">Carte prepagate<\/span><\/a><\/h4> [\/vc_column_text][\/vc_column_inner][vc_column_inner width=&#8221;1\/6&#8243; css=&#8221;.vc_custom_1469535123627{padding-top: 40px !important;}&#8221;][vc_column_text]<a href=\"http:\/\/fabula.conform.it\/it\/bancomat\/\"><img loading=\"lazy\" class=\"size-full wp-image-3207 aligncenter\" src=\"http:\/\/fabula.conform.it\/wp-content\/uploads\/2016\/01\/bancomat-img.png\" alt=\"cashpoint-cards\" width=\"130\" height=\"130\" \/><\/a><\/p>\n<h4 style=\"text-align: center; color: #76d2d5;\"><a href=\"http:\/\/fabula.conform.it\/it\/bancomat\/\"><span style=\"color: #76d2d5;\">Bancomat<\/span><\/a><\/h4> [\/vc_column_text][\/vc_column_inner][\/vc_row_inner][vc_empty_space height=&#8221;20px&#8221;][vc_row_inner][vc_column_inner width=&#8221;1\/6&#8243; css=&#8221;.vc_custom_1452596837302{border-right-width: 1px !important;border-right-color: #eaeaea !important;border-right-style: solid !important;}&#8221;][vc_column_text]<a href=\"http:\/\/fabula.conform.it\/it\/contactless\/\"><img loading=\"lazy\" class=\"size-full wp-image-3207 aligncenter\" src=\"http:\/\/fabula.conform.it\/wp-content\/uploads\/2016\/01\/contactless-imh.png\" alt=\"contactless\" width=\"130\" height=\"130\" \/><\/a><\/p>\n<h4 style=\"text-align: center;\"><span style=\"color: #76d2d5;\"><a style=\"color: #76d2d5;\" href=\"http:\/\/fabula.conform.it\/it\/contactless\/\">Contactless<\/a><\/span><\/h4> [\/vc_column_text][\/vc_column_inner][vc_column_inner width=&#8221;1\/6&#8243; css=&#8221;.vc_custom_1452596870894{border-right-width: 1px !important;border-right-color: #eaeaea !important;border-right-style: solid !important;}&#8221;][vc_column_text]<a href=\"http:\/\/fabula.conform.it\/it\/online-banking\/\"><img loading=\"lazy\" class=\"size-full wp-image-3207 aligncenter\" src=\"http:\/\/fabula.conform.it\/wp-content\/uploads\/2016\/01\/home-banking-img.png\" alt=\"online-banking\" width=\"130\" height=\"130\" \/><\/a><\/p>\n<h4 style=\"text-align: center;\"><span style=\"color: #76d2d5;\"><a style=\"color: #76d2d5;\" href=\"http:\/\/fabula.conform.it\/it\/online-banking\/\">Online banking<\/a><\/span><\/h4> [\/vc_column_text][\/vc_column_inner][vc_column_inner width=&#8221;1\/6&#8243; css=&#8221;.vc_custom_1452596881762{border-right-width: 1px !important;border-right-color: #eaeaea !important;border-right-style: solid !important;}&#8221;][vc_column_text]<a href=\"http:\/\/fabula.conform.it\/it\/phone-banking\/\"><img loading=\"lazy\" class=\"size-full wp-image-3207 aligncenter\" src=\"http:\/\/fabula.conform.it\/wp-content\/uploads\/2016\/01\/phone-banking-img.png\" alt=\"phone-banking\" width=\"130\" height=\"130\" \/><\/a><\/p>\n<h4 style=\"text-align: center;\"><span style=\"color: #76d2d5;\"><a style=\"color: #76d2d5;\" href=\"http:\/\/fabula.conform.it\/it\/phone-banking\/\">Phone banking<\/a><\/span><\/h4> [\/vc_column_text][\/vc_column_inner][vc_column_inner width=&#8221;1\/6&#8243; css=&#8221;.vc_custom_1452596894024{border-right-width: 1px !important;border-right-color: #eaeaea !important;border-right-style: solid !important;}&#8221;][vc_column_text]<a href=\"http:\/\/fabula.conform.it\/it\/moneta\/\"><img loading=\"lazy\" class=\"size-full wp-image-3207 aligncenter\" src=\"http:\/\/fabula.conform.it\/wp-content\/uploads\/2016\/01\/CURRENCIES.png\" alt=\"currency\" width=\"130\" height=\"130\" \/><\/a><\/p>\n<h4 style=\"text-align: center;\"><span style=\"color: #76d2d5;\"><a style=\"color: #76d2d5;\" href=\"http:\/\/fabula.conform.it\/it\/moneta\/\">Moneta<\/a><\/span><\/h4> [\/vc_column_text][\/vc_column_inner][vc_column_inner width=&#8221;1\/6&#8243; css=&#8221;.vc_custom_1452596915715{border-right-width: 1px !important;border-right-color: #eaeaea !important;border-right-style: solid !important;}&#8221;][vc_column_text]<a href=\"http:\/\/fabula.conform.it\/it\/risparmio\/\"><img loading=\"lazy\" class=\"size-full wp-image-3207 aligncenter\" src=\"http:\/\/fabula.conform.it\/wp-content\/uploads\/2016\/01\/savings-img.png\" alt=\"savings\" width=\"130\" height=\"130\" \/><\/a><\/p>\n<h4 style=\"text-align: center;\"><span style=\"color: #76d2d5;\"><a style=\"color: #76d2d5;\" href=\"http:\/\/fabula.conform.it\/it\/risparmio\/\">Risparmio<\/a><\/span><\/h4> [\/vc_column_text][\/vc_column_inner][vc_column_inner width=&#8221;1\/6&#8243; css=&#8221;.vc_custom_1469535117305{padding-top: 40px !important;}&#8221;][vc_column_text]<a href=\"http:\/\/fabula.conform.it\/it\/investimento\/\"><img loading=\"lazy\" class=\"size-full wp-image-3207 aligncenter\" src=\"http:\/\/fabula.conform.it\/wp-content\/uploads\/2016\/01\/investments-img.png\" alt=\"investments\" width=\"130\" height=\"130\" \/><\/a><\/p>\n<h4 style=\"text-align: center;\"><span style=\"color: #76d2d5;\"><a style=\"color: #76d2d5;\" href=\"http:\/\/fabula.conform.it\/it\/investimento\/\">Investimento<\/a><\/span><\/h4> [\/vc_column_text][\/vc_column_inner][\/vc_row_inner][vc_row_inner][vc_column_inner width=&#8221;5\/12&#8243;][\/vc_column_inner][vc_column_inner width=&#8221;1\/6&#8243;][vc_column_text] <h4 style=\"text-align: center;\"><span style=\"color: #76d2d5;\"><a href=\"http:\/\/fabula.conform.it\/it\/giochi-online\/\"><img loading=\"lazy\" class=\"size-full wp-image-3865 aligncenter\" src=\"http:\/\/fabula.conform.it\/wp-content\/uploads\/2015\/10\/icon-giochi-online.png\" alt=\"icon-giochi-online\" width=\"130\" height=\"130\" srcset=\"https:\/\/fabula.conform.it\/wp-content\/uploads\/2015\/10\/icon-giochi-online.png 130w, https:\/\/fabula.conform.it\/wp-content\/uploads\/2015\/10\/icon-giochi-online-75x75.png 75w\" sizes=\"(max-width: 130px) 100vw, 130px\" \/><\/a><a style=\"color: #76d2d5;\" href=\"http:\/\/fabula.conform.it\/it\/giochi-online\/\">Giochi online<\/a><\/span><\/h4> [\/vc_column_text][\/vc_column_inner][vc_column_inner width=&#8221;5\/12&#8243; css=&#8221;.vc_custom_1469529207763{border-right-width: 1px !important;border-right-color: #eaeaea !important;border-right-style: solid !important;}&#8221;][\/vc_column_inner][\/vc_row_inner][vc_empty_space height=&#8221;20px&#8221;][\/vc_column][\/vc_row][vc_row][vc_column][vc_empty_space][vc_empty_space height=&#8221;40px&#8221;][\/vc_column][\/vc_row] <\/section>","protected":false},"excerpt":{"rendered":" [vc_row][vc_column][vc_empty_space][vc_column_text]Il conto corrente \u00e8 un insieme di servizi, una piattaforma ideata per rendere pi\u00f9 veloci e sicure molte attivit\u00e0 quotidiane&#8230;[\/vc_column_text][vc_empty_space height=&#8221;40px&#8221;][\/vc_column][\/vc_row][vc_row][vc_column][vc_column_text css=&#8221;.vc_custom_1469534621421{border-bottom-width: 1px !important;padding-top: 30px !important;border-bottom-color: #cccccc !important;border-bottom-style: solid !important;}&#8221;]Il conto corrente[\/vc_column_text][vc_column_text css=&#8221;.vc_custom_1469534667197{border-bottom-width: 1px !important;padding-top: 30px !important;border-bottom-color: #cccccc !important;border-bottom-style: solid !important;}&#8221;]Che cos&#8217;\u00e8 il conto corrente?\u00a0[\/vc_column_text][\/vc_column][\/vc_row][vc_row][vc_column][vc_empty_space height=&#8221;70px&#8221;][\/vc_column][\/vc_row][vc_row][vc_column][vc_column_text] ULTERIORI APPROFONDIMENTI [\/vc_column_text][vc_row_inner][vc_column_inner width=&#8221;1\/6&#8243; css=&#8221;.vc_custom_1452596778645{border-right-width: 1px !important;border-right-color: #eaeaea !important;border-right-style: [&hellip;] ","protected":false},"author":24,"featured_media":0,"parent":0,"menu_order":0,"comment_status":"open","ping_status":"closed","template":"","meta":[],"_links":{"self":[{"href":"https:\/\/fabula.conform.it\/it\/wp-json\/wp\/v2\/pages\/3877"}],"collection":[{"href":"https:\/\/fabula.conform.it\/it\/wp-json\/wp\/v2\/pages"}],"about":[{"href":"https:\/\/fabula.conform.it\/it\/wp-json\/wp\/v2\/types\/page"}],"author":[{"embeddable":true,"href":"https:\/\/fabula.conform.it\/it\/wp-json\/wp\/v2\/users\/24"}],"replies":[{"embeddable":true,"href":"https:\/\/fabula.conform.it\/it\/wp-json\/wp\/v2\/comments?post=3877"}],"version-history":[{"count":7,"href":"https:\/\/fabula.conform.it\/it\/wp-json\/wp\/v2\/pages\/3877\/revisions"}],"predecessor-version":[{"id":3953,"href":"https:\/\/fabula.conform.it\/it\/wp-json\/wp\/v2\/pages\/3877\/revisions\/3953"}],"wp:attachment":[{"href":"https:\/\/fabula.conform.it\/it\/wp-json\/wp\/v2\/media?parent=3877"}],"curies":[{"name":"wp","href":"https:\/\/api.w.org\/{rel}","templated":true}]}}