{"id":4636,"date":"2021-11-29T12:17:27","date_gmt":"2021-11-29T12:17:27","guid":{"rendered":"https:\/\/fabula.conform.it\/?page_id=4636"},"modified":"2022-05-12T15:13:03","modified_gmt":"2022-05-12T15:13:03","slug":"akmi-vet-institute-it","status":"publish","type":"page","link":"https:\/\/fabula.conform.it\/it\/fabula-cplus\/the-partnership-cplus\/akmi-vet-institute-it\/","title":{"rendered":"AKMI VET Institute"},"content":{"rendered":"<section class=\"wpb-content-wrapper\"> [vc_row][vc_column][vc_empty_space height=&#8221;80px&#8221;]<div class=\"columnsWrap sc_columns sc_columns_count_2\"><div class=\"columns1_2 sc_column_item sc_column_item_1 odd first\" style=\"text-align:center;;\">[vc_empty_space height=&#8221;40px&#8221;]<figure class=\"sc_image  sc_image_shape_square logo-partner\" style=\"width:100%;\"><img src=\"https:\/\/fabula.conform.it\/wp-content\/uploads\/2021\/08\/LOGO-IEK-AKMI-ENGLISH1.png\" alt=\"\" \/><\/figure><\/div><div class=\"columns1_2 sc_column_item sc_column_item_2 even\"><h1 class=\"sc_title sc_title_regular\" style=\"text-align:left;\">AKMI VET INSTITUTE<\/h1>[vc_column_text]AKMI VET Institute \u00e8 stato fondato nel 1989 e oggi \u00e8 uno dei principali istituti di formazione professionale in Grecia che fornisce istruzione post-secondaria, con oltre 37.500 m2 di infrastrutture in varie citt\u00e0 della Grecia, tra cui uno dei campus pi\u00f9 profilati della Nazione. Ogni anno, ca. 14.000+ studenti attivi sono iscritti con l&#8217;obiettivo di studiare una delle 107 specialit\u00e0, in pi\u00f9 di 340 laboratori offerti in 6 citt\u00e0 in tutta la Grecia. AKMI spera che con un&#8217;istruzione adeguata, i giovani possano diventare cittadini produttivi, orientati alla scienza, di larghe vedute e cittadini ideali poich\u00e9 la societ\u00e0 \u00e8 significativamente influenzata da questa categoria di persone.[\/vc_column_text]<\/div><\/div>[vc_empty_space height=&#8221;80px&#8221;][\/vc_column][\/vc_row][vc_row full_width=&#8221;stretch_row_content&#8221; css=&#8221;.vc_custom_1445941729233{background-image: url(http:\/\/fabula.conform.it\/wp-content\/uploads\/2015\/10\/pattern_7.png?id=2663) !important;background-position: 0 0 !important;background-repeat: repeat !important;}&#8221;][vc_column][vc_empty_space height=&#8221;80px&#8221;][vc_column_text] <pre><div class=\"sc_title_icon sc_title_top sc_size_medium icon-desktop\"><\/div><h4 class=\"sc_title sc_title_iconed\" style=\"text-align:center;\"><a href=\"https:\/\/iek-akmi.edu.gr\/\" target=\"_blank\" rel=\"noopener\">Sito web<\/a><\/h4><\/pre> [\/vc_column_text][vc_empty_space height=&#8221;80px&#8221;][\/vc_column][\/vc_row] <\/section>","protected":false},"excerpt":{"rendered":" [vc_row][vc_column][vc_empty_space height=&#8221;80px&#8221;][vc_empty_space height=&#8221;80px&#8221;][\/vc_column][\/vc_row][vc_row full_width=&#8221;stretch_row_content&#8221; css=&#8221;.vc_custom_1445941729233{background-image: url(http:\/\/fabula.conform.it\/wp-content\/uploads\/2015\/10\/pattern_7.png?id=2663) !important;background-position: 0 0 !important;background-repeat: repeat !important;}&#8221;][vc_column][vc_empty_space height=&#8221;80px&#8221;][vc_column_text] [\/vc_column_text][vc_empty_space height=&#8221;80px&#8221;][\/vc_column][\/vc_row] ","protected":false},"author":24,"featured_media":0,"parent":4561,"menu_order":0,"comment_status":"open","ping_status":"closed","template":"","meta":[],"_links":{"self":[{"href":"https:\/\/fabula.conform.it\/it\/wp-json\/wp\/v2\/pages\/4636"}],"collection":[{"href":"https:\/\/fabula.conform.it\/it\/wp-json\/wp\/v2\/pages"}],"about":[{"href":"https:\/\/fabula.conform.it\/it\/wp-json\/wp\/v2\/types\/page"}],"author":[{"embeddable":true,"href":"https:\/\/fabula.conform.it\/it\/wp-json\/wp\/v2\/users\/24"}],"replies":[{"embeddable":true,"href":"https:\/\/fabula.conform.it\/it\/wp-json\/wp\/v2\/comments?post=4636"}],"version-history":[{"count":2,"href":"https:\/\/fabula.conform.it\/it\/wp-json\/wp\/v2\/pages\/4636\/revisions"}],"predecessor-version":[{"id":4795,"href":"https:\/\/fabula.conform.it\/it\/wp-json\/wp\/v2\/pages\/4636\/revisions\/4795"}],"up":[{"embeddable":true,"href":"https:\/\/fabula.conform.it\/it\/wp-json\/wp\/v2\/pages\/4561"}],"wp:attachment":[{"href":"https:\/\/fabula.conform.it\/it\/wp-json\/wp\/v2\/media?parent=4636"}],"curies":[{"name":"wp","href":"https:\/\/api.w.org\/{rel}","templated":true}]}}