{"id":4666,"date":"2021-08-31T17:31:52","date_gmt":"2021-08-31T17:31:52","guid":{"rendered":"https:\/\/fabula.conform.it\/?page_id=4666"},"modified":"2022-05-12T10:46:47","modified_gmt":"2022-05-12T10:46:47","slug":"fei","status":"publish","type":"page","link":"https:\/\/fabula.conform.it\/it\/fabula-cplus\/the-partnership-cplus\/fei\/","title":{"rendered":"FEI"},"content":{"rendered":"<section class=\"wpb-content-wrapper\"> [vc_row][vc_column]<div class=\"columnsWrap sc_columns sc_columns_count_2\"><div class=\"columns1_2 sc_column_item sc_column_item_1 odd first\" style=\"text-align:center;;\">[vc_empty_space height=&#8221;40px&#8221;]<figure class=\"sc_image  sc_image_shape_square logo-partner\" style=\"width:100%;\"><img src=\"https:\/\/fabula.conform.it\/wp-content\/uploads\/2021\/08\/logo-FEI.jpg\" alt=\"\" \/><\/figure><\/div><div class=\"columns1_2 sc_column_item sc_column_item_2 even\">[vc_empty_space height=&#8221;40px&#8221;]<h1 class=\"sc_title sc_title_regular\" style=\"text-align:left;\">Formaci\u00f3n y Education Integral (FEI)<\/h1>[vc_column_text] <p style=\"text-align: justify;\">La societ\u00e0 Formaci\u00f3n y Education Integral (FEI) \u00e8 stata costituita il 10 ottobre 1997, riunendo un team di esperti in amministrazione e formazione provenienti dai Centri di Formazione. La missione fondamentale \u00e8 il design, la progettazione e la realizzazione di iniziative nei settori della formazione, delle attivit\u00e0 di divulgazione tecnologica e della partecipazione a progetti orientati alla formazione in ambito personale, professionale e aziendale [\/vc_column_text]<\/div><\/div>[vc_empty_space height=&#8221;80px&#8221;][\/vc_column][\/vc_row][vc_row full_width=&#8221;stretch_row_content&#8221; css=&#8221;.vc_custom_1445941729233{background-image: url(http:\/\/fabula.conform.it\/wp-content\/uploads\/2015\/10\/pattern_7.png?id=2663) !important;background-position: 0 0 !important;background-repeat: repeat !important;}&#8221;][vc_column][vc_empty_space height=&#8221;80px&#8221;][vc_column_text] <pre><div class=\"sc_title_icon sc_title_top sc_size_medium icon-desktop\"><\/div><h4 class=\"sc_title sc_title_iconed\" style=\"text-align:center;\"><a href=\"http:\/\/www.feiformacion.com\/\" target=\"_blank\" rel=\"noopener\">Website<\/a><\/h4><\/pre> [\/vc_column_text][vc_empty_space height=&#8221;80px&#8221;][\/vc_column][\/vc_row] <\/section>","protected":false},"excerpt":{"rendered":" [vc_row][vc_column][vc_empty_space height=&#8221;80px&#8221;][\/vc_column][\/vc_row][vc_row full_width=&#8221;stretch_row_content&#8221; css=&#8221;.vc_custom_1445941729233{background-image: url(http:\/\/fabula.conform.it\/wp-content\/uploads\/2015\/10\/pattern_7.png?id=2663) !important;background-position: 0 0 !important;background-repeat: repeat !important;}&#8221;][vc_column][vc_empty_space height=&#8221;80px&#8221;][vc_column_text] [\/vc_column_text][vc_empty_space height=&#8221;80px&#8221;][\/vc_column][\/vc_row] ","protected":false},"author":24,"featured_media":0,"parent":4561,"menu_order":0,"comment_status":"open","ping_status":"closed","template":"","meta":[],"_links":{"self":[{"href":"https:\/\/fabula.conform.it\/it\/wp-json\/wp\/v2\/pages\/4666"}],"collection":[{"href":"https:\/\/fabula.conform.it\/it\/wp-json\/wp\/v2\/pages"}],"about":[{"href":"https:\/\/fabula.conform.it\/it\/wp-json\/wp\/v2\/types\/page"}],"author":[{"embeddable":true,"href":"https:\/\/fabula.conform.it\/it\/wp-json\/wp\/v2\/users\/24"}],"replies":[{"embeddable":true,"href":"https:\/\/fabula.conform.it\/it\/wp-json\/wp\/v2\/comments?post=4666"}],"version-history":[{"count":4,"href":"https:\/\/fabula.conform.it\/it\/wp-json\/wp\/v2\/pages\/4666\/revisions"}],"predecessor-version":[{"id":6719,"href":"https:\/\/fabula.conform.it\/it\/wp-json\/wp\/v2\/pages\/4666\/revisions\/6719"}],"up":[{"embeddable":true,"href":"https:\/\/fabula.conform.it\/it\/wp-json\/wp\/v2\/pages\/4561"}],"wp:attachment":[{"href":"https:\/\/fabula.conform.it\/it\/wp-json\/wp\/v2\/media?parent=4666"}],"curies":[{"name":"wp","href":"https:\/\/api.w.org\/{rel}","templated":true}]}}