{"id":3436,"date":"2015-10-27T09:49:58","date_gmt":"2015-10-27T09:49:58","guid":{"rendered":"http:\/\/fabula.conform.it\/tr\/istituto-suor-orsola-benincasa\/"},"modified":"2016-02-04T17:02:03","modified_gmt":"2016-02-04T17:02:03","slug":"istituto-suor-orsola-benincasa","status":"publish","type":"page","link":"https:\/\/fabula.conform.it\/tr\/proje-ortaklari\/istituto-suor-orsola-benincasa\/","title":{"rendered":"Istituto Suor Orsola Benincasa"},"content":{"rendered":"<section class=\"wpb-content-wrapper\"> [vc_row][vc_column]<div class=\"columnsWrap sc_columns sc_columns_count_2\"><div class=\"columns1_2 sc_column_item sc_column_item_1 odd first\" style=\"text-align:center;;\">[vc_empty_space height=&#8221;40px&#8221;]<figure class=\"sc_image  sc_image_shape_square\" style=\"width:90%;\"><img src=\"https:\/\/fabula.conform.it\/wp-content\/uploads\/2015\/10\/sob-logo.jpg\" alt=\"\" \/><\/figure><\/div><div class=\"columns1_2 sc_column_item sc_column_item_2 even\"><h1 class=\"sc_title sc_title_regular\" style=\"text-align:left;\">Istituto Suor Orsola Benincasa<\/h1>[vc_column_text] <p class=\"p1\" style=\"text-align: justify;\">Istituto Suor Orsola Benincasa bir as\u0131rl\u0131k bir e\u011fitim gelene\u011fine varisidir. Okular Enstit\u00fcs\u00fc \u00e7al\u0131\u015fmalar\u0131n t\u00fcm d\u00f6ng\u00fcs\u00fcn\u00fc kapsayan bir birim tabanl\u0131 e\u011fitim program\u0131 sa\u011flamaktad\u0131r. \u00e7al\u0131\u015fma plan\u0131 sadece yatay \u00f6\u011frenci geli\u015fimine dayanmaktad\u0131r ayn\u0131 zamanda dikey \u00f6\u011fretici geli\u015fimine dayanmaktad\u0131r. Ara\u015ft\u0131rma ve deneyim ve bilgi al\u0131\u015fveri\u015fini destekler. \u00d6\u011frenme y\u00f6ntemleri planlamak ve g\u00fcncellemek ve bunlar\u0131 uygulamak, \u00f6\u011frenmek, pilot olarak denenmesi i\u00e7in \u00e7al\u0131\u015f\u0131r. Bili\u015fsel \u00f6\u011frenme s\u00fcre\u00e7lerini, de\u011fi\u015fiklikleri s\u00fcrekli takip eder. [\/vc_column_text]<\/div><\/div>[vc_empty_space height=&#8221;80px&#8221;][\/vc_column][\/vc_row][vc_row full_width=&#8221;stretch_row_content&#8221; css=&#8221;.vc_custom_1445941729233{background-image: url(http:\/\/fabula.conform.it\/wp-content\/uploads\/2015\/10\/pattern_7.png?id=2663) !important;background-position: 0 0 !important;background-repeat: repeat !important;}&#8221;][vc_column][vc_empty_space height=&#8221;80px&#8221;][vc_column_text] <pre><div class=\"sc_title_icon sc_title_top sc_size_medium icon-desktop\"><\/div><h4 class=\"sc_title sc_title_iconed\" style=\"text-align:center;\"><a href=\"http:\/\/www.scuolesob.it\/\" target=\"_blank\">WEB S\u0130TES\u0130<\/a><\/h4><\/pre> [\/vc_column_text][vc_empty_space height=&#8221;80px&#8221;][\/vc_column][\/vc_row] <\/section>","protected":false},"excerpt":{"rendered":" [vc_row][vc_column][vc_empty_space height=&#8221;80px&#8221;][\/vc_column][\/vc_row][vc_row full_width=&#8221;stretch_row_content&#8221; css=&#8221;.vc_custom_1445941729233{background-image: url(http:\/\/fabula.conform.it\/wp-content\/uploads\/2015\/10\/pattern_7.png?id=2663) !important;background-position: 0 0 !important;background-repeat: repeat !important;}&#8221;][vc_column][vc_empty_space height=&#8221;80px&#8221;][vc_column_text] [\/vc_column_text][vc_empty_space height=&#8221;80px&#8221;][\/vc_column][\/vc_row] ","protected":false},"author":24,"featured_media":0,"parent":3482,"menu_order":0,"comment_status":"open","ping_status":"closed","template":"","meta":[],"_links":{"self":[{"href":"https:\/\/fabula.conform.it\/tr\/wp-json\/wp\/v2\/pages\/3436"}],"collection":[{"href":"https:\/\/fabula.conform.it\/tr\/wp-json\/wp\/v2\/pages"}],"about":[{"href":"https:\/\/fabula.conform.it\/tr\/wp-json\/wp\/v2\/types\/page"}],"author":[{"embeddable":true,"href":"https:\/\/fabula.conform.it\/tr\/wp-json\/wp\/v2\/users\/24"}],"replies":[{"embeddable":true,"href":"https:\/\/fabula.conform.it\/tr\/wp-json\/wp\/v2\/comments?post=3436"}],"version-history":[{"count":2,"href":"https:\/\/fabula.conform.it\/tr\/wp-json\/wp\/v2\/pages\/3436\/revisions"}],"predecessor-version":[{"id":3438,"href":"https:\/\/fabula.conform.it\/tr\/wp-json\/wp\/v2\/pages\/3436\/revisions\/3438"}],"up":[{"embeddable":true,"href":"https:\/\/fabula.conform.it\/tr\/wp-json\/wp\/v2\/pages\/3482"}],"wp:attachment":[{"href":"https:\/\/fabula.conform.it\/tr\/wp-json\/wp\/v2\/media?parent=3436"}],"curies":[{"name":"wp","href":"https:\/\/api.w.org\/{rel}","templated":true}]}}