{"id":3440,"date":"2015-10-27T16:20:59","date_gmt":"2015-10-27T16:20:59","guid":{"rendered":"http:\/\/fabula.conform.it\/tr\/aygiad\/"},"modified":"2016-02-04T18:07:23","modified_gmt":"2016-02-04T18:07:23","slug":"aygiad","status":"publish","type":"page","link":"https:\/\/fabula.conform.it\/tr\/proje-ortaklari\/aygiad\/","title":{"rendered":"Ayd\u0131n Gen\u00e7 \u0130\u015f Adamlar\u0131 Derne\u011fi"},"content":{"rendered":"<section class=\"wpb-content-wrapper\"> [vc_row][vc_column]<div class=\"columnsWrap sc_columns sc_columns_count_2\"><div class=\"columns1_2 sc_column_item sc_column_item_1 odd first\" style=\"text-align:center;;\">[vc_empty_space height=&#8221;40px&#8221;][vc_empty_space height=&#8221;40px&#8221;]<figure class=\"sc_image  sc_image_shape_square logo-partner\" style=\"width:100%;\"><img src=\"https:\/\/fabula.conform.it\/wp-content\/uploads\/2015\/10\/aygiad-logo.png\" alt=\"\" \/><\/figure><\/div><div class=\"columns1_2 sc_column_item sc_column_item_2 even\">[vc_empty_space height=&#8221;40px&#8221;]<h1 class=\"sc_title sc_title_regular\" style=\"text-align:left;\">Association of Ayd\u0131n Young Businessman<\/h1>[vc_column_text] <p style=\"text-align: justify;\">Ayd\u0131n Gen\u00e7 \u0130\u015fadamlar\u0131 Derne\u011fi (AYGIAD), Ayd\u0131ndaki t\u00fcm gen\u00e7 i\u015fadamlar\u0131n\u0131 bir araya toplamak i\u00e7in 1993 y\u0131l\u0131nda kurulmu\u015f bir organizasyondur. Sosyal, k\u00fclt\u00fcrel, e\u011fitim mesleki e\u011fitim konular\u0131nda birlikte \u00e7al\u0131\u015f\u0131p i\u015fbirli\u011fi kurmay\u0131 ama\u00e7lar. Dernegimiz, b\u00f6lgemizde birbirleriyle ve di\u011fer organizasyonlarla birlikte \u00e7al\u0131\u015fmaya hevesli aktif 52 i\u015f dam\u0131ndan olu\u015fmu\u015ftur. [\/vc_column_text]<\/div><\/div>[vc_empty_space height=&#8221;80px&#8221;][\/vc_column][\/vc_row][vc_row full_width=&#8221;stretch_row_content&#8221; css=&#8221;.vc_custom_1445941729233{background-image: url(http:\/\/fabula.conform.it\/wp-content\/uploads\/2015\/10\/pattern_7.png?id=2663) !important;background-position: 0 0 !important;background-repeat: repeat !important;}&#8221;][vc_column][vc_empty_space height=&#8221;80px&#8221;][vc_column_text] <pre><div class=\"sc_title_icon sc_title_top sc_size_medium icon-desktop\"><\/div><h4 class=\"sc_title sc_title_iconed\" style=\"text-align:center;\"><a href=\"http:\/\/www.aygiad.org.tr\/\" target=\"_blank\">WEB S\u0130TES\u0130<\/a><\/h4><\/pre> [\/vc_column_text][vc_empty_space height=&#8221;80px&#8221;][\/vc_column][\/vc_row] <\/section>","protected":false},"excerpt":{"rendered":" [vc_row][vc_column][vc_empty_space height=&#8221;80px&#8221;][\/vc_column][\/vc_row][vc_row full_width=&#8221;stretch_row_content&#8221; css=&#8221;.vc_custom_1445941729233{background-image: url(http:\/\/fabula.conform.it\/wp-content\/uploads\/2015\/10\/pattern_7.png?id=2663) !important;background-position: 0 0 !important;background-repeat: repeat !important;}&#8221;][vc_column][vc_empty_space height=&#8221;80px&#8221;][vc_column_text] [\/vc_column_text][vc_empty_space height=&#8221;80px&#8221;][\/vc_column][\/vc_row] ","protected":false},"author":24,"featured_media":0,"parent":3482,"menu_order":0,"comment_status":"open","ping_status":"closed","template":"","meta":[],"_links":{"self":[{"href":"https:\/\/fabula.conform.it\/tr\/wp-json\/wp\/v2\/pages\/3440"}],"collection":[{"href":"https:\/\/fabula.conform.it\/tr\/wp-json\/wp\/v2\/pages"}],"about":[{"href":"https:\/\/fabula.conform.it\/tr\/wp-json\/wp\/v2\/types\/page"}],"author":[{"embeddable":true,"href":"https:\/\/fabula.conform.it\/tr\/wp-json\/wp\/v2\/users\/24"}],"replies":[{"embeddable":true,"href":"https:\/\/fabula.conform.it\/tr\/wp-json\/wp\/v2\/comments?post=3440"}],"version-history":[{"count":3,"href":"https:\/\/fabula.conform.it\/tr\/wp-json\/wp\/v2\/pages\/3440\/revisions"}],"predecessor-version":[{"id":3443,"href":"https:\/\/fabula.conform.it\/tr\/wp-json\/wp\/v2\/pages\/3440\/revisions\/3443"}],"up":[{"embeddable":true,"href":"https:\/\/fabula.conform.it\/tr\/wp-json\/wp\/v2\/pages\/3482"}],"wp:attachment":[{"href":"https:\/\/fabula.conform.it\/tr\/wp-json\/wp\/v2\/media?parent=3440"}],"curies":[{"name":"wp","href":"https:\/\/api.w.org\/{rel}","templated":true}]}}