{"id":3445,"date":"2015-10-27T14:56:09","date_gmt":"2015-10-27T14:56:09","guid":{"rendered":"http:\/\/fabula.conform.it\/tr\/efeler\/"},"modified":"2016-04-04T11:08:13","modified_gmt":"2016-04-04T11:08:13","slug":"efeler","status":"publish","type":"page","link":"https:\/\/fabula.conform.it\/tr\/proje-ortaklari\/efeler\/","title":{"rendered":"Aydin Efeler Ilce Milli Egitim Mudurlugu"},"content":{"rendered":"<section class=\"wpb-content-wrapper\"> [vc_row][vc_column]<div class=\"columnsWrap sc_columns sc_columns_count_2\"><div class=\"columns1_2 sc_column_item sc_column_item_1 odd first\" style=\"text-align:center;;\">[vc_empty_space height=&#8221;40px&#8221;]<figure class=\"sc_image  sc_image_shape_square logo-partner\" style=\"width:100%;\"><img src=\"https:\/\/fabula.conform.it\/wp-content\/uploads\/2015\/10\/efeler-logo-big.jpg\" alt=\"\" \/><\/figure><\/div><div class=\"columns1_2 sc_column_item sc_column_item_2 even\">[vc_empty_space height=&#8221;40px&#8221;]<h1 class=\"sc_title sc_title_regular\" style=\"text-align:left;\">Aydin Efeler Ilce Milli Egitim Mudurlugu<\/h1>[vc_column_text] <p style=\"text-align: justify;\">Ayd\u0131n \u0130l\u00e7e Milli E\u011fitim M\u00fcd\u00fcrl\u00fc\u011f\u00fc, Ayd\u0131n il merkezindeki t\u00fcm e\u011fitim faaliyetlerini, t\u00fcm kamu ve \u00f6zel e\u011fitim kurumlar\u0131n\u0131 de\u011ferlendiren, izleyen kontrol eden bir kurulu\u015ftur.<br \/>\nEfeler \u0130l\u00e7e Milli E\u011fitim M\u00fcd\u00fcrl\u00fc\u011f\u00fc, Ayd\u0131n il Merkezindeki t\u00fcm e\u011fitim (\u00f6rg\u00fcn ve yayg\u0131n) hizmetlerinin idaresini sa\u011flar. Kendisine ba\u011fl\u0131 140 okul m\u00fcd\u00fcrl\u00fc\u011f\u00fc vard\u0131r. [\/vc_column_text]<\/div><\/div>[vc_empty_space height=&#8221;80px&#8221;][\/vc_column][\/vc_row][vc_row full_width=&#8221;stretch_row_content&#8221; css=&#8221;.vc_custom_1445941729233{background-image: url(http:\/\/fabula.conform.it\/wp-content\/uploads\/2015\/10\/pattern_7.png?id=2663) !important;background-position: 0 0 !important;background-repeat: repeat !important;}&#8221;][vc_column][vc_empty_space height=&#8221;80px&#8221;][vc_column_text] <pre><div class=\"sc_title_icon sc_title_top sc_size_medium icon-desktop\"><\/div><h4 class=\"sc_title sc_title_iconed\" style=\"text-align:center;\"><a href=\"http:\/\/efeler.meb.gov.tr\/\" target=\"_blank\">WEB S\u0130TES\u0130<\/a><\/h4><\/pre> [\/vc_column_text][vc_empty_space height=&#8221;80px&#8221;][\/vc_column][\/vc_row] <\/section>","protected":false},"excerpt":{"rendered":" [vc_row][vc_column][vc_empty_space height=&#8221;80px&#8221;][\/vc_column][\/vc_row][vc_row full_width=&#8221;stretch_row_content&#8221; css=&#8221;.vc_custom_1445941729233{background-image: url(http:\/\/fabula.conform.it\/wp-content\/uploads\/2015\/10\/pattern_7.png?id=2663) !important;background-position: 0 0 !important;background-repeat: repeat !important;}&#8221;][vc_column][vc_empty_space height=&#8221;80px&#8221;][vc_column_text] [\/vc_column_text][vc_empty_space height=&#8221;80px&#8221;][\/vc_column][\/vc_row] ","protected":false},"author":24,"featured_media":0,"parent":3482,"menu_order":0,"comment_status":"open","ping_status":"closed","template":"","meta":[],"_links":{"self":[{"href":"https:\/\/fabula.conform.it\/tr\/wp-json\/wp\/v2\/pages\/3445"}],"collection":[{"href":"https:\/\/fabula.conform.it\/tr\/wp-json\/wp\/v2\/pages"}],"about":[{"href":"https:\/\/fabula.conform.it\/tr\/wp-json\/wp\/v2\/types\/page"}],"author":[{"embeddable":true,"href":"https:\/\/fabula.conform.it\/tr\/wp-json\/wp\/v2\/users\/24"}],"replies":[{"embeddable":true,"href":"https:\/\/fabula.conform.it\/tr\/wp-json\/wp\/v2\/comments?post=3445"}],"version-history":[{"count":3,"href":"https:\/\/fabula.conform.it\/tr\/wp-json\/wp\/v2\/pages\/3445\/revisions"}],"predecessor-version":[{"id":3650,"href":"https:\/\/fabula.conform.it\/tr\/wp-json\/wp\/v2\/pages\/3445\/revisions\/3650"}],"up":[{"embeddable":true,"href":"https:\/\/fabula.conform.it\/tr\/wp-json\/wp\/v2\/pages\/3482"}],"wp:attachment":[{"href":"https:\/\/fabula.conform.it\/tr\/wp-json\/wp\/v2\/media?parent=3445"}],"curies":[{"name":"wp","href":"https:\/\/api.w.org\/{rel}","templated":true}]}}