{"id":3449,"date":"2015-10-27T17:40:56","date_gmt":"2015-10-27T17:40:56","guid":{"rendered":"http:\/\/fabula.conform.it\/tr\/moraleja-de-enmedio\/"},"modified":"2016-09-28T12:18:49","modified_gmt":"2016-09-28T12:18:49","slug":"majadahonda","status":"publish","type":"page","link":"https:\/\/fabula.conform.it\/tr\/proje-ortaklari\/majadahonda\/","title":{"rendered":"Ayuntamiento de Majadahonda"},"content":{"rendered":"<section class=\"wpb-content-wrapper\"> [vc_row][vc_column]<div class=\"columnsWrap sc_columns sc_columns_count_2\"><div class=\"columns1_2 sc_column_item sc_column_item_1 odd first\" style=\"text-align:center;;\">[vc_empty_space height=&#8221;40px&#8221;]<figure class=\"sc_image  sc_image_shape_square logo-partner\" style=\"width:40%;\"><img src=\"https:\/\/fabula.conform.it\/wp-content\/uploads\/2015\/10\/logo-ayuntamiento-majadahonda.png\" alt=\"\" \/><\/figure><\/div><div class=\"columns1_2 sc_column_item sc_column_item_2 even\">[vc_empty_space height=&#8221;40px&#8221;]<h1 class=\"sc_title sc_title_regular\" style=\"text-align:left;\">Ayuntamiento de Moraleja de Enmedio<\/h1>[vc_column_text] <p style=\"text-align: justify;\">Majadahoda \u0130spanya\u2019n\u0131n ba\u015fkenti Madrid\u2019in kuzey do\u011fusunda ve sadece 15 km uzakl\u0131\u011f\u0131nda, hareketli ve modern bir yerle\u015fim yeridir. Majadahonda Kent Konseyi, vatanda\u015flar\u0131n\u0131n y\u00fcksek ya\u015fam kalitesine eri\u015fmelerini sa\u011flamak ve m\u00fckemmellik, \u015feffafl\u0131k, yenilik\u00e7ilik, s\u00fcrd\u00fcr\u00fclebilir ve kat\u0131l\u0131ma dayal\u0131 bir kent modeli elde etmek i\u00e7in \u00e7al\u0131\u015f\u0131r. E\u011fitim alan\u0131, okullar\u0131 ve aileleri desteklemek i\u00e7in proje ve hizmetleri geli\u015ftirmeyi ama\u00e7lamaktad\u0131r. [\/vc_column_text]<\/div><\/div>[vc_empty_space height=&#8221;80px&#8221;][\/vc_column][\/vc_row][vc_row full_width=&#8221;stretch_row_content&#8221; css=&#8221;.vc_custom_1445941729233{background-image: url(http:\/\/fabula.conform.it\/wp-content\/uploads\/2015\/10\/pattern_7.png?id=2663) !important;background-position: 0 0 !important;background-repeat: repeat !important;}&#8221;][vc_column][vc_empty_space height=&#8221;80px&#8221;][vc_column_text] <pre><div class=\"sc_title_icon sc_title_top sc_size_medium icon-desktop\"><\/div><h4 class=\"sc_title sc_title_iconed\" style=\"text-align:center;\"><a href=\"http:\/\/www.majadahonda.org\/\" target=\"_blank\">WEB S\u0130TES\u0130<\/a><\/h4><\/pre> [\/vc_column_text][vc_empty_space height=&#8221;80px&#8221;][\/vc_column][\/vc_row] <\/section>","protected":false},"excerpt":{"rendered":" [vc_row][vc_column][vc_empty_space height=&#8221;80px&#8221;][\/vc_column][\/vc_row][vc_row full_width=&#8221;stretch_row_content&#8221; css=&#8221;.vc_custom_1445941729233{background-image: url(http:\/\/fabula.conform.it\/wp-content\/uploads\/2015\/10\/pattern_7.png?id=2663) !important;background-position: 0 0 !important;background-repeat: repeat !important;}&#8221;][vc_column][vc_empty_space height=&#8221;80px&#8221;][vc_column_text] [\/vc_column_text][vc_empty_space height=&#8221;80px&#8221;][\/vc_column][\/vc_row] ","protected":false},"author":24,"featured_media":0,"parent":3482,"menu_order":0,"comment_status":"open","ping_status":"closed","template":"","meta":[],"_links":{"self":[{"href":"https:\/\/fabula.conform.it\/tr\/wp-json\/wp\/v2\/pages\/3449"}],"collection":[{"href":"https:\/\/fabula.conform.it\/tr\/wp-json\/wp\/v2\/pages"}],"about":[{"href":"https:\/\/fabula.conform.it\/tr\/wp-json\/wp\/v2\/types\/page"}],"author":[{"embeddable":true,"href":"https:\/\/fabula.conform.it\/tr\/wp-json\/wp\/v2\/users\/24"}],"replies":[{"embeddable":true,"href":"https:\/\/fabula.conform.it\/tr\/wp-json\/wp\/v2\/comments?post=3449"}],"version-history":[{"count":3,"href":"https:\/\/fabula.conform.it\/tr\/wp-json\/wp\/v2\/pages\/3449\/revisions"}],"predecessor-version":[{"id":4036,"href":"https:\/\/fabula.conform.it\/tr\/wp-json\/wp\/v2\/pages\/3449\/revisions\/4036"}],"up":[{"embeddable":true,"href":"https:\/\/fabula.conform.it\/tr\/wp-json\/wp\/v2\/pages\/3482"}],"wp:attachment":[{"href":"https:\/\/fabula.conform.it\/tr\/wp-json\/wp\/v2\/media?parent=3449"}],"curies":[{"name":"wp","href":"https:\/\/api.w.org\/{rel}","templated":true}]}}