{"id":3452,"date":"2015-10-27T12:55:06","date_gmt":"2015-10-27T12:55:06","guid":{"rendered":"http:\/\/fabula.conform.it\/tr\/ccea\/"},"modified":"2016-02-04T18:23:55","modified_gmt":"2016-02-04T18:23:55","slug":"ccea","status":"publish","type":"page","link":"https:\/\/fabula.conform.it\/tr\/proje-ortaklari\/ccea\/","title":{"rendered":"CCEA"},"content":{"rendered":"<section class=\"wpb-content-wrapper\"> [vc_row][vc_column]<div class=\"columnsWrap sc_columns sc_columns_count_2\"><div class=\"columns1_2 sc_column_item sc_column_item_1 odd first\" style=\"text-align:center;;\">[vc_empty_space height=&#8221;40px&#8221;][vc_empty_space height=&#8221;40px&#8221;]<figure class=\"sc_image  sc_image_shape_square logo-partner\" style=\"width:100%;\"><img src=\"https:\/\/fabula.conform.it\/wp-content\/uploads\/2015\/10\/ccealogocolour.jpg\" alt=\"\" \/><\/figure><\/div><div class=\"columns1_2 sc_column_item sc_column_item_2 even\">[vc_empty_space height=&#8221;40px&#8221;]<h1 class=\"sc_title sc_title_regular\" style=\"text-align:left;\">CCEA<br \/>\n<span style=\"font-size: 20px; line-height: 14px; padding: 0;\">Northern Ireland council for the Curriculum Examinations and Assessment<\/span><\/h1>[vc_column_text] <p style=\"text-align: justify;\">CCEA s\u0131navlar, m\u00fcfredat ve de\u011ferlendirmelerden sorumlu bir Kuzey \u0130rlanda Kurumudur. CCEA \u00f6\u011freniciler ve e\u011fitim ve ki\u015fisel geli\u015fimleri geli\u015ftirmek isteyenlere ev sahipligi yapar. CCEA&#8217;nin gorevi: \u00d6\u011frencilerin \u00f6\u011frenme potansiyellerini tam olarak fark\u0131na varmak ve ba\u015far\u0131yla kullanmalarini sa\u011flamak.&#8217;CCEA u\u00e7 b\u00f6lgenin m\u00fcfredat, s\u0131nav ve de\u011ferlendirmelerini yapan \u0130ngiltere deki benzersiz bir yapidir.<br \/>\n<strong>H\u00fck\u00fcmete Tavsiye<\/strong> \u2013 Kuzey \u0130rlanda okullar\u0131nda ve kolejlerinde ne \u00f6\u011fretilmelidir.<br \/>\n<strong>Standartlar\u0131n \u0130zlenmesi<\/strong> \u2013 Kuzey \u0130rlanda da uygun kalite ve standartlara gore, Sertifika veren kurum taraf\u0131ndan \u00f6nerilen s\u0131navlar\u0131 ve kaliteyi sa\u011flamak.<br \/>\n<strong>\u00d6d\u00fcllendirilen Nitelikler<\/strong> \u2013 Kuzey \u0130rlanda\u2019n\u0131n \u00f6nde gelen \u00f6d\u00fcllendirme organ\u0131 olarak, \u00c7ok farkl\u0131 alanlarda, GCSEler ve GCE A, AS seviyeleri, Giri\u015f Seviyesi yeterlilikleri, Modern dillerde seviye konular\u0131 gibi mesleki alanlarda baz\u0131 yeterlilikler sunuyoruz. [\/vc_column_text]<\/div><\/div>[vc_empty_space height=&#8221;80px&#8221;][\/vc_column][\/vc_row][vc_row full_width=&#8221;stretch_row_content&#8221; css=&#8221;.vc_custom_1445941729233{background-image: url(http:\/\/fabula.conform.it\/wp-content\/uploads\/2015\/10\/pattern_7.png?id=2663) !important;background-position: 0 0 !important;background-repeat: repeat !important;}&#8221;][vc_column][vc_empty_space height=&#8221;80px&#8221;][vc_column_text] <pre><div class=\"sc_title_icon sc_title_top sc_size_medium icon-desktop\"><\/div><h4 class=\"sc_title sc_title_iconed\" style=\"text-align:center;\"><a href=\"http:\/\/ccea.org.uk\/\" target=\"_blank\">WEB S\u0130TES\u0130<\/a><\/h4><\/pre> [\/vc_column_text][vc_empty_space height=&#8221;80px&#8221;][\/vc_column][\/vc_row] <\/section>","protected":false},"excerpt":{"rendered":" [vc_row][vc_column][vc_empty_space height=&#8221;80px&#8221;][\/vc_column][\/vc_row][vc_row full_width=&#8221;stretch_row_content&#8221; css=&#8221;.vc_custom_1445941729233{background-image: url(http:\/\/fabula.conform.it\/wp-content\/uploads\/2015\/10\/pattern_7.png?id=2663) !important;background-position: 0 0 !important;background-repeat: repeat !important;}&#8221;][vc_column][vc_empty_space height=&#8221;80px&#8221;][vc_column_text] [\/vc_column_text][vc_empty_space height=&#8221;80px&#8221;][\/vc_column][\/vc_row] ","protected":false},"author":24,"featured_media":0,"parent":3482,"menu_order":0,"comment_status":"open","ping_status":"closed","template":"","meta":[],"_links":{"self":[{"href":"https:\/\/fabula.conform.it\/tr\/wp-json\/wp\/v2\/pages\/3452"}],"collection":[{"href":"https:\/\/fabula.conform.it\/tr\/wp-json\/wp\/v2\/pages"}],"about":[{"href":"https:\/\/fabula.conform.it\/tr\/wp-json\/wp\/v2\/types\/page"}],"author":[{"embeddable":true,"href":"https:\/\/fabula.conform.it\/tr\/wp-json\/wp\/v2\/users\/24"}],"replies":[{"embeddable":true,"href":"https:\/\/fabula.conform.it\/tr\/wp-json\/wp\/v2\/comments?post=3452"}],"version-history":[{"count":2,"href":"https:\/\/fabula.conform.it\/tr\/wp-json\/wp\/v2\/pages\/3452\/revisions"}],"predecessor-version":[{"id":3454,"href":"https:\/\/fabula.conform.it\/tr\/wp-json\/wp\/v2\/pages\/3452\/revisions\/3454"}],"up":[{"embeddable":true,"href":"https:\/\/fabula.conform.it\/tr\/wp-json\/wp\/v2\/pages\/3482"}],"wp:attachment":[{"href":"https:\/\/fabula.conform.it\/tr\/wp-json\/wp\/v2\/media?parent=3452"}],"curies":[{"name":"wp","href":"https:\/\/api.w.org\/{rel}","templated":true}]}}