{"id":3460,"date":"2015-10-27T12:25:02","date_gmt":"2015-10-27T12:25:02","guid":{"rendered":"http:\/\/fabula.conform.it\/tr\/conform\/"},"modified":"2016-02-04T18:28:49","modified_gmt":"2016-02-04T18:28:49","slug":"conform","status":"publish","type":"page","link":"https:\/\/fabula.conform.it\/tr\/proje-ortaklari\/conform\/","title":{"rendered":"Conform"},"content":{"rendered":"<section class=\"wpb-content-wrapper\"> [vc_row][vc_column]<div class=\"columnsWrap sc_columns sc_columns_count_2\"><div class=\"columns1_2 sc_column_item sc_column_item_1 odd first\" style=\"text-align:center;;\">[vc_empty_space height=&#8221;40px&#8221;]<figure class=\"sc_image  sc_image_shape_square logo-partner\" style=\"width:100%;\"><img src=\"https:\/\/fabula.conform.it\/wp-content\/uploads\/2015\/10\/logo-conform.png\" alt=\"\" \/><\/figure><\/div><div class=\"columns1_2 sc_column_item sc_column_item_2 even\"><h1 class=\"sc_title sc_title_regular\" style=\"text-align:left;\">CONFORM<br \/>\n<span style=\"font-size: 20px;\">Consulenza, Formazione e Management S.c.a.r.l.<\/span><\/h1>[vc_column_text] <p style=\"text-align: justify;\">CONFORM &#8211; Consulenza, Formazione e Management S.c.a.r.l. Ulusal ve uluslararas\u0131 d\u00fczeyde 20 y\u0131l\u0131 a\u015fk\u0131n s\u00fcredir \u00e7al\u0131\u015fmaktad\u0131r. S\u0131n\u0131flarda deneyimsel \u00f6\u011frenme ve e-\u00f6\u011frenme, yenilik\u00e7i formatlar\u0131 ve \u00e7\u00f6z\u00fcmleri ile \u00d6nemli ara\u015ft\u0131rma projeleri ve e\u011fitim planlar\u0131n\u0131n geli\u015ftirmesini desteklemektedir. \u0130\u015fletmelere ve kamu sekt\u00f6r temsilcilerine dan\u0131\u015fmanl\u0131k ve teknik destek sa\u011flar. T\u00fcm bu yard\u0131m ve deste\u011fi ba\u015far\u0131l\u0131 ve deneyim sahibi e\u011fitimciler, dan\u0131\u015fmanlar, profesyoneller, y\u00f6neticiler ve giri\u015fimci kadrosuyla sa\u011flar. [\/vc_column_text]<\/div><\/div>[vc_empty_space height=&#8221;80px&#8221;][\/vc_column][\/vc_row][vc_row full_width=&#8221;stretch_row_content&#8221; css=&#8221;.vc_custom_1445941729233{background-image: url(http:\/\/fabula.conform.it\/wp-content\/uploads\/2015\/10\/pattern_7.png?id=2663) !important;background-position: 0 0 !important;background-repeat: repeat !important;}&#8221;][vc_column][vc_empty_space height=&#8221;80px&#8221;][vc_column_text] <pre><div class=\"sc_title_icon sc_title_top sc_size_medium icon-desktop\"><\/div><h4 class=\"sc_title sc_title_iconed\" style=\"text-align:center;\"><a href=\"http:\/\/conform.it\/\" target=\"_blank\">WEB S\u0130TES\u0130<\/a><\/h4><\/pre> [\/vc_column_text][vc_empty_space height=&#8221;80px&#8221;][\/vc_column][\/vc_row] <\/section>","protected":false},"excerpt":{"rendered":" [vc_row][vc_column][vc_empty_space height=&#8221;80px&#8221;][\/vc_column][\/vc_row][vc_row full_width=&#8221;stretch_row_content&#8221; css=&#8221;.vc_custom_1445941729233{background-image: url(http:\/\/fabula.conform.it\/wp-content\/uploads\/2015\/10\/pattern_7.png?id=2663) !important;background-position: 0 0 !important;background-repeat: repeat !important;}&#8221;][vc_column][vc_empty_space height=&#8221;80px&#8221;][vc_column_text] [\/vc_column_text][vc_empty_space height=&#8221;80px&#8221;][\/vc_column][\/vc_row] ","protected":false},"author":24,"featured_media":0,"parent":3482,"menu_order":0,"comment_status":"open","ping_status":"closed","template":"","meta":[],"_links":{"self":[{"href":"https:\/\/fabula.conform.it\/tr\/wp-json\/wp\/v2\/pages\/3460"}],"collection":[{"href":"https:\/\/fabula.conform.it\/tr\/wp-json\/wp\/v2\/pages"}],"about":[{"href":"https:\/\/fabula.conform.it\/tr\/wp-json\/wp\/v2\/types\/page"}],"author":[{"embeddable":true,"href":"https:\/\/fabula.conform.it\/tr\/wp-json\/wp\/v2\/users\/24"}],"replies":[{"embeddable":true,"href":"https:\/\/fabula.conform.it\/tr\/wp-json\/wp\/v2\/comments?post=3460"}],"version-history":[{"count":1,"href":"https:\/\/fabula.conform.it\/tr\/wp-json\/wp\/v2\/pages\/3460\/revisions"}],"predecessor-version":[{"id":3461,"href":"https:\/\/fabula.conform.it\/tr\/wp-json\/wp\/v2\/pages\/3460\/revisions\/3461"}],"up":[{"embeddable":true,"href":"https:\/\/fabula.conform.it\/tr\/wp-json\/wp\/v2\/pages\/3482"}],"wp:attachment":[{"href":"https:\/\/fabula.conform.it\/tr\/wp-json\/wp\/v2\/media?parent=3460"}],"curies":[{"name":"wp","href":"https:\/\/api.w.org\/{rel}","templated":true}]}}