{"id":3463,"date":"2015-10-27T16:32:41","date_gmt":"2015-10-27T16:32:41","guid":{"rendered":"http:\/\/fabula.conform.it\/tr\/drfevzi\/"},"modified":"2016-02-05T16:42:28","modified_gmt":"2016-02-05T16:42:28","slug":"drfevzi","status":"publish","type":"page","link":"https:\/\/fabula.conform.it\/tr\/proje-ortaklari\/drfevzi\/","title":{"rendered":"DR. Fevzi M\u00fcr\u00fcvet U\u011furo\u011flu Ortaokulu"},"content":{"rendered":"<section class=\"wpb-content-wrapper\"> [vc_row][vc_column]<div class=\"columnsWrap sc_columns sc_columns_count_2\"><div class=\"columns1_2 sc_column_item sc_column_item_1 odd first\" style=\"text-align:center;;\">[vc_empty_space height=&#8221;40px&#8221;]<figure class=\"sc_image  sc_image_shape_square logo-partner\" style=\"width:100%;\"><img src=\"https:\/\/fabula.conform.it\/wp-content\/uploads\/2015\/10\/logo-dr-turkey-big.jpg\" alt=\"\" \/><\/figure><\/div><div class=\"columns1_2 sc_column_item sc_column_item_2 even\">[vc_empty_space height=&#8221;40px&#8221;]<h1 class=\"sc_title sc_title_regular\" style=\"text-align:left;\">DR. Fevzi M\u00fcr\u00fcvet U\u011furo\u011flu Secondary \u00a0school<\/h1>[vc_column_text] <p style=\"text-align: justify;\">1997 y\u0131l\u0131nda e\u011fitim \u00f6\u011fretime ba\u015flayan okulumuzda karma e\u011fitim yap\u0131lmaktad\u0131r. Mimar Sinan Mahalesinde yer alan okulumuz Efeler il\u00e7esine ba\u011fl\u0131 bir merkez okuldur. 1992 y\u0131l\u0131nda e\u011fitime ba\u015flayan Vali \u00d6zg\u00f6dek ilk\u00f6\u011fretim okuluyla birle\u015fmi\u015ftir. [\/vc_column_text]<\/div><\/div>[vc_empty_space height=&#8221;80px&#8221;][\/vc_column][\/vc_row][vc_row full_width=&#8221;stretch_row_content&#8221; css=&#8221;.vc_custom_1445941729233{background-image: url(http:\/\/fabula.conform.it\/wp-content\/uploads\/2015\/10\/pattern_7.png?id=2663) !important;background-position: 0 0 !important;background-repeat: repeat !important;}&#8221;][vc_column][vc_empty_space height=&#8221;80px&#8221;][vc_column_text] <pre><div class=\"sc_title_icon sc_title_top sc_size_medium icon-desktop\"><\/div><h4 class=\"sc_title sc_title_iconed\" style=\"text-align:center;\"><a href=\"http:\/\/drfevzi.meb.k12.tr\/tema\/\" target=\"_blank\">WEB S\u0130TES\u0130<\/a><\/h4><\/pre> [\/vc_column_text][vc_empty_space height=&#8221;80px&#8221;][\/vc_column][\/vc_row] <\/section>","protected":false},"excerpt":{"rendered":" [vc_row][vc_column][vc_empty_space height=&#8221;80px&#8221;][\/vc_column][\/vc_row][vc_row full_width=&#8221;stretch_row_content&#8221; css=&#8221;.vc_custom_1445941729233{background-image: url(http:\/\/fabula.conform.it\/wp-content\/uploads\/2015\/10\/pattern_7.png?id=2663) !important;background-position: 0 0 !important;background-repeat: repeat !important;}&#8221;][vc_column][vc_empty_space height=&#8221;80px&#8221;][vc_column_text] [\/vc_column_text][vc_empty_space height=&#8221;80px&#8221;][\/vc_column][\/vc_row] ","protected":false},"author":24,"featured_media":0,"parent":3482,"menu_order":0,"comment_status":"open","ping_status":"closed","template":"","meta":[],"_links":{"self":[{"href":"https:\/\/fabula.conform.it\/tr\/wp-json\/wp\/v2\/pages\/3463"}],"collection":[{"href":"https:\/\/fabula.conform.it\/tr\/wp-json\/wp\/v2\/pages"}],"about":[{"href":"https:\/\/fabula.conform.it\/tr\/wp-json\/wp\/v2\/types\/page"}],"author":[{"embeddable":true,"href":"https:\/\/fabula.conform.it\/tr\/wp-json\/wp\/v2\/users\/24"}],"replies":[{"embeddable":true,"href":"https:\/\/fabula.conform.it\/tr\/wp-json\/wp\/v2\/comments?post=3463"}],"version-history":[{"count":2,"href":"https:\/\/fabula.conform.it\/tr\/wp-json\/wp\/v2\/pages\/3463\/revisions"}],"predecessor-version":[{"id":3465,"href":"https:\/\/fabula.conform.it\/tr\/wp-json\/wp\/v2\/pages\/3463\/revisions\/3465"}],"up":[{"embeddable":true,"href":"https:\/\/fabula.conform.it\/tr\/wp-json\/wp\/v2\/pages\/3482"}],"wp:attachment":[{"href":"https:\/\/fabula.conform.it\/tr\/wp-json\/wp\/v2\/media?parent=3463"}],"curies":[{"name":"wp","href":"https:\/\/api.w.org\/{rel}","templated":true}]}}