{"id":3467,"date":"2015-10-27T17:53:04","date_gmt":"2015-10-27T17:53:04","guid":{"rendered":"http:\/\/fabula.conform.it\/tr\/fei\/"},"modified":"2017-03-02T10:24:35","modified_gmt":"2017-03-02T10:24:35","slug":"fei","status":"publish","type":"page","link":"https:\/\/fabula.conform.it\/tr\/proje-ortaklari\/fei\/","title":{"rendered":"Formacion y Education Integral (FEI)"},"content":{"rendered":"<section class=\"wpb-content-wrapper\"> [vc_row][vc_column]<div class=\"columnsWrap sc_columns sc_columns_count_2\"><div class=\"columns1_2 sc_column_item sc_column_item_1 odd first\" style=\"text-align:center;;\">[vc_empty_space height=&#8221;40px&#8221;]<figure class=\"sc_image  sc_image_shape_square logo-partner\" style=\"width:100%;\"><img src=\"https:\/\/fabula.conform.it\/wp-content\/uploads\/2015\/10\/logo-fei.jpg\" alt=\"\" \/><\/figure><\/div><div class=\"columns1_2 sc_column_item sc_column_item_2 even\">[vc_empty_space height=&#8221;40px&#8221;]<h1 class=\"sc_title sc_title_regular\" style=\"text-align:left;\">Formaci\u00f3n y Education Integral (FEI)<\/h1>[vc_column_text] <p style=\"text-align: justify;\">Uzmanlardan olu\u015fan bir ekiple y\u00f6netim birimi ve E\u011fitim Merkezlerinden gelen e\u011fitimenlerle 10 Ekim 1997&#8217;de The company Formaci\u00f3n y Education Integral (FEI) kurulmu\u015ftur. Temel misyonumuz tasar\u0131m, planlama ve e\u011fitim alanlar\u0131ndaki giri\u015fimlerin uygulanmas\u0131, Teknolojik yayg\u0131nla\u015ft\u0131rma faaliyetleri ve ki\u015fisel, mesleki ve kurumsal alanlarda e\u011fitime y\u00f6nelik projelere kat\u0131l\u0131m. [\/vc_column_text]<\/div><\/div>[vc_empty_space height=&#8221;80px&#8221;][\/vc_column][\/vc_row][vc_row full_width=&#8221;stretch_row_content&#8221; css=&#8221;.vc_custom_1445941729233{background-image: url(http:\/\/fabula.conform.it\/wp-content\/uploads\/2015\/10\/pattern_7.png?id=2663) !important;background-position: 0 0 !important;background-repeat: repeat !important;}&#8221;][vc_column][vc_empty_space height=&#8221;80px&#8221;][vc_column_text] <pre><div class=\"sc_title_icon sc_title_top sc_size_medium icon-desktop\"><\/div><h4 class=\"sc_title sc_title_iconed\" style=\"text-align:center;\"><a href=\"http:\/\/www.feiformacion.com\/\" target=\"_blank\">Website<\/a><\/h4><\/pre> [\/vc_column_text][vc_empty_space height=&#8221;80px&#8221;][\/vc_column][\/vc_row] <\/section>","protected":false},"excerpt":{"rendered":" [vc_row][vc_column][vc_empty_space height=&#8221;80px&#8221;][\/vc_column][\/vc_row][vc_row full_width=&#8221;stretch_row_content&#8221; css=&#8221;.vc_custom_1445941729233{background-image: url(http:\/\/fabula.conform.it\/wp-content\/uploads\/2015\/10\/pattern_7.png?id=2663) !important;background-position: 0 0 !important;background-repeat: repeat !important;}&#8221;][vc_column][vc_empty_space height=&#8221;80px&#8221;][vc_column_text] [\/vc_column_text][vc_empty_space height=&#8221;80px&#8221;][\/vc_column][\/vc_row] ","protected":false},"author":24,"featured_media":0,"parent":3482,"menu_order":0,"comment_status":"open","ping_status":"closed","template":"","meta":[],"_links":{"self":[{"href":"https:\/\/fabula.conform.it\/tr\/wp-json\/wp\/v2\/pages\/3467"}],"collection":[{"href":"https:\/\/fabula.conform.it\/tr\/wp-json\/wp\/v2\/pages"}],"about":[{"href":"https:\/\/fabula.conform.it\/tr\/wp-json\/wp\/v2\/types\/page"}],"author":[{"embeddable":true,"href":"https:\/\/fabula.conform.it\/tr\/wp-json\/wp\/v2\/users\/24"}],"replies":[{"embeddable":true,"href":"https:\/\/fabula.conform.it\/tr\/wp-json\/wp\/v2\/comments?post=3467"}],"version-history":[{"count":6,"href":"https:\/\/fabula.conform.it\/tr\/wp-json\/wp\/v2\/pages\/3467\/revisions"}],"predecessor-version":[{"id":4258,"href":"https:\/\/fabula.conform.it\/tr\/wp-json\/wp\/v2\/pages\/3467\/revisions\/4258"}],"up":[{"embeddable":true,"href":"https:\/\/fabula.conform.it\/tr\/wp-json\/wp\/v2\/pages\/3482"}],"wp:attachment":[{"href":"https:\/\/fabula.conform.it\/tr\/wp-json\/wp\/v2\/media?parent=3467"}],"curies":[{"name":"wp","href":"https:\/\/api.w.org\/{rel}","templated":true}]}}