{"id":3470,"date":"2015-10-27T12:48:46","date_gmt":"2015-10-27T12:48:46","guid":{"rendered":"http:\/\/fabula.conform.it\/tr\/glenwood-school\/"},"modified":"2016-12-13T16:26:45","modified_gmt":"2016-12-13T16:26:45","slug":"glenwood-okulu","status":"publish","type":"page","link":"https:\/\/fabula.conform.it\/tr\/proje-ortaklari\/glenwood-okulu\/","title":{"rendered":"Glenwood Okulu"},"content":{"rendered":"<section class=\"wpb-content-wrapper\"> [vc_row][vc_column]<div class=\"columnsWrap sc_columns sc_columns_count_2\"><div class=\"columns1_2 sc_column_item sc_column_item_1 odd first\" style=\"text-align:center;;\"><figure class=\"sc_image  sc_image_shape_square logo-partner\" style=\"width:100%;\"><img src=\"https:\/\/fabula.conform.it\/wp-content\/uploads\/2015\/10\/school_logo-big.png\" alt=\"\" \/><\/figure><\/div><div class=\"columns1_2 sc_column_item sc_column_item_2 even\">[vc_empty_space height=&#8221;40px&#8221;]<h1 class=\"sc_title sc_title_regular\" style=\"text-align:left;\">Glenwood School<\/h1>[vc_column_text] <p style=\"text-align: justify;\">Glenwood \u0130lk\u00f6\u011fretim okulu \u015fehrin i\u00e7inde yer alan, sosyal yoksunluklar\u0131 olan karma e\u011fitim yapan bir okuldur. \u015euanda okula devam eden 150 \u00f6\u011frenci var. Okulumuz \u015fuanda yat\u0131r\u0131mc\u0131lar\u0131n\u0131 yenileme aray\u0131\u015f\u0131nda ve inclusion kalite \u00f6d\u00fcllerini alma pe\u015finde. Okulumuz uzun zamand\u0131r Kuzey Bank ve \u0130rlanda Bankas\u0131n\u0131n i\u00e7erdi\u011fi finansal yap\u0131lar ve Ge\u00e7 giri\u015fimcilere ayakta durmakta. \u00d6\u011frenci b\u00fcnyesindeki mali yetene\u011fi g\u00fc\u00e7lendirmek i\u00e7in her y\u0131l okulda &#8216;Para Haftasi&#8217; yap\u0131l\u0131r. [\/vc_column_text]<\/div><\/div>[vc_empty_space height=&#8221;80px&#8221;][\/vc_column][\/vc_row][vc_row full_width=&#8221;stretch_row_content&#8221; css=&#8221;.vc_custom_1445941729233{background-image: url(http:\/\/fabula.conform.it\/wp-content\/uploads\/2015\/10\/pattern_7.png?id=2663) !important;background-position: 0 0 !important;background-repeat: repeat !important;}&#8221;][vc_column][vc_empty_space height=&#8221;80px&#8221;][vc_column_text] <pre><div class=\"sc_title_icon sc_title_top sc_size_medium icon-desktop\"><\/div><h4 class=\"sc_title sc_title_iconed\" style=\"text-align:center;\"><a href=\"http:\/\/www.glenwoodprimaryschool.org.uk\/home-1\" target=\"_blank\">WEB S\u0130TES\u0130<\/a><\/h4><\/pre> [\/vc_column_text][vc_empty_space height=&#8221;80px&#8221;][\/vc_column][\/vc_row] <\/section>","protected":false},"excerpt":{"rendered":" [vc_row][vc_column][vc_empty_space height=&#8221;80px&#8221;][\/vc_column][\/vc_row][vc_row full_width=&#8221;stretch_row_content&#8221; css=&#8221;.vc_custom_1445941729233{background-image: url(http:\/\/fabula.conform.it\/wp-content\/uploads\/2015\/10\/pattern_7.png?id=2663) !important;background-position: 0 0 !important;background-repeat: repeat !important;}&#8221;][vc_column][vc_empty_space height=&#8221;80px&#8221;][vc_column_text] [\/vc_column_text][vc_empty_space height=&#8221;80px&#8221;][\/vc_column][\/vc_row] ","protected":false},"author":24,"featured_media":0,"parent":3482,"menu_order":0,"comment_status":"open","ping_status":"closed","template":"","meta":[],"_links":{"self":[{"href":"https:\/\/fabula.conform.it\/tr\/wp-json\/wp\/v2\/pages\/3470"}],"collection":[{"href":"https:\/\/fabula.conform.it\/tr\/wp-json\/wp\/v2\/pages"}],"about":[{"href":"https:\/\/fabula.conform.it\/tr\/wp-json\/wp\/v2\/types\/page"}],"author":[{"embeddable":true,"href":"https:\/\/fabula.conform.it\/tr\/wp-json\/wp\/v2\/users\/24"}],"replies":[{"embeddable":true,"href":"https:\/\/fabula.conform.it\/tr\/wp-json\/wp\/v2\/comments?post=3470"}],"version-history":[{"count":4,"href":"https:\/\/fabula.conform.it\/tr\/wp-json\/wp\/v2\/pages\/3470\/revisions"}],"predecessor-version":[{"id":4221,"href":"https:\/\/fabula.conform.it\/tr\/wp-json\/wp\/v2\/pages\/3470\/revisions\/4221"}],"up":[{"embeddable":true,"href":"https:\/\/fabula.conform.it\/tr\/wp-json\/wp\/v2\/pages\/3482"}],"wp:attachment":[{"href":"https:\/\/fabula.conform.it\/tr\/wp-json\/wp\/v2\/media?parent=3470"}],"curies":[{"name":"wp","href":"https:\/\/api.w.org\/{rel}","templated":true}]}}