{"id":3474,"date":"2015-10-27T12:04:05","date_gmt":"2015-10-27T12:04:05","guid":{"rendered":"http:\/\/fabula.conform.it\/tr\/provincia-di-salerno\/"},"modified":"2016-02-05T16:55:24","modified_gmt":"2016-02-05T16:55:24","slug":"provincia-di-salerno","status":"publish","type":"page","link":"https:\/\/fabula.conform.it\/tr\/proje-ortaklari\/provincia-di-salerno\/","title":{"rendered":"Provincia di Salerno"},"content":{"rendered":"<section class=\"wpb-content-wrapper\"> [vc_row][vc_column]<div class=\"columnsWrap sc_columns sc_columns_count_2\"><div class=\"columns1_2 sc_column_item sc_column_item_1 odd first\" style=\"text-align:center;;\">[vc_empty_space height=&#8221;40px&#8221;]<figure class=\"sc_image  sc_image_shape_square logo-partner\" style=\"width:70%;\"><img src=\"https:\/\/fabula.conform.it\/wp-content\/uploads\/2015\/10\/stemma_provinciasa-big.jpg\" alt=\"\" \/><\/figure><\/div><div class=\"columns1_2 sc_column_item sc_column_item_2 even\"><h1 class=\"sc_title sc_title_regular\" style=\"text-align:left;\">Provincia di Salerno<\/h1>[vc_column_text] <p style=\"text-align: justify;\">\u0130l, yerel y\u00f6netim taraf\u0131ndan belirlenen e\u011fitim ve \u00f6\u011fretim planlar\u0131n\u0131n kontrol\u00fc ve y\u00f6netiminden sorumlu yerel otoritedir. \u0130\u015fleri \u015fu \u015fekilde y\u00f6netir ve tavsiyelerde bulunur:<\/p>\n<ul>\n<li style=\"text-align: justify;\">belediyelerin faaliyetleri ve b\u00f6lge ile faaliyetlerini entegre etmek ve e\u011fitim arz\u0131n\u0131 bak\u0131m\u0131ndan bu organlarla ili\u015fkileri oldu\u011fundan yeti\u015fkin e\u011fitiminin uyumunu sa\u011flar, yeti\u015fkin e\u011fitimin yan\u0131 s\u0131ra teknik e\u011fitim ve y\u00fcksek teknik e\u011fitim ve okullar aras\u0131ndaki ili\u015fkileri ve i\u015fg\u00fcc\u00fc piyasas\u0131n\u0131da kontrol eder uyumunu sa\u011flar;<\/li>\n<li style=\"text-align: justify;\">devlet d\u0131\u015f\u0131 kurumlarla denkli\u011fi sa\u011flar ve \u00f6zel okullar da dahil olmak \u00fczere okullar, yan\u0131 s\u0131ra yabanc\u0131 okullar\u0131 denetler;<\/li>\n<li style=\"text-align: justify;\">e\u011fitim kurumlar\u0131n\u0131n verimlili\u011fini belirler, kontrol eder ve e\u011fitimlerin plan\u0131n\u0131n uygulanmas\u0131 derecesini de\u011ferlendirir ve izler.<\/li>\n<\/ul> [\/vc_column_text]<\/div><\/div>[vc_empty_space height=&#8221;80px&#8221;][\/vc_column][\/vc_row][vc_row full_width=&#8221;stretch_row_content&#8221; css=&#8221;.vc_custom_1445941729233{background-image: url(http:\/\/fabula.conform.it\/wp-content\/uploads\/2015\/10\/pattern_7.png?id=2663) !important;background-position: 0 0 !important;background-repeat: repeat !important;}&#8221;][vc_column][vc_empty_space height=&#8221;80px&#8221;][vc_column_text] <pre><div class=\"sc_title_icon sc_title_top sc_size_medium icon-desktop\"><\/div><h4 class=\"sc_title sc_title_iconed\" style=\"text-align:center;\"><a href=\"http:\/\/www.provincia.salerno.it\/\" target=\"_blank\">WEB S\u0130TES\u0130<\/a><\/h4><\/pre> [\/vc_column_text][vc_empty_space height=&#8221;80px&#8221;][\/vc_column][\/vc_row] <\/section>","protected":false},"excerpt":{"rendered":" [vc_row][vc_column][vc_empty_space height=&#8221;80px&#8221;][\/vc_column][\/vc_row][vc_row full_width=&#8221;stretch_row_content&#8221; css=&#8221;.vc_custom_1445941729233{background-image: url(http:\/\/fabula.conform.it\/wp-content\/uploads\/2015\/10\/pattern_7.png?id=2663) !important;background-position: 0 0 !important;background-repeat: repeat !important;}&#8221;][vc_column][vc_empty_space height=&#8221;80px&#8221;][vc_column_text] [\/vc_column_text][vc_empty_space height=&#8221;80px&#8221;][\/vc_column][\/vc_row] ","protected":false},"author":24,"featured_media":0,"parent":3482,"menu_order":0,"comment_status":"open","ping_status":"closed","template":"","meta":[],"_links":{"self":[{"href":"https:\/\/fabula.conform.it\/tr\/wp-json\/wp\/v2\/pages\/3474"}],"collection":[{"href":"https:\/\/fabula.conform.it\/tr\/wp-json\/wp\/v2\/pages"}],"about":[{"href":"https:\/\/fabula.conform.it\/tr\/wp-json\/wp\/v2\/types\/page"}],"author":[{"embeddable":true,"href":"https:\/\/fabula.conform.it\/tr\/wp-json\/wp\/v2\/users\/24"}],"replies":[{"embeddable":true,"href":"https:\/\/fabula.conform.it\/tr\/wp-json\/wp\/v2\/comments?post=3474"}],"version-history":[{"count":2,"href":"https:\/\/fabula.conform.it\/tr\/wp-json\/wp\/v2\/pages\/3474\/revisions"}],"predecessor-version":[{"id":3476,"href":"https:\/\/fabula.conform.it\/tr\/wp-json\/wp\/v2\/pages\/3474\/revisions\/3476"}],"up":[{"embeddable":true,"href":"https:\/\/fabula.conform.it\/tr\/wp-json\/wp\/v2\/pages\/3482"}],"wp:attachment":[{"href":"https:\/\/fabula.conform.it\/tr\/wp-json\/wp\/v2\/media?parent=3474"}],"curies":[{"name":"wp","href":"https:\/\/api.w.org\/{rel}","templated":true}]}}