{"id":3478,"date":"2015-10-27T12:32:36","date_gmt":"2015-10-27T12:32:36","guid":{"rendered":"http:\/\/fabula.conform.it\/tr\/yeni\/"},"modified":"2016-02-05T16:57:57","modified_gmt":"2016-02-05T16:57:57","slug":"yeni","status":"publish","type":"page","link":"https:\/\/fabula.conform.it\/tr\/proje-ortaklari\/yeni\/","title":{"rendered":"Kuzey \u0130rlanda Gen\u00e7 Giri\u015fimciler (Young Enterprise) Ltd"},"content":{"rendered":"<section class=\"wpb-content-wrapper\"> [vc_row][vc_column]<div class=\"columnsWrap sc_columns sc_columns_count_2\"><div class=\"columns1_2 sc_column_item sc_column_item_1 odd first\" style=\"text-align:center;;\">[vc_empty_space height=&#8221;40px&#8221;]<figure class=\"sc_image  sc_image_shape_square logo-partner\" style=\"width:70%;\"><img src=\"https:\/\/fabula.conform.it\/wp-content\/uploads\/2015\/10\/YE-NIlogo.jpg\" alt=\"\" \/><\/figure><\/div><div class=\"columns1_2 sc_column_item sc_column_item_2 even\"><h1 class=\"sc_title sc_title_regular\" style=\"text-align:left;\">Young Enterprise Northern Ireland Ltd<\/h1>[vc_column_text] <p style=\"text-align: justify;\">Young Enterprise, 4-25 ya\u015f aras\u0131ndaki yetenekli ve istekli gen\u00e7lere giri\u015fimlerinde yard\u0131mc\u0131 olan, onlar\u0131 ekonomik hayata haz\u0131rlayan bir yard\u0131m kurumudur. Young Enterprise e\u011fitimini tamalamam\u0131\u015f gen\u00e7leri i\u015f i\u00e7in ve ya\u015fam i\u00e7in haz\u0131rlar ve onlar\u0131n yeteneklerini geli\u015ftirmelerine yard\u0131mc\u0131 olur. Firmam\u0131z programlar\u0131 arac\u0131l\u0131\u011f\u0131yla 10 ya\u015f ve \u00fczerini \u00f6\u011frenciler 10 kendi i\u015fini kurarlar, bu i\u015fin i\u00e7eri\u011fi; yerel fuarlarda kendi \u00fcr\u00fcnleri satanmakt\u0131r. Bu metodolojimiz gen\u00e7lerin giri\u015fimcilik becerilerini geli\u015ftirmek alan\u0131nda AB ara\u015ft\u0131rmac\u0131lar\u0131 taraf\u0131ndan en iyi uygulama yakla\u015f\u0131m\u0131 olarak kabul edilmi\u015ftir. [\/vc_column_text][vc_video link=&#8221;https:\/\/www.youtube.com\/watch?v=-ugyKhOcFpQ&#8221;]<\/div><\/div>[vc_empty_space height=&#8221;80px&#8221;][vc_row_inner][vc_column_inner width=&#8221;1\/4&#8243;][\/vc_column_inner][vc_column_inner width=&#8221;1\/2&#8243;][\/vc_column_inner][vc_column_inner width=&#8221;1\/4&#8243;][\/vc_column_inner][\/vc_row_inner][\/vc_column][\/vc_row][vc_row full_width=&#8221;stretch_row_content&#8221; css=&#8221;.vc_custom_1445941729233{background-image: url(http:\/\/fabula.conform.it\/wp-content\/uploads\/2015\/10\/pattern_7.png?id=2663) !important;background-position: 0 0 !important;background-repeat: repeat !important;}&#8221;][vc_column][vc_empty_space height=&#8221;80px&#8221;][vc_column_text] <pre><div class=\"sc_title_icon sc_title_top sc_size_medium icon-desktop\"><\/div><h4 class=\"sc_title sc_title_iconed\" style=\"text-align:center;\"><a href=\"http:\/\/www.yeni.co.uk\/\" target=\"_blank\">WEB S\u0130TES\u0130<\/a><\/h4><\/pre> [\/vc_column_text][vc_empty_space height=&#8221;80px&#8221;][\/vc_column][\/vc_row] <\/section>","protected":false},"excerpt":{"rendered":" [vc_row][vc_column][vc_empty_space height=&#8221;80px&#8221;][vc_row_inner][vc_column_inner width=&#8221;1\/4&#8243;][\/vc_column_inner][vc_column_inner width=&#8221;1\/2&#8243;][\/vc_column_inner][vc_column_inner width=&#8221;1\/4&#8243;][\/vc_column_inner][\/vc_row_inner][\/vc_column][\/vc_row][vc_row full_width=&#8221;stretch_row_content&#8221; css=&#8221;.vc_custom_1445941729233{background-image: url(http:\/\/fabula.conform.it\/wp-content\/uploads\/2015\/10\/pattern_7.png?id=2663) !important;background-position: 0 0 !important;background-repeat: repeat !important;}&#8221;][vc_column][vc_empty_space height=&#8221;80px&#8221;][vc_column_text] [\/vc_column_text][vc_empty_space height=&#8221;80px&#8221;][\/vc_column][\/vc_row] ","protected":false},"author":24,"featured_media":0,"parent":3482,"menu_order":0,"comment_status":"open","ping_status":"closed","template":"","meta":[],"_links":{"self":[{"href":"https:\/\/fabula.conform.it\/tr\/wp-json\/wp\/v2\/pages\/3478"}],"collection":[{"href":"https:\/\/fabula.conform.it\/tr\/wp-json\/wp\/v2\/pages"}],"about":[{"href":"https:\/\/fabula.conform.it\/tr\/wp-json\/wp\/v2\/types\/page"}],"author":[{"embeddable":true,"href":"https:\/\/fabula.conform.it\/tr\/wp-json\/wp\/v2\/users\/24"}],"replies":[{"embeddable":true,"href":"https:\/\/fabula.conform.it\/tr\/wp-json\/wp\/v2\/comments?post=3478"}],"version-history":[{"count":2,"href":"https:\/\/fabula.conform.it\/tr\/wp-json\/wp\/v2\/pages\/3478\/revisions"}],"predecessor-version":[{"id":3480,"href":"https:\/\/fabula.conform.it\/tr\/wp-json\/wp\/v2\/pages\/3478\/revisions\/3480"}],"up":[{"embeddable":true,"href":"https:\/\/fabula.conform.it\/tr\/wp-json\/wp\/v2\/pages\/3482"}],"wp:attachment":[{"href":"https:\/\/fabula.conform.it\/tr\/wp-json\/wp\/v2\/media?parent=3478"}],"curies":[{"name":"wp","href":"https:\/\/api.w.org\/{rel}","templated":true}]}}