{"id":3493,"date":"2015-10-26T09:06:02","date_gmt":"2015-10-26T09:06:02","guid":{"rendered":"http:\/\/fabula.conform.it\/tr\/fedro\/"},"modified":"2021-09-01T14:52:03","modified_gmt":"2021-09-01T14:52:03","slug":"fedro","status":"publish","type":"page","link":"https:\/\/fabula.conform.it\/tr\/fedro\/","title":{"rendered":"Fedro"},"content":{"rendered":"<section class=\"wpb-content-wrapper\"> [vc_row][vc_column][vc_empty_space][vc_empty_space height=&#8221;40px&#8221;][\/vc_column][\/vc_row][vc_row el_class=&#8221;class-btn-fedro&#8221; css=&#8221;.vc_custom_1446074207583{margin-bottom: 0px !important;}&#8221;][vc_column][vc_row_inner css=&#8221;.vc_custom_1446073301883{margin-bottom: 40px !important;}&#8221;][vc_column_inner width=&#8221;1\/3&#8243;][vc_column_text el_class=&#8221;class-btn-fedro&#8221;]<a href=\"http:\/\/fabula.conform.it\/tr\/fedro\/girisimcilik-egitimleri\/\"><img class=\"aligncenter\" src=\"http:\/\/fabula.conform.it\/wp-content\/uploads\/2016\/03\/entrepreneurial-img-tr.png\" alt=\"field-btn2\" \/><\/a>[\/vc_column_text][\/vc_column_inner][vc_column_inner width=&#8221;1\/3&#8243;][vc_column_text]<a href=\"http:\/\/fabula.conform.it\/tr\/fedro\/finansal-egitim\/\" rel=\"attachment wp-att-3635\"><img loading=\"lazy\" class=\"size-full wp-image-3635 aligncenter\" src=\"http:\/\/fabula.conform.it\/wp-content\/uploads\/2015\/10\/financial-img-tr.png\" alt=\"financial-img-tr\" width=\"472\" height=\"472\" srcset=\"https:\/\/fabula.conform.it\/wp-content\/uploads\/2015\/10\/financial-img-tr.png 472w, https:\/\/fabula.conform.it\/wp-content\/uploads\/2015\/10\/financial-img-tr-150x150.png 150w, https:\/\/fabula.conform.it\/wp-content\/uploads\/2015\/10\/financial-img-tr-300x300.png 300w, https:\/\/fabula.conform.it\/wp-content\/uploads\/2015\/10\/financial-img-tr-180x180.png 180w, https:\/\/fabula.conform.it\/wp-content\/uploads\/2015\/10\/financial-img-tr-287x287.png 287w, https:\/\/fabula.conform.it\/wp-content\/uploads\/2015\/10\/financial-img-tr-75x75.png 75w\" sizes=\"(max-width: 472px) 100vw, 472px\" \/><\/a>[\/vc_column_text][\/vc_column_inner][vc_column_inner width=&#8221;1\/3&#8243;][vc_column_text]<a href=\"http:\/\/fabula.conform.it\/tr\/fedro\/fabula-game\/\"><img class=\"size-full wp-image-2640 aligncenter\" src=\"http:\/\/fabula.conform.it\/wp-content\/uploads\/2016\/03\/the-game-tr-img.png\" alt=\"field-btn2\" \/><\/a>[\/vc_column_text][\/vc_column_inner][\/vc_row_inner][\/vc_column][\/vc_row][vc_row][vc_column width=&#8221;1\/3&#8243;][vc_btn title=&#8221;Bro\u015f\u00fcr\u00fc \u0130ndirin&#8221; color=&#8221;violet&#8221; align=&#8221;center&#8221; link=&#8221;url:http%3A%2F%2Ffabula.conform.it%2Fwp-content%2Fuploads%2F2017%2F03%2FBrochure_Educazione_Imprenditorialita_TK.pdf|target:_blank&#8221;][\/vc_column][vc_column width=&#8221;1\/3&#8243;][vc_btn title=&#8221;Bro\u015f\u00fcr\u00fc \u0130ndirin&#8221; color=&#8221;blue&#8221; align=&#8221;center&#8221; link=&#8221;url:http%3A%2F%2Ffabula.conform.it%2Fwp-content%2Fuploads%2F2017%2F03%2FBrochure_Educazione_Finanziaria_TK.pdf||target:%20_blank&#8221;][\/vc_column][vc_column width=&#8221;1\/3&#8243;][vc_btn title=&#8221;Bro\u015f\u00fcr\u00fc \u0130ndirin&#8221; color=&#8221;green&#8221; align=&#8221;center&#8221; link=&#8221;url:http%3A%2F%2Ffabula.conform.it%2Fwp-content%2Fuploads%2F2017%2F03%2FBrochure_Game_TK.pdf||target:%20_blank&#8221;][\/vc_column][\/vc_row][vc_row][vc_column][vc_column_text] <h2 style=\"font-size: 36px; text-align: center;\"><span style=\"color: #76d2d5; line-height: 22px;\">DAHA FAZLA<\/span> <span style=\"color: #1bb4b9; font-size: 36px; padding: 2px; line-height: 22px;\">DETAY<\/span><\/h2> [\/vc_column_text][vc_row_inner][vc_column_inner width=&#8221;1\/6&#8243; css=&#8221;.vc_custom_1452596778645{border-right-width: 1px !important;border-right-color: #eaeaea !important;border-right-style: solid !important;}&#8221;][vc_column_text]<a href=\"http:\/\/fabula.conform.it\/tr\/cekler\/\"><img loading=\"lazy\" class=\"size-full wp-image-3207 aligncenter\" src=\"http:\/\/fabula.conform.it\/wp-content\/uploads\/2016\/01\/ASSEGNO.png\" alt=\"cheques\" width=\"130\" height=\"130\" \/><\/a><\/p>\n<h4 style=\"text-align: center;\"><a href=\"http:\/\/fabula.conform.it\/tr\/cekler\/\"><span style=\"color: #76d2d5;\">\u00c7EKLER<\/span><\/a><\/h4> [\/vc_column_text][\/vc_column_inner][vc_column_inner width=&#8221;1\/6&#8243; css=&#8221;.vc_custom_1452596799749{border-right-width: 1px !important;border-right-color: #eaeaea !important;border-right-style: solid !important;}&#8221;][vc_column_text]<a href=\"http:\/\/fabula.conform.it\/tr\/mevcut-hesap\/\"><img loading=\"lazy\" class=\"size-full wp-image-3207 aligncenter\" src=\"http:\/\/fabula.conform.it\/wp-content\/uploads\/2015\/10\/current-account-img.png\" alt=\"current-account-img\" width=\"130\" height=\"130\" srcset=\"https:\/\/fabula.conform.it\/wp-content\/uploads\/2015\/10\/current-account-img.png 130w, https:\/\/fabula.conform.it\/wp-content\/uploads\/2015\/10\/current-account-img-75x75.png 75w\" sizes=\"(max-width: 130px) 100vw, 130px\" \/><\/a><\/p>\n<h4 style=\"text-align: center;\"><a href=\"http:\/\/fabula.conform.it\/tr\/mevcut-hesap\/\"><span style=\"color: #76d2d5;\">MEVCUT HESAP<\/span><\/a><\/h4> [\/vc_column_text][\/vc_column_inner][vc_column_inner width=&#8221;1\/6&#8243; css=&#8221;.vc_custom_1452596819561{border-right-width: 1px !important;border-right-color: #eaeaea !important;border-right-style: solid !important;}&#8221;][vc_column_text]<a href=\"http:\/\/fabula.conform.it\/tr\/banka-transferi\/\"><img loading=\"lazy\" class=\"size-full wp-image-3207 aligncenter\" src=\"http:\/\/fabula.conform.it\/wp-content\/uploads\/2016\/01\/BANK-TRANSFERS-img.png\" alt=\"bank-transfers\" width=\"130\" height=\"130\" \/><\/a><\/p>\n<h4 style=\"text-align: center;\"><a href=\"http:\/\/fabula.conform.it\/tr\/banka-transferi\/\"><span style=\"color: #76d2d5;\">BANKA TRANSFER\u0130<\/span><\/a><\/h4> [\/vc_column_text][\/vc_column_inner][vc_column_inner width=&#8221;1\/6&#8243; css=&#8221;.vc_custom_1452596949454{border-right-width: 1px !important;border-right-color: #eaeaea !important;border-right-style: solid !important;}&#8221;][vc_column_text]<a href=\"http:\/\/fabula.conform.it\/tr\/kredi-karti\/\"><img loading=\"lazy\" class=\"size-full wp-image-3207 aligncenter\" src=\"http:\/\/fabula.conform.it\/wp-content\/uploads\/2016\/01\/credit-cards-img.png\" alt=\"credit-cards\" width=\"130\" height=\"130\" \/><\/a><\/p>\n<h4 style=\"text-align: center;\"><a href=\"http:\/\/fabula.conform.it\/tr\/kredi-karti\/\"><span style=\"color: #76d2d5;\">KRED\u0130 KARTI<\/span><\/a><\/h4> [\/vc_column_text][\/vc_column_inner][vc_column_inner width=&#8221;1\/6&#8243; css=&#8221;.vc_custom_1452596930306{border-right-width: 1px !important;border-right-color: #eaeaea !important;border-right-style: solid !important;}&#8221;][vc_column_text]<a href=\"http:\/\/fabula.conform.it\/tr\/on-odemeli-kartlar\/\"><img loading=\"lazy\" class=\"size-full wp-image-3207 aligncenter\" src=\"http:\/\/fabula.conform.it\/wp-content\/uploads\/2016\/01\/prepaid-img.png\" alt=\"prepaid-cards\" width=\"130\" height=\"130\" \/><\/a><\/p>\n<h4 style=\"text-align: center; color: #76d2d5;\"><a href=\"http:\/\/fabula.conform.it\/tr\/on-odemeli-kartlar\/\"><span style=\"color: #76d2d5;\">\u00d6N \u00d6DEMEL\u0130 KARTLAR<\/span><\/a><\/h4> [\/vc_column_text][\/vc_column_inner][vc_column_inner width=&#8221;1\/6&#8243;][vc_column_text css=&#8221;.vc_custom_1464208231322{padding-top: 30px !important;}&#8221;]<a href=\"http:\/\/fabula.conform.it\/tr\/bankamatic\/\"><img loading=\"lazy\" class=\"size-full wp-image-3207 aligncenter\" src=\"http:\/\/fabula.conform.it\/wp-content\/uploads\/2016\/01\/bancomat-img.png\" alt=\"cashpoint-cards\" width=\"130\" height=\"130\" \/><\/a><\/p>\n<h4 style=\"text-align: center; color: #76d2d5;\"><a href=\"http:\/\/fabula.conform.it\/tr\/bankamatic\/\"><span style=\"color: #76d2d5;\">BANKAMATIC<\/span><\/a><\/h4> [\/vc_column_text][\/vc_column_inner][\/vc_row_inner][vc_empty_space height=&#8221;20px&#8221;][vc_row_inner][vc_column_inner width=&#8221;1\/6&#8243; css=&#8221;.vc_custom_1452596837302{border-right-width: 1px !important;border-right-color: #eaeaea !important;border-right-style: solid !important;}&#8221;][vc_column_text]<a href=\"http:\/\/fabula.conform.it\/tr\/temazsiz\/\"><img loading=\"lazy\" class=\"size-full wp-image-3207 aligncenter\" src=\"http:\/\/fabula.conform.it\/wp-content\/uploads\/2016\/01\/contactless-imh.png\" alt=\"contactless\" width=\"130\" height=\"130\" \/><\/a><\/p>\n<h4 style=\"text-align: center;\"><span style=\"color: #76d2d5;\"><a style=\"color: #76d2d5;\" href=\"http:\/\/fabula.conform.it\/tr\/temassiz\/\">TEMASSIZ<\/a><\/span><\/h4> [\/vc_column_text][\/vc_column_inner][vc_column_inner width=&#8221;1\/6&#8243; css=&#8221;.vc_custom_1452596870894{border-right-width: 1px !important;border-right-color: #eaeaea !important;border-right-style: solid !important;}&#8221;][vc_column_text]<a href=\"http:\/\/fabula.conform.it\/tr\/online-bankacilik\/\"><img loading=\"lazy\" class=\"size-full wp-image-3207 aligncenter\" src=\"http:\/\/fabula.conform.it\/wp-content\/uploads\/2016\/01\/home-banking-img.png\" alt=\"online-banking\" width=\"130\" height=\"130\" \/><\/a><\/p>\n<h4 style=\"text-align: center;\"><span style=\"color: #76d2d5;\"><a style=\"color: #76d2d5;\" href=\"http:\/\/fabula.conform.it\/tr\/online-bankacilik\/\">ONL\u0130NE BANKACILIK<\/a><\/span><\/h4> [\/vc_column_text][\/vc_column_inner][vc_column_inner width=&#8221;1\/6&#8243; css=&#8221;.vc_custom_1452596881762{border-right-width: 1px !important;border-right-color: #eaeaea !important;border-right-style: solid !important;}&#8221;][vc_column_text]<a href=\"http:\/\/fabula.conform.it\/tr\/telefon-bankaciligi\/\"><img loading=\"lazy\" class=\"size-full wp-image-3207 aligncenter\" src=\"http:\/\/fabula.conform.it\/wp-content\/uploads\/2016\/01\/phone-banking-img.png\" alt=\"phone-banking\" width=\"130\" height=\"130\" \/><\/a><\/p>\n<h4 style=\"text-align: center;\"><span style=\"color: #76d2d5;\"><a style=\"color: #76d2d5;\" href=\"http:\/\/fabula.conform.it\/tr\/telefon-bankaciligi\/\">TELEFON BANKACILI\u011eI<\/a><\/span><\/h4> [\/vc_column_text][\/vc_column_inner][vc_column_inner width=&#8221;1\/6&#8243; css=&#8221;.vc_custom_1452596894024{border-right-width: 1px !important;border-right-color: #eaeaea !important;border-right-style: solid !important;}&#8221;][vc_column_text]<a href=\"http:\/\/fabula.conform.it\/tr\/para\/\"><img loading=\"lazy\" class=\"size-full wp-image-3207 aligncenter\" src=\"http:\/\/fabula.conform.it\/wp-content\/uploads\/2016\/01\/CURRENCIES.png\" alt=\"currency\" width=\"130\" height=\"130\" \/><\/a><\/p>\n<h4 style=\"text-align: center;\"><span style=\"color: #76d2d5;\"><a style=\"color: #76d2d5;\" href=\"http:\/\/fabula.conform.it\/tr\/para\/\">PARA<\/a><\/span><\/h4> [\/vc_column_text][\/vc_column_inner][vc_column_inner width=&#8221;1\/6&#8243; css=&#8221;.vc_custom_1452596915715{border-right-width: 1px !important;border-right-color: #eaeaea !important;border-right-style: solid !important;}&#8221;][vc_column_text]<a href=\"http:\/\/fabula.conform.it\/tr\/birikimler\/\"><img loading=\"lazy\" class=\"size-full wp-image-3207 aligncenter\" src=\"http:\/\/fabula.conform.it\/wp-content\/uploads\/2016\/01\/savings-img.png\" alt=\"savings\" width=\"130\" height=\"130\" \/><\/a><\/p>\n<h4 style=\"text-align: center;\"><span style=\"color: #76d2d5;\"><a style=\"color: #76d2d5;\" href=\"http:\/\/fabula.conform.it\/tr\/birikimler\/\">B\u0130R\u0130K\u0130MLER<\/a><\/span><\/h4> [\/vc_column_text][\/vc_column_inner][vc_column_inner width=&#8221;1\/6&#8243;][vc_column_text css=&#8221;.vc_custom_1464208238813{padding-top: 30px !important;}&#8221;]<a href=\"http:\/\/fabula.conform.it\/tr\/yatirimlar\/\"><img loading=\"lazy\" class=\"size-full wp-image-3207 aligncenter\" src=\"http:\/\/fabula.conform.it\/wp-content\/uploads\/2016\/01\/investments-img.png\" alt=\"investments\" width=\"130\" height=\"130\" \/><\/a><\/p>\n<h4 style=\"text-align: center;\"><span style=\"color: #76d2d5;\"><a style=\"color: #76d2d5;\" href=\"http:\/\/fabula.conform.it\/tr\/yatirimlar\/\">YATIRIMLAR<\/a><\/span><\/h4> [\/vc_column_text][\/vc_column_inner][\/vc_row_inner][vc_empty_space height=&#8221;20px&#8221;][\/vc_column][\/vc_row][vc_row full_width=&#8221;stretch_row&#8221; css=&#8221;.vc_custom_1446074194259{margin-top: 0px !important;background: #3bb6bf url(http:\/\/fabula.conform.it\/wp-content\/uploads\/2015\/10\/texture_13.png?id=2835) !important;background-position: 0 0 !important;background-repeat: repeat !important;}&#8221;][vc_column][vc_empty_space]<h1 class=\"sc_title sc_title_regular\" style=\"text-align:left;\"> <p style=\"text-align: center;\"><span style=\"color: #ffffff;\">Social<\/span> <\/h1>[vc_row_inner][vc_column_inner width=&#8221;1\/3&#8243;][vc_column_text]<div class=\"sc_title_icon sc_title_top sc_size_medium icon-user\"><\/div><h3 class=\"sc_title sc_title_iconed\" style=\"text-align:center;\"> <p style=\"text-align: center; color: #fff;\"><span style=\"color: #fff;\">[buddylink bmlink=&#8221;activity&#8221; bltext=&#8221;Account&#8221;]<\/span> <\/h3>[\/vc_column_text][\/vc_column_inner][vc_column_inner width=&#8221;1\/3&#8243;][vc_column_text]<a href=\"http:\/\/fabula.conform.it\/activity\/\"><div class=\"sc_title_icon sc_title_top sc_size_medium icon-megaphone\"><\/div><h3 class=\"sc_title sc_title_iconed\" style=\"text-align:center;\">Activity<\/h3><\/a>[\/vc_column_text][\/vc_column_inner][vc_column_inner width=&#8221;1\/3&#8243;][vc_column_text]<div class=\"sc_title_icon sc_title_top sc_size_medium icon-users\"><\/div><h3 class=\"sc_title sc_title_iconed\" style=\"text-align:center;\"><a href=\"http:\/\/fabula.conform.it\/members\/\">Users<\/a><\/h3>[\/vc_column_text][\/vc_column_inner][\/vc_row_inner][vc_empty_space][\/vc_column][\/vc_row] <\/section>","protected":false},"excerpt":{"rendered":" [vc_row][vc_column][vc_empty_space][vc_empty_space height=&#8221;40px&#8221;][\/vc_column][\/vc_row][vc_row el_class=&#8221;class-btn-fedro&#8221; css=&#8221;.vc_custom_1446074207583{margin-bottom: 0px !important;}&#8221;][vc_column][vc_row_inner css=&#8221;.vc_custom_1446073301883{margin-bottom: 40px !important;}&#8221;][vc_column_inner width=&#8221;1\/3&#8243;][vc_column_text el_class=&#8221;class-btn-fedro&#8221;][\/vc_column_text][\/vc_column_inner][vc_column_inner width=&#8221;1\/3&#8243;][vc_column_text][\/vc_column_text][\/vc_column_inner][vc_column_inner width=&#8221;1\/3&#8243;][vc_column_text][\/vc_column_text][\/vc_column_inner][\/vc_row_inner][\/vc_column][\/vc_row][vc_row][vc_column width=&#8221;1\/3&#8243;][vc_btn title=&#8221;Bro\u015f\u00fcr\u00fc \u0130ndirin&#8221; color=&#8221;violet&#8221; align=&#8221;center&#8221; link=&#8221;url:http%3A%2F%2Ffabula.conform.it%2Fwp-content%2Fuploads%2F2017%2F03%2FBrochure_Educazione_Imprenditorialita_TK.pdf|target:_blank&#8221;][\/vc_column][vc_column width=&#8221;1\/3&#8243;][vc_btn title=&#8221;Bro\u015f\u00fcr\u00fc \u0130ndirin&#8221; color=&#8221;blue&#8221; align=&#8221;center&#8221; link=&#8221;url:http%3A%2F%2Ffabula.conform.it%2Fwp-content%2Fuploads%2F2017%2F03%2FBrochure_Educazione_Finanziaria_TK.pdf||target:%20_blank&#8221;][\/vc_column][vc_column width=&#8221;1\/3&#8243;][vc_btn title=&#8221;Bro\u015f\u00fcr\u00fc \u0130ndirin&#8221; color=&#8221;green&#8221; align=&#8221;center&#8221; link=&#8221;url:http%3A%2F%2Ffabula.conform.it%2Fwp-content%2Fuploads%2F2017%2F03%2FBrochure_Game_TK.pdf||target:%20_blank&#8221;][\/vc_column][\/vc_row][vc_row][vc_column][vc_column_text] DAHA FAZLA DETAY [\/vc_column_text][vc_row_inner][vc_column_inner width=&#8221;1\/6&#8243; css=&#8221;.vc_custom_1452596778645{border-right-width: 1px !important;border-right-color: #eaeaea !important;border-right-style: solid !important;}&#8221;][vc_column_text] \u00c7EKLER [\/vc_column_text][\/vc_column_inner][vc_column_inner width=&#8221;1\/6&#8243; css=&#8221;.vc_custom_1452596799749{border-right-width: 1px !important;border-right-color: #eaeaea !important;border-right-style: solid !important;}&#8221;][vc_column_text] MEVCUT HESAP [&hellip;] ","protected":false},"author":24,"featured_media":0,"parent":0,"menu_order":0,"comment_status":"open","ping_status":"closed","template":"","meta":[],"_links":{"self":[{"href":"https:\/\/fabula.conform.it\/tr\/wp-json\/wp\/v2\/pages\/3493"}],"collection":[{"href":"https:\/\/fabula.conform.it\/tr\/wp-json\/wp\/v2\/pages"}],"about":[{"href":"https:\/\/fabula.conform.it\/tr\/wp-json\/wp\/v2\/types\/page"}],"author":[{"embeddable":true,"href":"https:\/\/fabula.conform.it\/tr\/wp-json\/wp\/v2\/users\/24"}],"replies":[{"embeddable":true,"href":"https:\/\/fabula.conform.it\/tr\/wp-json\/wp\/v2\/comments?post=3493"}],"version-history":[{"count":24,"href":"https:\/\/fabula.conform.it\/tr\/wp-json\/wp\/v2\/pages\/3493\/revisions"}],"predecessor-version":[{"id":4729,"href":"https:\/\/fabula.conform.it\/tr\/wp-json\/wp\/v2\/pages\/3493\/revisions\/4729"}],"wp:attachment":[{"href":"https:\/\/fabula.conform.it\/tr\/wp-json\/wp\/v2\/media?parent=3493"}],"curies":[{"name":"wp","href":"https:\/\/api.w.org\/{rel}","templated":true}]}}