{"id":3502,"date":"2015-10-27T21:10:47","date_gmt":"2015-10-27T21:10:47","guid":{"rendered":"http:\/\/fabula.conform.it\/tr\/the-project\/"},"modified":"2017-03-17T11:17:42","modified_gmt":"2017-03-17T11:17:42","slug":"proje","status":"publish","type":"page","link":"https:\/\/fabula.conform.it\/tr\/proje\/","title":{"rendered":"Proje"},"content":{"rendered":"<section class=\"wpb-content-wrapper\"> [vc_row][vc_column][vc_row_inner][vc_column_inner width=&#8221;1\/3&#8243;][vc_empty_space height=&#8221;50px&#8221;]<figure class=\"sc_image  sc_image_shape_square img-class\" style=\"width:80%;\"><img src=\"https:\/\/fabula.conform.it\/wp-content\/uploads\/2015\/10\/logo-fabula-img.jpg\" alt=\"\" \/><\/figure>[vc_empty_space height=&#8221;50px&#8221;][vc_column_text] <p style=\"text-align: center;\"><div class=\"sc_title_icon sc_title_top sc_size_medium icon-file-pdf\"><\/div><h4 class=\"sc_title sc_title_iconed\" style=\"text-align:center;\"><a href=\"http:\/\/fabula.conform.it\/wp-content\/uploads\/2017\/03\/Brochure_Fabula_TK.pdf\" target=\"_blank\">Bro\u015f\u00fcr\u00fc \u0130ndirin<\/a><\/h4> [\/vc_column_text][\/vc_column_inner][vc_column_inner width=&#8221;2\/3&#8243;][vc_column_text] <p style=\"text-align: justify;\"><span class=\"sc_highlight sc_highlight_style_1\">&#8220;FABU.LA &#8211; Finansal Ve Ticari Faaliyetleri \u00d6\u011frenme&#8221;<\/span> Projenin amac\u0131 gen\u00e7leri ve ilk\u00f6\u011fretim \u00f6\u011frencileri <span class=\"sc_highlight sc_highlight_style_2\">giri\u015fimcilik<\/span> ve <span class=\"sc_highlight sc_highlight_style_2\">finansal okuryazarl\u0131\u011f\u0131<\/span>konusunda bilgi sahibi yapmakt\u0131r. Giri\u015fimci ruhu ile b\u00fct\u00fcnle\u015fmi\u015f bir \u00f6\u011fretim modeli benimseyen, bu modeli g\u00fcnl\u00fck ya\u015fam ve faaliyetlerine, ekonomik\/finansal bilgilerene aktran gen\u00e7ler projede \u015fu yeteneklere sahip olacaklar:<\/p>\n<ul style=\"text-align: justify;\">\n<li><span class=\"sc_highlight sc_highlight_style_2\">yeni metotlar, teknikler, ara\u00e7lar<\/span> , simalasyonlar \u00f6\u011frenmek, kat\u0131l\u0131mc\u0131 ve yarat\u0131c\u0131 \u00f6\u011frenme<\/li>\n<li>IV ve V \u0130lk\u00f6\u011fretim okullar\u0131nda <span class=\"sc_highlight sc_highlight_style_2\"> Finasal yeterlilik dersleri<\/span> m\u00fcfrada\u0131n\u0131n geli\u015fimesi:<\/li>\n<\/ul>\n<p>a) Para ve fiyat bilgisi<br \/>\nb) Gelece\u011fi planlama yete\u011fi kazanmak<br \/>\nc) K\u00fc\u00e7\u00fck bir b\u00fct\u00e7e y\u00f6netmek<br \/>\nd) Bor\u00e7lanmadan ka\u00e7\u0131nmak<br \/>\ne) Mevcudu y\u00f6netmek ve gelece\u011fi planlamak.[\/vc_column_text][vc_column_text] <p style=\"text-align: justify;\">The <span class=\"sc_highlight sc_highlight_style_1\">&#8220;FABU.LA &#8211; Finansal Ve Ticari Faaliyetleri \u00d6\u011frenme&#8221;<\/span> projesi yeni nesilere zor durumlarda nas\u0131l finansal tercihler yapaca\u011f\u0131n\u0131, m\u00fcmk\u00fcn olan di\u011fer se\u00e7enekleri g\u00f6stermek; finansal konularda bilgi sahibi yapak i\u00e7in yaz\u0131lan bir projedir. Yenilik\u00e7i \u00f6\u011frenme modeli, eylenerek \u00f6\u011frenmek, finasal okuryazarl\u0131k ve giri\u015fimcilik konular\u0131 ve aktiv vatanda\u015fl\u0131\u011f\u0131 e\u011fitime katarak:<\/p>\n<ul style=\"text-align: justify;\">\n<ul style=\"text-align: justify;\">\n<li><span class=\"sc_highlight sc_highlight_style_2\">Farkl\u0131 finasal kaynaklar\u0131<\/span> ve <span class=\"sc_highlight sc_highlight_style_2\">servisleri<\/span> do\u011fru kulanmay\u0131<\/li>\n<li><span class=\"sc_highlight sc_highlight_style_2\">Pazar f\u0131rsatlar\u0131 riskleri<\/span> konular\u0131nda daha fazla bilgi kazan\u0131lmas\u0131n\u0131 \u00f6\u011fretmeyi ama\u00e7lar<\/li>\n<\/ul>\n<\/ul> [\/vc_column_text][\/vc_column_inner][\/vc_row_inner][vc_row_inner][vc_column_inner][\/vc_column_inner][\/vc_row_inner][\/vc_column][\/vc_row][vc_row el_class=&#8221;class-display&#8221;][vc_column]<div class=\"columnsWrap sc_columns sc_columns_count_3\"><div class=\"columns2_3 sc_column_item sc_column_item_1 odd first span_2\"><div id=\"sc_skills_diagram_61572783\" class=\"sc_skills sc_skills_arc\" data-type=\"arc\" data-subtitle=\"Skills\"><div class=\"sc_skills_legend\"><h2>Web skills<\/h2><ul><li style=\"background-color:rgba(0,0,14,1)\">JavaScript<\/li><li style=\"background-color:rgba(0,0,14,0.9)\">CSS3<\/li><li style=\"background-color:rgba(0,0,14,0.8)\">HTML5<\/li><li style=\"background-color:rgba(0,0,14,0.7)\">PHP<\/li><li style=\"background-color:rgba(0,0,14,0.6)\">MySQL<\/li><\/ul><\/div><div id=\"sc_skills_diagram_61572783_diagram\" class=\"sc_skills_arc_canvas\"><\/div><div class=\"sc_skills_data\" style=\"display:none;\"><div class=\"arc\"><input type=\"hidden\" class=\"text\" value=\"JavaScript\" \/><input type=\"hidden\" class=\"percent\" value=\"95\" \/><input type=\"hidden\" class=\"color\" value=\"rgba(0,0,14,1)\" \/><\/div><div class=\"arc\"><input type=\"hidden\" class=\"text\" value=\"CSS3\" \/><input type=\"hidden\" class=\"percent\" value=\"90\" \/><input type=\"hidden\" class=\"color\" value=\"rgba(0,0,14,0.9)\" \/><\/div><div class=\"arc\"><input type=\"hidden\" class=\"text\" value=\"HTML5\" \/><input type=\"hidden\" class=\"percent\" value=\"80\" \/><input type=\"hidden\" class=\"color\" value=\"rgba(0,0,14,0.8)\" \/><\/div><div class=\"arc\"><input type=\"hidden\" class=\"text\" value=\"PHP\" \/><input type=\"hidden\" class=\"percent\" value=\"53\" \/><input type=\"hidden\" class=\"color\" value=\"rgba(0,0,14,0.7)\" \/><\/div><div class=\"arc\"><input type=\"hidden\" class=\"text\" value=\"MySQL\" \/><input type=\"hidden\" class=\"percent\" value=\"45\" \/><input type=\"hidden\" class=\"color\" value=\"rgba(0,0,14,0.6)\" \/><\/div><\/div><\/div><\/div><div class=\"columns1_3 sc_column_item sc_column_item_3 odd after_span_2\"><h2 class=\"sc_title sc_title_regular\" style=\"text-align:left;\">Our language skills<\/h2><div class=\"sc_skills sc_skills_bar sc_skills_horizontal\" data-type=\"bar\" data-subtitle=\"Skills\" data-dir=\"horizontal\"><div class=\"sc_skills_info\">English<\/div><div class=\"sc_skills_item sc_skills_style_1 odd first\"><div class=\"sc_skills_count\"><div class=\"sc_skills_total\" data-start=\"0\" data-stop=\"98\" data-step=\"1\" data-max=\"100\" data-speed=\"11\" data-duration=\"1078\" data-ed=\"%\">0%<\/div><\/div><\/div><div class=\"sc_skills_info\">Spanish<\/div><div class=\"sc_skills_item sc_skills_style_1 even\"><div class=\"sc_skills_count\"><div class=\"sc_skills_total\" data-start=\"0\" data-stop=\"66\" data-step=\"1\" data-max=\"100\" data-speed=\"18\" data-duration=\"1188\" data-ed=\"%\">0%<\/div><\/div><\/div><div class=\"sc_skills_info\">French<\/div><div class=\"sc_skills_item sc_skills_style_1 odd\"><div class=\"sc_skills_count\"><div class=\"sc_skills_total\" data-start=\"0\" data-stop=\"87\" data-step=\"1\" data-max=\"100\" data-speed=\"15\" data-duration=\"1305\" data-ed=\"%\">0%<\/div><\/div><\/div><div class=\"sc_skills_info\">Latin<\/div><div class=\"sc_skills_item sc_skills_style_1 even\"><div class=\"sc_skills_count\"><div class=\"sc_skills_total\" data-start=\"0\" data-stop=\"82\" data-step=\"1\" data-max=\"100\" data-speed=\"23\" data-duration=\"1886\" data-ed=\"%\">0%<\/div><\/div><\/div><div class=\"sc_skills_info\">Others<\/div><div class=\"sc_skills_item sc_skills_style_1 odd\"><div class=\"sc_skills_count\"><div class=\"sc_skills_total\" data-start=\"0\" data-stop=\"76\" data-step=\"1\" data-max=\"100\" data-speed=\"32\" data-duration=\"2432\" data-ed=\"%\">0%<\/div><\/div><\/div><\/div><\/div><\/div><div class=\"sc_line sc_line_style_solid\" style=\"margin-top:0px;margin-bottom:2em;border-top-style:solid;\"><\/div>[\/vc_column][\/vc_row][vc_row el_class=&#8221;class-display&#8221;][vc_column]<h2 class=\"sc_title sc_title_regular\" style=\"text-align:center;\">Services<\/h2><div class=\"sc_skills sc_skills_counter\" data-type=\"counter\" data-subtitle=\"Skills\"><div class=\"columnsWrap sc_skills_columns\"><div class=\"sc_skills_column columns1_5\"><div class=\"sc_skills_item sc_skills_style_2 odd first\"><div class=\"sc_skills_count\"><div class=\"sc_skills_total\" data-start=\"0\" data-stop=\"68\" data-step=\"1\" data-max=\"100\" data-speed=\"26\" data-duration=\"1768\" data-ed=\"%\">0%<\/div><\/div><div class=\"sc_skills_info\">Clean Design<\/div><\/div><\/div><div class=\"sc_skills_column columns1_5\"><div class=\"sc_skills_item sc_skills_style_2 even\"><div class=\"sc_skills_count\"><div class=\"sc_skills_total\" data-start=\"0\" data-stop=\"72\" data-step=\"1\" data-max=\"100\" data-speed=\"34\" data-duration=\"2448\" data-ed=\"%\">0%<\/div><\/div><div class=\"sc_skills_info\">Incredible Flexible<\/div><\/div><\/div><div class=\"sc_skills_column columns1_5\"><div class=\"sc_skills_item sc_skills_style_2 odd\"><div class=\"sc_skills_count\"><div class=\"sc_skills_total\" data-start=\"0\" data-stop=\"98\" data-step=\"1\" data-max=\"100\" data-speed=\"31\" data-duration=\"3038\" data-ed=\"%\">0%<\/div><\/div><div class=\"sc_skills_info\">Responsive<\/div><\/div><\/div><div class=\"sc_skills_column columns1_5\"><div class=\"sc_skills_item sc_skills_style_2 even\"><div class=\"sc_skills_count\"><div class=\"sc_skills_total\" data-start=\"0\" data-stop=\"45\" data-step=\"1\" data-max=\"100\" data-speed=\"25\" data-duration=\"1125\" data-ed=\"%\">0%<\/div><\/div><div class=\"sc_skills_info\">SEO Ready<\/div><\/div><\/div><div class=\"sc_skills_column columns1_5\"><div class=\"sc_skills_item sc_skills_style_2 odd\"><div class=\"sc_skills_count\"><div class=\"sc_skills_total\" data-start=\"0\" data-stop=\"78\" data-step=\"1\" data-max=\"100\" data-speed=\"17\" data-duration=\"1326\" data-ed=\"%\">0%<\/div><\/div><div class=\"sc_skills_info\">Free support<\/div><\/div><\/div><\/div><\/div>[\/vc_column][\/vc_row] <\/section>","protected":false},"excerpt":{"rendered":" [vc_row][vc_column][vc_row_inner][vc_column_inner width=&#8221;1\/3&#8243;][vc_empty_space height=&#8221;50px&#8221;][vc_empty_space height=&#8221;50px&#8221;][vc_column_text] [\/vc_column_text][\/vc_column_inner][vc_column_inner width=&#8221;2\/3&#8243;][vc_column_text] Projenin amac\u0131 gen\u00e7leri ve ilk\u00f6\u011fretim \u00f6\u011frencileri ve konusunda bilgi sahibi yapmakt\u0131r. Giri\u015fimci ruhu ile b\u00fct\u00fcnle\u015fmi\u015f bir \u00f6\u011fretim modeli benimseyen, bu modeli g\u00fcnl\u00fck ya\u015fam ve faaliyetlerine, ekonomik\/finansal bilgilerene aktran gen\u00e7ler projede \u015fu yeteneklere sahip olacaklar: , simalasyonlar \u00f6\u011frenmek, kat\u0131l\u0131mc\u0131 ve yarat\u0131c\u0131 \u00f6\u011frenme IV ve V \u0130lk\u00f6\u011fretim okullar\u0131nda m\u00fcfrada\u0131n\u0131n geli\u015fimesi: a) [&hellip;] ","protected":false},"author":24,"featured_media":0,"parent":0,"menu_order":0,"comment_status":"open","ping_status":"closed","template":"","meta":[],"_links":{"self":[{"href":"https:\/\/fabula.conform.it\/tr\/wp-json\/wp\/v2\/pages\/3502"}],"collection":[{"href":"https:\/\/fabula.conform.it\/tr\/wp-json\/wp\/v2\/pages"}],"about":[{"href":"https:\/\/fabula.conform.it\/tr\/wp-json\/wp\/v2\/types\/page"}],"author":[{"embeddable":true,"href":"https:\/\/fabula.conform.it\/tr\/wp-json\/wp\/v2\/users\/24"}],"replies":[{"embeddable":true,"href":"https:\/\/fabula.conform.it\/tr\/wp-json\/wp\/v2\/comments?post=3502"}],"version-history":[{"count":10,"href":"https:\/\/fabula.conform.it\/tr\/wp-json\/wp\/v2\/pages\/3502\/revisions"}],"predecessor-version":[{"id":4270,"href":"https:\/\/fabula.conform.it\/tr\/wp-json\/wp\/v2\/pages\/3502\/revisions\/4270"}],"wp:attachment":[{"href":"https:\/\/fabula.conform.it\/tr\/wp-json\/wp\/v2\/media?parent=3502"}],"curies":[{"name":"wp","href":"https:\/\/api.w.org\/{rel}","templated":true}]}}