{"id":3630,"date":"2016-03-11T09:44:35","date_gmt":"2016-03-11T09:44:35","guid":{"rendered":"http:\/\/fabula.conform.it\/tr\/?page_id=3630"},"modified":"2016-03-11T10:44:48","modified_gmt":"2016-03-11T10:44:48","slug":"finansal-egitim","status":"publish","type":"page","link":"https:\/\/fabula.conform.it\/tr\/fedro\/finansal-egitim\/","title":{"rendered":"F\u0130NANSAL E\u011e\u0130T\u0130M"},"content":{"rendered":"<section class=\"wpb-content-wrapper\"> [vc_row][vc_column][vc_empty_space][\/vc_column][\/vc_row][vc_row full_width=&#8221;stretch_row&#8221; el_class=&#8221;class-btn-fedro&#8221; css=&#8221;.vc_custom_1457692869966{margin-bottom: 0px !important;background-color: #0170c0 !important;}&#8221;][vc_column][vc_empty_space][vc_column_text]<iframe loading=\"lazy\" src=\"http:\/\/www.risorse.conform.it\/DemoWeb\/FABULA\/TK\/FIELDS_Ed_finanziaria_TK\/story.html\" width=\"1200\" height=\"700\" frameborder=\"0\" allowfullscreen=\"allowfullscreen\"> <\/iframe>[\/vc_column_text][vc_empty_space][\/vc_column][\/vc_row] <\/section>","protected":false},"excerpt":{"rendered":" [vc_row][vc_column][vc_empty_space][\/vc_column][\/vc_row][vc_row full_width=&#8221;stretch_row&#8221; el_class=&#8221;class-btn-fedro&#8221; css=&#8221;.vc_custom_1457692869966{margin-bottom: 0px !important;background-color: #0170c0 !important;}&#8221;][vc_column][vc_empty_space][vc_column_text] [\/vc_column_text][vc_empty_space][\/vc_column][\/vc_row] ","protected":false},"author":24,"featured_media":0,"parent":3493,"menu_order":0,"comment_status":"open","ping_status":"closed","template":"","meta":[],"_links":{"self":[{"href":"https:\/\/fabula.conform.it\/tr\/wp-json\/wp\/v2\/pages\/3630"}],"collection":[{"href":"https:\/\/fabula.conform.it\/tr\/wp-json\/wp\/v2\/pages"}],"about":[{"href":"https:\/\/fabula.conform.it\/tr\/wp-json\/wp\/v2\/types\/page"}],"author":[{"embeddable":true,"href":"https:\/\/fabula.conform.it\/tr\/wp-json\/wp\/v2\/users\/24"}],"replies":[{"embeddable":true,"href":"https:\/\/fabula.conform.it\/tr\/wp-json\/wp\/v2\/comments?post=3630"}],"version-history":[{"count":5,"href":"https:\/\/fabula.conform.it\/tr\/wp-json\/wp\/v2\/pages\/3630\/revisions"}],"predecessor-version":[{"id":3638,"href":"https:\/\/fabula.conform.it\/tr\/wp-json\/wp\/v2\/pages\/3630\/revisions\/3638"}],"up":[{"embeddable":true,"href":"https:\/\/fabula.conform.it\/tr\/wp-json\/wp\/v2\/pages\/3493"}],"wp:attachment":[{"href":"https:\/\/fabula.conform.it\/tr\/wp-json\/wp\/v2\/media?parent=3630"}],"curies":[{"name":"wp","href":"https:\/\/api.w.org\/{rel}","templated":true}]}}