{"id":3645,"date":"2016-03-16T08:32:52","date_gmt":"2016-03-16T08:32:52","guid":{"rendered":"http:\/\/fabula.conform.it\/tr\/?page_id=3645"},"modified":"2016-03-16T08:47:55","modified_gmt":"2016-03-16T08:47:55","slug":"girisimcilik-egitimleri","status":"publish","type":"page","link":"https:\/\/fabula.conform.it\/tr\/fedro\/girisimcilik-egitimleri\/","title":{"rendered":"Girisimcilik e\u011fitimleri"},"content":{"rendered":"<section class=\"wpb-content-wrapper\"> [vc_row][vc_column][vc_empty_space][\/vc_column][\/vc_row][vc_row full_width=&#8221;stretch_row_content&#8221; el_class=&#8221;class-btn-fedro&#8221; css=&#8221;.vc_custom_1446657736046{margin-bottom: 0px !important;background-color: #604a7b !important;}&#8221;][vc_column][vc_empty_space][vc_column_text]<iframe loading=\"lazy\" src=\"http:\/\/www.risorse.conform.it\/DemoWeb\/FABULA\/TK\/FIELDS_imprenditoria_TK\/story.html\" width=\"1200\" height=\"700\" frameborder=\"0\" allowfullscreen=\"allowfullscreen\"> <\/iframe>[\/vc_column_text][vc_empty_space][\/vc_column][\/vc_row][vc_row][vc_column css=&#8221;.vc_custom_1456498866610{padding-top: 30px !important;padding-bottom: 30px !important;}&#8221;][vc_column_text] <h3 style=\"text-align: center;\"><span style=\"color: #ea624c;\">E\u011fer giri\u015f i\u00e7in referans ald\u0131ysan\u0131z,\u00f6\u011frenme ortam\u0131na gitmek i\u00e7in ALT TAP TU\u015eLARINA BASINIZ<\/span><\/h3> [\/vc_column_text][vc_btn title=&#8221;\u00d6\u011frenme ortam\u0131na gidin&#8221; color=&#8221;violet&#8221; size=&#8221;lg&#8221; align=&#8221;center&#8221; link=&#8221;url:http%3A%2F%2Fwww.educare.conform.it%2Fmod%2Fscorm%2Fplayer.php%3Fscoid%3D0%26cm%3D1297%26display%3Dpopup||target:%20_blank&#8221;][\/vc_column][\/vc_row] <\/section>","protected":false},"excerpt":{"rendered":" [vc_row][vc_column][vc_empty_space][\/vc_column][\/vc_row][vc_row full_width=&#8221;stretch_row_content&#8221; el_class=&#8221;class-btn-fedro&#8221; css=&#8221;.vc_custom_1446657736046{margin-bottom: 0px !important;background-color: #604a7b !important;}&#8221;][vc_column][vc_empty_space][vc_column_text] [\/vc_column_text][vc_empty_space][\/vc_column][\/vc_row][vc_row][vc_column css=&#8221;.vc_custom_1456498866610{padding-top: 30px !important;padding-bottom: 30px !important;}&#8221;][vc_column_text] E\u011fer giri\u015f i\u00e7in referans ald\u0131ysan\u0131z,\u00f6\u011frenme ortam\u0131na gitmek i\u00e7in ALT TAP TU\u015eLARINA BASINIZ [\/vc_column_text][vc_btn title=&#8221;\u00d6\u011frenme ortam\u0131na gidin&#8221; color=&#8221;violet&#8221; size=&#8221;lg&#8221; align=&#8221;center&#8221; link=&#8221;url:http%3A%2F%2Fwww.educare.conform.it%2Fmod%2Fscorm%2Fplayer.php%3Fscoid%3D0%26cm%3D1297%26display%3Dpopup||target:%20_blank&#8221;][\/vc_column][\/vc_row] ","protected":false},"author":24,"featured_media":0,"parent":3493,"menu_order":0,"comment_status":"open","ping_status":"closed","template":"","meta":[],"_links":{"self":[{"href":"https:\/\/fabula.conform.it\/tr\/wp-json\/wp\/v2\/pages\/3645"}],"collection":[{"href":"https:\/\/fabula.conform.it\/tr\/wp-json\/wp\/v2\/pages"}],"about":[{"href":"https:\/\/fabula.conform.it\/tr\/wp-json\/wp\/v2\/types\/page"}],"author":[{"embeddable":true,"href":"https:\/\/fabula.conform.it\/tr\/wp-json\/wp\/v2\/users\/24"}],"replies":[{"embeddable":true,"href":"https:\/\/fabula.conform.it\/tr\/wp-json\/wp\/v2\/comments?post=3645"}],"version-history":[{"count":3,"href":"https:\/\/fabula.conform.it\/tr\/wp-json\/wp\/v2\/pages\/3645\/revisions"}],"predecessor-version":[{"id":3648,"href":"https:\/\/fabula.conform.it\/tr\/wp-json\/wp\/v2\/pages\/3645\/revisions\/3648"}],"up":[{"embeddable":true,"href":"https:\/\/fabula.conform.it\/tr\/wp-json\/wp\/v2\/pages\/3493"}],"wp:attachment":[{"href":"https:\/\/fabula.conform.it\/tr\/wp-json\/wp\/v2\/media?parent=3645"}],"curies":[{"name":"wp","href":"https:\/\/api.w.org\/{rel}","templated":true}]}}