{"id":3799,"date":"2016-05-25T15:04:48","date_gmt":"2016-05-25T15:04:48","guid":{"rendered":"http:\/\/fabula.conform.it\/tr\/?page_id=3799"},"modified":"2016-10-11T11:15:19","modified_gmt":"2016-10-11T11:15:19","slug":"bankamatic","status":"publish","type":"page","link":"https:\/\/fabula.conform.it\/tr\/bankamatic\/","title":{"rendered":"BANKAMATIC"},"content":{"rendered":"<section class=\"wpb-content-wrapper\"> [vc_row][vc_column][vc_empty_space][vc_empty_space height=&#8221;40px&#8221;][\/vc_column][\/vc_row][vc_row][vc_column][vc_column_text css=&#8221;.vc_custom_1464188748921{border-bottom-width: 1px !important;border-bottom-color: #cccccc !important;border-bottom-style: solid !important;}&#8221;]<span style=\"color: #999999; font-size: 22px;\"><a style=\"color: #999999;\" href=\"http:\/\/www.tcmb.gov.tr\/wps\/wcm\/connect\/TCMB+TR\/TCMB+TR\/Sosyal\/Cocuklar+Icin\/Oyunlar\/\" target=\"_blank\">Oyunlar<\/a><\/span>[\/vc_column_text][\/vc_column][\/vc_row][vc_row][vc_column][vc_empty_space height=&#8221;70px&#8221;][\/vc_column][\/vc_row][vc_row][vc_column][vc_column_text] [\/vc_column_text][\/vc_column][\/vc_row][vc_row][vc_column][vc_column_text] <h2 style=\"font-size: 36px; text-align: center;\"><span style=\"color: #76d2d5; line-height: 22px;\">DAHA FAZLA<\/span> <span style=\"color: #1bb4b9; font-size: 36px; padding: 2px; line-height: 22px;\">DETAY<\/span><\/h2> [\/vc_column_text][vc_row_inner][vc_column_inner width=&#8221;1\/6&#8243; css=&#8221;.vc_custom_1452596778645{border-right-width: 1px !important;border-right-color: #eaeaea !important;border-right-style: solid !important;}&#8221;][vc_column_text]<a href=\"http:\/\/fabula.conform.it\/tr\/cekler\/\"><img loading=\"lazy\" class=\"size-full wp-image-3207 aligncenter\" src=\"http:\/\/fabula.conform.it\/wp-content\/uploads\/2016\/01\/ASSEGNO.png\" alt=\"cheques\" width=\"130\" height=\"130\" \/><\/a><\/p>\n<h4 style=\"text-align: center;\"><a href=\"http:\/\/fabula.conform.it\/tr\/cekler\/\"><span style=\"color: #76d2d5;\">\u00c7EKLER<\/span><\/a><\/h4> [\/vc_column_text][\/vc_column_inner][vc_column_inner width=&#8221;1\/6&#8243; css=&#8221;.vc_custom_1452596799749{border-right-width: 1px !important;border-right-color: #eaeaea !important;border-right-style: solid !important;}&#8221;][vc_column_text]<a href=\"http:\/\/fabula.conform.it\/tr\/mevcut-hesap\/\"><img loading=\"lazy\" class=\"size-full wp-image-3207 aligncenter\" src=\"http:\/\/fabula.conform.it\/wp-content\/uploads\/2015\/10\/current-account-img.png\" alt=\"current-account-img\" width=\"130\" height=\"130\" srcset=\"https:\/\/fabula.conform.it\/wp-content\/uploads\/2015\/10\/current-account-img.png 130w, https:\/\/fabula.conform.it\/wp-content\/uploads\/2015\/10\/current-account-img-75x75.png 75w\" sizes=\"(max-width: 130px) 100vw, 130px\" \/><\/a><\/p>\n<h4 style=\"text-align: center;\"><a href=\"http:\/\/fabula.conform.it\/tr\/mevcut-hesap\/\"><span style=\"color: #76d2d5;\">MEVCUT HESAP<\/span><\/a><\/h4> [\/vc_column_text][\/vc_column_inner][vc_column_inner width=&#8221;1\/6&#8243; css=&#8221;.vc_custom_1452596819561{border-right-width: 1px !important;border-right-color: #eaeaea !important;border-right-style: solid !important;}&#8221;][vc_column_text]<a href=\"http:\/\/fabula.conform.it\/tr\/banka-transferi\/\"><img loading=\"lazy\" class=\"size-full wp-image-3207 aligncenter\" src=\"http:\/\/fabula.conform.it\/wp-content\/uploads\/2016\/01\/BANK-TRANSFERS-img.png\" alt=\"bank-transfers\" width=\"130\" height=\"130\" \/><\/a><\/p>\n<h4 style=\"text-align: center;\"><a href=\"http:\/\/fabula.conform.it\/tr\/banka-transferi\/\"><span style=\"color: #76d2d5;\">BANKA TRANSFER\u0130<\/span><\/a><\/h4> [\/vc_column_text][\/vc_column_inner][vc_column_inner width=&#8221;1\/6&#8243; css=&#8221;.vc_custom_1452596949454{border-right-width: 1px !important;border-right-color: #eaeaea !important;border-right-style: solid !important;}&#8221;][vc_column_text]<a href=\"http:\/\/fabula.conform.it\/tr\/kredi-karti\/\"><img loading=\"lazy\" class=\"size-full wp-image-3207 aligncenter\" src=\"http:\/\/fabula.conform.it\/wp-content\/uploads\/2016\/01\/credit-cards-img.png\" alt=\"credit-cards\" width=\"130\" height=\"130\" \/><\/a><\/p>\n<h4 style=\"text-align: center;\"><a href=\"http:\/\/fabula.conform.it\/tr\/kredi-karti\/\"><span style=\"color: #76d2d5;\">KRED\u0130 KARTI<\/span><\/a><\/h4> [\/vc_column_text][\/vc_column_inner][vc_column_inner width=&#8221;1\/6&#8243; css=&#8221;.vc_custom_1452596930306{border-right-width: 1px !important;border-right-color: #eaeaea !important;border-right-style: solid !important;}&#8221;][vc_column_text]<a href=\"http:\/\/fabula.conform.it\/tr\/on-odemeli-kartlar\/\"><img loading=\"lazy\" class=\"size-full wp-image-3207 aligncenter\" src=\"http:\/\/fabula.conform.it\/wp-content\/uploads\/2016\/01\/prepaid-img.png\" alt=\"prepaid-cards\" width=\"130\" height=\"130\" \/><\/a><\/p>\n<h4 style=\"text-align: center; color: #76d2d5;\"><a href=\"http:\/\/fabula.conform.it\/tr\/on-odemeli-kartlar\/\"><span style=\"color: #76d2d5;\">\u00d6N \u00d6DEMEL\u0130 KARTLAR<\/span><\/a><\/h4> [\/vc_column_text][\/vc_column_inner][vc_column_inner width=&#8221;1\/6&#8243;][vc_column_text css=&#8221;.vc_custom_1464200379357{padding-top: 30px !important;}&#8221;]<a href=\"http:\/\/fabula.conform.it\/tr\/bankamatic\/\"><img loading=\"lazy\" class=\"size-full wp-image-3207 aligncenter\" src=\"http:\/\/fabula.conform.it\/wp-content\/uploads\/2016\/01\/bancomat-img.png\" alt=\"cashpoint-cards\" width=\"130\" height=\"130\" \/><\/a><\/p>\n<h4 style=\"text-align: center; color: #76d2d5;\"><a href=\"http:\/\/fabula.conform.it\/tr\/bankamatic\/\"><span style=\"color: #76d2d5;\">BANKAMATIC<\/span><\/a><\/h4> [\/vc_column_text][\/vc_column_inner][\/vc_row_inner][vc_empty_space height=&#8221;20px&#8221;][vc_row_inner][vc_column_inner width=&#8221;1\/6&#8243; css=&#8221;.vc_custom_1452596837302{border-right-width: 1px !important;border-right-color: #eaeaea !important;border-right-style: solid !important;}&#8221;][vc_column_text]<a href=\"http:\/\/fabula.conform.it\/tr\/temazsiz\/\"><img loading=\"lazy\" class=\"size-full wp-image-3207 aligncenter\" src=\"http:\/\/fabula.conform.it\/wp-content\/uploads\/2016\/01\/contactless-imh.png\" alt=\"contactless\" width=\"130\" height=\"130\" \/><\/a><\/p>\n<h4 style=\"text-align: center;\"><span style=\"color: #76d2d5;\"><a style=\"color: #76d2d5;\" href=\"http:\/\/fabula.conform.it\/tr\/temassiz\/\">TEMASSIZ<\/a><\/span><\/h4> [\/vc_column_text][\/vc_column_inner][vc_column_inner width=&#8221;1\/6&#8243; css=&#8221;.vc_custom_1452596870894{border-right-width: 1px !important;border-right-color: #eaeaea !important;border-right-style: solid !important;}&#8221;][vc_column_text]<a href=\"http:\/\/fabula.conform.it\/tr\/online-bankacilik\/\"><img loading=\"lazy\" class=\"size-full wp-image-3207 aligncenter\" src=\"http:\/\/fabula.conform.it\/wp-content\/uploads\/2016\/01\/home-banking-img.png\" alt=\"online-banking\" width=\"130\" height=\"130\" \/><\/a><\/p>\n<h4 style=\"text-align: center;\"><span style=\"color: #76d2d5;\"><a style=\"color: #76d2d5;\" href=\"http:\/\/fabula.conform.it\/tr\/online-bankacilik\/\">ONL\u0130NE BANKACILIK<\/a><\/span><\/h4> [\/vc_column_text][\/vc_column_inner][vc_column_inner width=&#8221;1\/6&#8243; css=&#8221;.vc_custom_1452596881762{border-right-width: 1px !important;border-right-color: #eaeaea !important;border-right-style: solid !important;}&#8221;][vc_column_text]<a href=\"http:\/\/fabula.conform.it\/tr\/telefon-bankaciligi\/\"><img loading=\"lazy\" class=\"size-full wp-image-3207 aligncenter\" src=\"http:\/\/fabula.conform.it\/wp-content\/uploads\/2016\/01\/phone-banking-img.png\" alt=\"phone-banking\" width=\"130\" height=\"130\" \/><\/a><\/p>\n<h4 style=\"text-align: center;\"><span style=\"color: #76d2d5;\"><a style=\"color: #76d2d5;\" href=\"http:\/\/fabula.conform.it\/tr\/telefon-bankaciligi\/\">TELEFON BANKACILI\u011eI<\/a><\/span><\/h4> [\/vc_column_text][\/vc_column_inner][vc_column_inner width=&#8221;1\/6&#8243; css=&#8221;.vc_custom_1452596894024{border-right-width: 1px !important;border-right-color: #eaeaea !important;border-right-style: solid !important;}&#8221;][vc_column_text]<a href=\"http:\/\/fabula.conform.it\/tr\/para\/\"><img loading=\"lazy\" class=\"size-full wp-image-3207 aligncenter\" src=\"http:\/\/fabula.conform.it\/wp-content\/uploads\/2016\/01\/CURRENCIES.png\" alt=\"currency\" width=\"130\" height=\"130\" \/><\/a><\/p>\n<h4 style=\"text-align: center;\"><span style=\"color: #76d2d5;\"><a style=\"color: #76d2d5;\" href=\"http:\/\/fabula.conform.it\/tr\/para\/\">PARA<\/a><\/span><\/h4> [\/vc_column_text][\/vc_column_inner][vc_column_inner width=&#8221;1\/6&#8243; css=&#8221;.vc_custom_1452596915715{border-right-width: 1px !important;border-right-color: #eaeaea !important;border-right-style: solid !important;}&#8221;][vc_column_text]<a href=\"http:\/\/fabula.conform.it\/tr\/birikimler\/\"><img loading=\"lazy\" class=\"size-full wp-image-3207 aligncenter\" src=\"http:\/\/fabula.conform.it\/wp-content\/uploads\/2016\/01\/savings-img.png\" alt=\"savings\" width=\"130\" height=\"130\" \/><\/a><\/p>\n<h4 style=\"text-align: center;\"><span style=\"color: #76d2d5;\"><a style=\"color: #76d2d5;\" href=\"http:\/\/fabula.conform.it\/tr\/birikimler\/\">B\u0130R\u0130K\u0130MLER<\/a><\/span><\/h4> [\/vc_column_text][\/vc_column_inner][vc_column_inner width=&#8221;1\/6&#8243;][vc_column_text css=&#8221;.vc_custom_1464200398102{padding-top: 30px !important;}&#8221;]<a href=\"http:\/\/fabula.conform.it\/tr\/yatirimlar\/\"><img loading=\"lazy\" class=\"size-full wp-image-3207 aligncenter\" src=\"http:\/\/fabula.conform.it\/wp-content\/uploads\/2016\/01\/investments-img.png\" alt=\"investments\" width=\"130\" height=\"130\" \/><\/a><\/p>\n<h4 style=\"text-align: center;\"><span style=\"color: #76d2d5;\"><a style=\"color: #76d2d5;\" href=\"http:\/\/fabula.conform.it\/tr\/yatirimlar\/\">YATIRIMLAR<\/a><\/span><\/h4> [\/vc_column_text][\/vc_column_inner][\/vc_row_inner][vc_empty_space height=&#8221;20px&#8221;][\/vc_column][\/vc_row] <\/section>","protected":false},"excerpt":{"rendered":" [vc_row][vc_column][vc_empty_space][vc_empty_space height=&#8221;40px&#8221;][\/vc_column][\/vc_row][vc_row][vc_column][vc_column_text css=&#8221;.vc_custom_1464188748921{border-bottom-width: 1px !important;border-bottom-color: #cccccc !important;border-bottom-style: solid !important;}&#8221;]Oyunlar[\/vc_column_text][\/vc_column][\/vc_row][vc_row][vc_column][vc_empty_space height=&#8221;70px&#8221;][\/vc_column][\/vc_row][vc_row][vc_column][vc_column_text] [\/vc_column_text][\/vc_column][\/vc_row][vc_row][vc_column][vc_column_text] DAHA FAZLA DETAY [\/vc_column_text][vc_row_inner][vc_column_inner width=&#8221;1\/6&#8243; css=&#8221;.vc_custom_1452596778645{border-right-width: 1px !important;border-right-color: #eaeaea !important;border-right-style: solid !important;}&#8221;][vc_column_text] \u00c7EKLER [\/vc_column_text][\/vc_column_inner][vc_column_inner width=&#8221;1\/6&#8243; css=&#8221;.vc_custom_1452596799749{border-right-width: 1px !important;border-right-color: #eaeaea !important;border-right-style: solid !important;}&#8221;][vc_column_text] MEVCUT HESAP [\/vc_column_text][\/vc_column_inner][vc_column_inner width=&#8221;1\/6&#8243; css=&#8221;.vc_custom_1452596819561{border-right-width: 1px !important;border-right-color: #eaeaea !important;border-right-style: solid !important;}&#8221;][vc_column_text] BANKA TRANSFER\u0130 [\/vc_column_text][\/vc_column_inner][vc_column_inner width=&#8221;1\/6&#8243; css=&#8221;.vc_custom_1452596949454{border-right-width: 1px !important;border-right-color: #eaeaea !important;border-right-style: solid !important;}&#8221;][vc_column_text] [&hellip;] ","protected":false},"author":24,"featured_media":0,"parent":0,"menu_order":0,"comment_status":"open","ping_status":"closed","template":"","meta":[],"_links":{"self":[{"href":"https:\/\/fabula.conform.it\/tr\/wp-json\/wp\/v2\/pages\/3799"}],"collection":[{"href":"https:\/\/fabula.conform.it\/tr\/wp-json\/wp\/v2\/pages"}],"about":[{"href":"https:\/\/fabula.conform.it\/tr\/wp-json\/wp\/v2\/types\/page"}],"author":[{"embeddable":true,"href":"https:\/\/fabula.conform.it\/tr\/wp-json\/wp\/v2\/users\/24"}],"replies":[{"embeddable":true,"href":"https:\/\/fabula.conform.it\/tr\/wp-json\/wp\/v2\/comments?post=3799"}],"version-history":[{"count":7,"href":"https:\/\/fabula.conform.it\/tr\/wp-json\/wp\/v2\/pages\/3799\/revisions"}],"predecessor-version":[{"id":4153,"href":"https:\/\/fabula.conform.it\/tr\/wp-json\/wp\/v2\/pages\/3799\/revisions\/4153"}],"wp:attachment":[{"href":"https:\/\/fabula.conform.it\/tr\/wp-json\/wp\/v2\/media?parent=3799"}],"curies":[{"name":"wp","href":"https:\/\/api.w.org\/{rel}","templated":true}]}}